{"id":1009,"date":"2024-11-01T15:22:05","date_gmt":"2024-11-01T15:22:05","guid":{"rendered":"https:\/\/wp.uisa.com.br\/pt-br\/?page_id=1009"},"modified":"2024-11-01T15:22:06","modified_gmt":"2024-11-01T15:22:06","slug":"social-2","status":"publish","type":"page","link":"https:\/\/wp.uisa.com.br\/pt-br\/social-2\/","title":{"rendered":"Social"},"content":{"rendered":"\n<figure class=\"wp-block-image size-full\"><img loading=\"lazy\" decoding=\"async\" width=\"2560\" height=\"1441\" src=\"https:\/\/wp.uisa.com.br\/wp-content\/uploads\/2024\/11\/socialBanner-1.jpg\" alt=\"\" class=\"wp-image-1010\" srcset=\"https:\/\/wp.uisa.com.br\/wp-content\/uploads\/2024\/11\/socialBanner-1.jpg 2560w, https:\/\/wp.uisa.com.br\/wp-content\/uploads\/2024\/11\/socialBanner-1-300x169.jpg 300w, https:\/\/wp.uisa.com.br\/wp-content\/uploads\/2024\/11\/socialBanner-1-1024x576.jpg 1024w, https:\/\/wp.uisa.com.br\/wp-content\/uploads\/2024\/11\/socialBanner-1-768x432.jpg 768w, https:\/\/wp.uisa.com.br\/wp-content\/uploads\/2024\/11\/socialBanner-1-1536x865.jpg 1536w, https:\/\/wp.uisa.com.br\/wp-content\/uploads\/2024\/11\/socialBanner-1-2048x1153.jpg 2048w\" sizes=\"auto, (max-width: 2560px) 100vw, 2560px\" \/><\/figure>\n\n\n\n<h2 class=\"wp-block-heading\">Cuidamos da nossa gente<\/h2>\n\n\n\n<p>Somos agente de mudan\u00e7a, com impacto social positivo nas comunidades onde atuamos. Priorizamos a sa\u00fade, seguran\u00e7a e bem-estar dos nossos profissionais, pois atuamos, diariamente, por um ambiente \u00e9tico, seguro e saud\u00e1vel.<\/p>\n\n\n\n<h2 class=\"wp-block-heading\">Cuidamos da nossa gente &#8211; cards<\/h2>\n\n\n\n<p>Mantenedora da Florescer A\u00e7\u00e3o Social.<\/p>\n\n\n\n<p>Programa interno de Diversidade e Inclus\u00e3o.<\/p>\n\n\n\n<p>+3.300 funcion\u00e1rios diretos e indiretos.<\/p>\n\n\n\n<p>A prioriza\u00e7\u00e3o do desenvolvimento do nosso p\u00fablico interno e da comunidade pode ser observada em nossa Pol\u00edtica de Responsabilidade Social e \u00e9 atestada por um projeto social pr\u00f3prio e em parceria com o Florescer A\u00e7\u00e3o Social. Isso demonstra nosso compromisso com as gera\u00e7\u00f5es futuras e com a constru\u00e7\u00e3o de um pa\u00eds mais justo e igualit\u00e1rio.<\/p>\n\n\n\n<h1 class=\"wp-block-heading\">Pol\u00edtica de Investimento Social Privado<\/h1>\n\n\n\n<p>A Pol\u00edtica de Investimento Social Privado da uisa normatiza que nossas a\u00e7\u00f5es sociais sejam direcionadas para as \u00e1reas de sa\u00fade, educa\u00e7\u00e3o, esporte, cultura e gera\u00e7\u00e3o de renda, com o objetivo de contribuir para o desenvolvimento da comunidade, atendendo \u00e0s necessidades apontadas pelos indicadores sociais locais. Al\u00e9m disso, buscamos garantir as melhores condi\u00e7\u00f5es de vida para nossas comunidades, promovendo uma sociedade mais justa e equilibrada. Todos os projetos sociais pr\u00f3prios ou apoiados pela empresa devem estar em conson\u00e2ncia com os nossos Objetivos de Desenvolvimento Sustent\u00e1vel.<\/p>\n\n\n\n<h2 class=\"wp-block-heading\">Frentes de investimento<\/h2>\n\n\n\n<p><strong>Projetos em parceria:\u00a0<\/strong>desenvolvidos por terceiros, com o nosso apoio.<\/p>\n\n\n\n<p><strong>Projetos pr\u00f3prios:\u00a0<\/strong>desenvolvidos pela \u00e1rea social.<\/p>\n\n\n\n<p><strong>Eventos pr\u00f3prios e em parceria:<\/strong>\u00a0desenvolvidos pela \u00e1rea social ou por terceiros, com o nosso apoio, nas mais diversas formas.<\/p>\n\n\n\n<p><strong>Doa\u00e7\u00f5es de bens e produtos:<\/strong>\u00a0destinadas a pessoas f\u00edsicas ou jur\u00eddicas, com finalidade social.<\/p>\n\n\n\n<p><strong>Programa de voluntariado:<\/strong>\u00a0Incentivamos nossos profissionais a atuarem como volunt\u00e1rios e somos parceiros em todos os projetos desenvolvidos pelo Florescer A\u00e7\u00e3o Social, constitu\u00eddo por nossos trabalhadores e pela comunidade.<\/p>\n\n\n\n<h2 class=\"wp-block-heading\">Responsabilidade social na pr\u00e1tica<\/h2>\n\n\n\n<p>Investimos em programas e projetos que beneficiam a nossa gente, para que tenham qualidade de vida dentro e fora da uisa.<\/p>\n\n\n\n<p>Tamb\u00e9m dedicamos esfor\u00e7os para promover oportunidades e desenvolvimento das comunidades em que atuamos e em nossas \u00e1reas de influ\u00eancia. Acreditamos que a gera\u00e7\u00e3o de valor compartilhado \u00e9 a chave para que todos cres\u00e7am e prosperem.<\/p>\n\n\n\n<p>Clique abaixo e conhe\u00e7a os programas e projetos que realizamos.<\/p>\n\n\n\n<figure class=\"wp-block-image size-full\"><img loading=\"lazy\" decoding=\"async\" width=\"1000\" height=\"667\" src=\"https:\/\/wp.uisa.com.br\/wp-content\/uploads\/2024\/11\/socialPratica.jpg\" alt=\"\" class=\"wp-image-1011\" srcset=\"https:\/\/wp.uisa.com.br\/wp-content\/uploads\/2024\/11\/socialPratica.jpg 1000w, https:\/\/wp.uisa.com.br\/wp-content\/uploads\/2024\/11\/socialPratica-300x200.jpg 300w, https:\/\/wp.uisa.com.br\/wp-content\/uploads\/2024\/11\/socialPratica-768x512.jpg 768w\" sizes=\"auto, (max-width: 1000px) 100vw, 1000px\" \/><\/figure>\n\n\n\n<h2 class=\"wp-block-heading\">Vidas que florescem<\/h2>\n\n\n\n<p>Fundada em 2006, a Florescer A\u00e7\u00e3o Social desenvolve a\u00e7\u00f5es e projetos que incentivam e fortalecem o desenvolvimento humano, social, educacional e cultural de crian\u00e7as, adolescentes e adultos das comunidades de Denise e Nova Ol\u00edmpia\/MT.<\/p>\n\n\n\n<p>A institui\u00e7\u00e3o conta com uma equipe de profissionais multidisciplinares, engajados na promo\u00e7\u00e3o de inclus\u00e3o social e em defesa dos direitos humanos. Nos 17 anos de atua\u00e7\u00e3o, mais de 34 mil vidas foram impactadas com as atividades.<\/p>\n\n\n\n<p>A uisa \u00e9 a principal mantenedora da institui\u00e7\u00e3o.<\/p>\n\n\n\n<figure class=\"wp-block-image size-full\"><img loading=\"lazy\" decoding=\"async\" width=\"1000\" height=\"563\" src=\"https:\/\/wp.uisa.com.br\/wp-content\/uploads\/2024\/11\/vidasFlorescem.jpg\" alt=\"\" class=\"wp-image-1012\" srcset=\"https:\/\/wp.uisa.com.br\/wp-content\/uploads\/2024\/11\/vidasFlorescem.jpg 1000w, https:\/\/wp.uisa.com.br\/wp-content\/uploads\/2024\/11\/vidasFlorescem-300x169.jpg 300w, https:\/\/wp.uisa.com.br\/wp-content\/uploads\/2024\/11\/vidasFlorescem-768x432.jpg 768w\" sizes=\"auto, (max-width: 1000px) 100vw, 1000px\" \/><\/figure>\n\n\n\n<h2 class=\"wp-block-heading\">Pr\u00eamio Melhores ONGs<\/h2>\n\n\n\n<p>A Florescer A\u00e7\u00e3o Social foi reconhecida entre as 100 Melhores ONGs do Brasil, um pr\u00eamio que avalia as organiza\u00e7\u00f5es com excel\u00eancia em gest\u00e3o, governan\u00e7a, sustentabilidade financeira e transpar\u00eancia.<\/p>\n","protected":false},"excerpt":{"rendered":"<p>Cuidamos da nossa gente Somos agente de mudan\u00e7a, com impacto social positivo nas comunidades onde atuamos. Priorizamos a sa\u00fade, seguran\u00e7a e bem-estar dos nossos profissionais, pois atuamos, diariamente, por um ambiente \u00e9tico, seguro e saud\u00e1vel. Cuidamos da nossa gente &#8211; cards Mantenedora da Florescer A\u00e7\u00e3o Social. Programa interno de Diversidade e Inclus\u00e3o. +3.300 funcion\u00e1rios diretos [&hellip;]<\/p>\n","protected":false},"author":3,"featured_media":0,"parent":0,"menu_order":0,"comment_status":"closed","ping_status":"closed","template":"","meta":{"footnotes":""},"class_list":["post-1009","page","type-page","status-publish","hentry"],"yoast_head":"<!-- This site is optimized with the Yoast SEO plugin v27.6 - https:\/\/yoast.com\/product\/yoast-seo-wordpress\/ -->\n<title>Social<\/title>\n<meta name=\"robots\" content=\"index, follow, max-snippet:-1, max-image-preview:large, max-video-preview:-1\" \/>\n<link rel=\"canonical\" href=\"https:\/\/wp.uisa.com.br\/pt-br\/social-2\/\" \/>\n<meta property=\"og:locale\" content=\"pt_BR\" \/>\n<meta property=\"og:locale:alternate\" content=\"en_US\" \/>\n<meta property=\"og:type\" content=\"article\" \/>\n<meta property=\"og:title\" content=\"Social\" \/>\n<meta property=\"og:description\" content=\"Cuidamos da nossa gente Somos agente de mudan\u00e7a, com impacto social positivo nas comunidades onde atuamos. Priorizamos a sa\u00fade, seguran\u00e7a e bem-estar dos nossos profissionais, pois atuamos, diariamente, por um ambiente \u00e9tico, seguro e saud\u00e1vel. Cuidamos da nossa gente &#8211; cards Mantenedora da Florescer A\u00e7\u00e3o Social. Programa interno de Diversidade e Inclus\u00e3o. +3.300 funcion\u00e1rios diretos [&hellip;]\" \/>\n<meta property=\"og:url\" content=\"https:\/\/wp.uisa.com.br\/pt-br\/social-2\/\" \/>\n<meta property=\"article:publisher\" content=\"https:\/\/www.facebook.com\/uisabiorrefinaria\" \/>\n<meta property=\"article:modified_time\" content=\"2024-11-01T15:22:06+00:00\" \/>\n<meta property=\"og:image\" content=\"https:\/\/wp.uisa.com.br\/wp-content\/uploads\/2024\/11\/socialBanner-1.jpg\" \/>\n\t<meta property=\"og:image:width\" content=\"2560\" \/>\n\t<meta property=\"og:image:height\" content=\"1441\" \/>\n\t<meta property=\"og:image:type\" content=\"image\/jpeg\" \/>\n<meta name=\"twitter:card\" content=\"summary_large_image\" \/>\n<meta name=\"twitter:label1\" content=\"Est. tempo de leitura\" \/>\n\t<meta name=\"twitter:data1\" content=\"4 minutos\" \/>\n<script type=\"application\/ld+json\" class=\"yoast-schema-graph\">{\"@context\":\"https:\\\/\\\/schema.org\",\"@graph\":[{\"@type\":\"WebPage\",\"@id\":\"https:\\\/\\\/wp.uisa.com.br\\\/pt-br\\\/social-2\\\/\",\"url\":\"https:\\\/\\\/wp.uisa.com.br\\\/pt-br\\\/social-2\\\/\",\"name\":\"Social\",\"isPartOf\":{\"@id\":\"https:\\\/\\\/wp.uisa.com.br\\\/pt-br\\\/#website\"},\"primaryImageOfPage\":{\"@id\":\"https:\\\/\\\/wp.uisa.com.br\\\/pt-br\\\/social-2\\\/#primaryimage\"},\"image\":{\"@id\":\"https:\\\/\\\/wp.uisa.com.br\\\/pt-br\\\/social-2\\\/#primaryimage\"},\"thumbnailUrl\":\"https:\\\/\\\/wp.uisa.com.br\\\/wp-content\\\/uploads\\\/2024\\\/11\\\/socialBanner-1.jpg\",\"datePublished\":\"2024-11-01T15:22:05+00:00\",\"dateModified\":\"2024-11-01T15:22:06+00:00\",\"inLanguage\":\"pt-br\",\"potentialAction\":[{\"@type\":\"ReadAction\",\"target\":[\"https:\\\/\\\/wp.uisa.com.br\\\/pt-br\\\/social-2\\\/\"]}]},{\"@type\":\"ImageObject\",\"inLanguage\":\"pt-br\",\"@id\":\"https:\\\/\\\/wp.uisa.com.br\\\/pt-br\\\/social-2\\\/#primaryimage\",\"url\":\"https:\\\/\\\/wp.uisa.com.br\\\/wp-content\\\/uploads\\\/2024\\\/11\\\/socialBanner-1.jpg\",\"contentUrl\":\"https:\\\/\\\/wp.uisa.com.br\\\/wp-content\\\/uploads\\\/2024\\\/11\\\/socialBanner-1.jpg\"},{\"@type\":\"WebSite\",\"@id\":\"https:\\\/\\\/wp.uisa.com.br\\\/pt-br\\\/#website\",\"url\":\"https:\\\/\\\/wp.uisa.com.br\\\/pt-br\\\/\",\"name\":\"uisa\",\"description\":\"\",\"publisher\":{\"@id\":\"https:\\\/\\\/wp.uisa.com.br\\\/pt-br\\\/#organization\"},\"potentialAction\":[{\"@type\":\"SearchAction\",\"target\":{\"@type\":\"EntryPoint\",\"urlTemplate\":\"https:\\\/\\\/wp.uisa.com.br\\\/pt-br\\\/?s={search_term_string}\"},\"query-input\":{\"@type\":\"PropertyValueSpecification\",\"valueRequired\":true,\"valueName\":\"search_term_string\"}}],\"inLanguage\":\"pt-br\"},{\"@type\":\"Organization\",\"@id\":\"https:\\\/\\\/wp.uisa.com.br\\\/pt-br\\\/#organization\",\"name\":\"uisa\",\"url\":\"https:\\\/\\\/wp.uisa.com.br\\\/pt-br\\\/\",\"logo\":{\"@type\":\"ImageObject\",\"inLanguage\":\"pt-br\",\"@id\":\"https:\\\/\\\/wp.uisa.com.br\\\/pt-br\\\/#\\\/schema\\\/logo\\\/image\\\/\",\"url\":\"https:\\\/\\\/wp.uisa.com.br\\\/wp-content\\\/uploads\\\/2024\\\/09\\\/uisa-dark.png\",\"contentUrl\":\"https:\\\/\\\/wp.uisa.com.br\\\/wp-content\\\/uploads\\\/2024\\\/09\\\/uisa-dark.png\",\"width\":827,\"height\":171,\"caption\":\"uisa\"},\"image\":{\"@id\":\"https:\\\/\\\/wp.uisa.com.br\\\/pt-br\\\/#\\\/schema\\\/logo\\\/image\\\/\"},\"sameAs\":[\"https:\\\/\\\/www.facebook.com\\\/uisabiorrefinaria\",\"https:\\\/\\\/www.instagram.com\\\/uisabiorrefinaria\",\"https:\\\/\\\/www.linkedin.com\\\/company\\\/uisa\",\"https:\\\/\\\/www.youtube.com\\\/@uisabiorrefinaria\"]}]}<\/script>\n<!-- \/ Yoast SEO plugin. -->","yoast_head_json":{"title":"Social","robots":{"index":"index","follow":"follow","max-snippet":"max-snippet:-1","max-image-preview":"max-image-preview:large","max-video-preview":"max-video-preview:-1"},"canonical":"https:\/\/wp.uisa.com.br\/pt-br\/social-2\/","og_locale":"pt_BR","og_type":"article","og_title":"[:pt-br]Social[:] -","og_description":"Cuidamos da nossa gente Somos agente de mudan\u00e7a, com impacto social positivo nas comunidades onde atuamos. Priorizamos a sa\u00fade, seguran\u00e7a e bem-estar dos nossos profissionais, pois atuamos, diariamente, por um ambiente \u00e9tico, seguro e saud\u00e1vel. Cuidamos da nossa gente &#8211; cards Mantenedora da Florescer A\u00e7\u00e3o Social. Programa interno de Diversidade e Inclus\u00e3o. +3.300 funcion\u00e1rios diretos [&hellip;]","og_url":"https:\/\/wp.uisa.com.br\/pt-br\/social-2\/","article_publisher":"https:\/\/www.facebook.com\/uisabiorrefinaria","article_modified_time":"2024-11-01T15:22:06+00:00","og_image":[{"width":2560,"height":1441,"url":"https:\/\/wp.uisa.com.br\/wp-content\/uploads\/2024\/11\/socialBanner-1.jpg","type":"image\/jpeg"}],"twitter_card":"summary_large_image","twitter_misc":{"Est. tempo de leitura":"4 minutos"},"schema":{"@context":"https:\/\/schema.org","@graph":[{"@type":"WebPage","@id":"https:\/\/wp.uisa.com.br\/pt-br\/social-2\/","url":"https:\/\/wp.uisa.com.br\/pt-br\/social-2\/","name":"Social","isPartOf":{"@id":"https:\/\/wp.uisa.com.br\/pt-br\/#website"},"primaryImageOfPage":{"@id":"https:\/\/wp.uisa.com.br\/pt-br\/social-2\/#primaryimage"},"image":{"@id":"https:\/\/wp.uisa.com.br\/pt-br\/social-2\/#primaryimage"},"thumbnailUrl":"https:\/\/wp.uisa.com.br\/wp-content\/uploads\/2024\/11\/socialBanner-1.jpg","datePublished":"2024-11-01T15:22:05+00:00","dateModified":"2024-11-01T15:22:06+00:00","inLanguage":"pt-br","potentialAction":[{"@type":"ReadAction","target":["https:\/\/wp.uisa.com.br\/pt-br\/social-2\/"]}]},{"@type":"ImageObject","inLanguage":"pt-br","@id":"https:\/\/wp.uisa.com.br\/pt-br\/social-2\/#primaryimage","url":"https:\/\/wp.uisa.com.br\/wp-content\/uploads\/2024\/11\/socialBanner-1.jpg","contentUrl":"https:\/\/wp.uisa.com.br\/wp-content\/uploads\/2024\/11\/socialBanner-1.jpg"},{"@type":"WebSite","@id":"https:\/\/wp.uisa.com.br\/pt-br\/#website","url":"https:\/\/wp.uisa.com.br\/pt-br\/","name":"uisa","description":"","publisher":{"@id":"https:\/\/wp.uisa.com.br\/pt-br\/#organization"},"potentialAction":[{"@type":"SearchAction","target":{"@type":"EntryPoint","urlTemplate":"https:\/\/wp.uisa.com.br\/pt-br\/?s={search_term_string}"},"query-input":{"@type":"PropertyValueSpecification","valueRequired":true,"valueName":"search_term_string"}}],"inLanguage":"pt-br"},{"@type":"Organization","@id":"https:\/\/wp.uisa.com.br\/pt-br\/#organization","name":"uisa","url":"https:\/\/wp.uisa.com.br\/pt-br\/","logo":{"@type":"ImageObject","inLanguage":"pt-br","@id":"https:\/\/wp.uisa.com.br\/pt-br\/#\/schema\/logo\/image\/","url":"https:\/\/wp.uisa.com.br\/wp-content\/uploads\/2024\/09\/uisa-dark.png","contentUrl":"https:\/\/wp.uisa.com.br\/wp-content\/uploads\/2024\/09\/uisa-dark.png","width":827,"height":171,"caption":"uisa"},"image":{"@id":"https:\/\/wp.uisa.com.br\/pt-br\/#\/schema\/logo\/image\/"},"sameAs":["https:\/\/www.facebook.com\/uisabiorrefinaria","https:\/\/www.instagram.com\/uisabiorrefinaria","https:\/\/www.linkedin.com\/company\/uisa","https:\/\/www.youtube.com\/@uisabiorrefinaria"]}]}},"featured_image_src":null,"featured_image_src_square":null,"_links":{"self":[{"href":"https:\/\/wp.uisa.com.br\/pt-br\/wp-json\/wp\/v2\/pages\/1009","targetHints":{"allow":["GET"]}}],"collection":[{"href":"https:\/\/wp.uisa.com.br\/pt-br\/wp-json\/wp\/v2\/pages"}],"about":[{"href":"https:\/\/wp.uisa.com.br\/pt-br\/wp-json\/wp\/v2\/types\/page"}],"author":[{"embeddable":true,"href":"https:\/\/wp.uisa.com.br\/pt-br\/wp-json\/wp\/v2\/users\/3"}],"replies":[{"embeddable":true,"href":"https:\/\/wp.uisa.com.br\/pt-br\/wp-json\/wp\/v2\/comments?post=1009"}],"version-history":[{"count":1,"href":"https:\/\/wp.uisa.com.br\/pt-br\/wp-json\/wp\/v2\/pages\/1009\/revisions"}],"predecessor-version":[{"id":1013,"href":"https:\/\/wp.uisa.com.br\/pt-br\/wp-json\/wp\/v2\/pages\/1009\/revisions\/1013"}],"wp:attachment":[{"href":"https:\/\/wp.uisa.com.br\/pt-br\/wp-json\/wp\/v2\/media?parent=1009"}],"curies":[{"name":"wp","href":"https:\/\/api.w.org\/{rel}","templated":true}]}}