{"id":1014,"date":"2024-11-01T15:27:24","date_gmt":"2024-11-01T15:27:24","guid":{"rendered":"https:\/\/wp.uisa.com.br\/pt-br\/?page_id=1014"},"modified":"2024-11-01T15:27:25","modified_gmt":"2024-11-01T15:27:25","slug":"governanca","status":"publish","type":"page","link":"https:\/\/wp.uisa.com.br\/pt-br\/governanca\/","title":{"rendered":"Governan\u00e7a"},"content":{"rendered":"\n<figure class=\"wp-block-image size-full is-resized\"><img loading=\"lazy\" decoding=\"async\" width=\"2000\" height=\"1125\" src=\"https:\/\/wp.uisa.com.br\/wp-content\/uploads\/2024\/11\/compromissosHeader.jpg\" alt=\"\" class=\"wp-image-1015\" style=\"width:983px;height:auto\" srcset=\"https:\/\/wp.uisa.com.br\/wp-content\/uploads\/2024\/11\/compromissosHeader.jpg 2000w, https:\/\/wp.uisa.com.br\/wp-content\/uploads\/2024\/11\/compromissosHeader-300x169.jpg 300w, https:\/\/wp.uisa.com.br\/wp-content\/uploads\/2024\/11\/compromissosHeader-1024x576.jpg 1024w, https:\/\/wp.uisa.com.br\/wp-content\/uploads\/2024\/11\/compromissosHeader-768x432.jpg 768w, https:\/\/wp.uisa.com.br\/wp-content\/uploads\/2024\/11\/compromissosHeader-1536x864.jpg 1536w\" sizes=\"auto, (max-width: 2000px) 100vw, 2000px\" \/><\/figure>\n\n\n\n<h2 class=\"wp-block-heading\">Integridade e Transpar\u00eancia<\/h2>\n\n\n\n<p>Exercemos nossas atividades com respeito \u00e1s leis e \u00e1s boas pr\u00e1ticas em nossa governa\u00e7a corporativa.<\/p>\n\n\n\n<p>Governan\u00e7a, \u00c9tica e Transpar\u00eancia s\u00e3o temas relacionados \u00e0 nossa estrutura de governan\u00e7a e compliance, \u00e0 transpar\u00eancia nas informa\u00e7\u00f5es internas e externas e ao gerenciamento de riscos em nossa cadeia de valor.<\/p>\n\n\n\n<p>A \u00e1rea de governan\u00e7a corporativa atua de acordo com os quatro princ\u00edpios b\u00e1sicos abaixo, que garantem complementaridade na aplica\u00e7\u00e3o das a\u00e7\u00f5es.<\/p>\n\n\n\n<p>Clique no bot\u00e3o abaixo e confira a composi\u00e7\u00e3o da governan\u00e7a da uisa, estrutura societ\u00e1ria, comit\u00eas, atas e estatuto.<\/p>\n\n\n\n<h2 class=\"wp-block-heading\">Integridade e Transpar\u00eancia &#8211; Cards<\/h2>\n\n\n\n<p>Governan\u00e7a aplicada \u00e0 nossa cadeia de valor<\/p>\n\n\n\n<p>Controle digitalizado de processos<\/p>\n\n\n\n<p>Gerenciamento de riscos<\/p>\n\n\n\n<p>Transpar\u00eancia<\/p>\n\n\n\n<p>Equidade<\/p>\n\n\n\n<p>Presta\u00e7\u00e3o de Contas<\/p>\n\n\n\n<p>Responsabilidade Corporativa<\/p>\n\n\n\n<figure class=\"wp-block-image size-full\"><img loading=\"lazy\" decoding=\"async\" width=\"1200\" height=\"800\" src=\"https:\/\/wp.uisa.com.br\/wp-content\/uploads\/2024\/11\/integridadeTransparencia50.jpg\" alt=\"\" class=\"wp-image-1016\" srcset=\"https:\/\/wp.uisa.com.br\/wp-content\/uploads\/2024\/11\/integridadeTransparencia50.jpg 1200w, https:\/\/wp.uisa.com.br\/wp-content\/uploads\/2024\/11\/integridadeTransparencia50-300x200.jpg 300w, https:\/\/wp.uisa.com.br\/wp-content\/uploads\/2024\/11\/integridadeTransparencia50-1024x683.jpg 1024w, https:\/\/wp.uisa.com.br\/wp-content\/uploads\/2024\/11\/integridadeTransparencia50-768x512.jpg 768w\" sizes=\"auto, (max-width: 1200px) 100vw, 1200px\" \/><\/figure>\n","protected":false},"excerpt":{"rendered":"<p>Integridade e Transpar\u00eancia Exercemos nossas atividades com respeito \u00e1s leis e \u00e1s boas pr\u00e1ticas em nossa governa\u00e7a corporativa. Governan\u00e7a, \u00c9tica e Transpar\u00eancia s\u00e3o temas relacionados \u00e0 nossa estrutura de governan\u00e7a e compliance, \u00e0 transpar\u00eancia nas informa\u00e7\u00f5es internas e externas e ao gerenciamento de riscos em nossa cadeia de valor. A \u00e1rea de governan\u00e7a corporativa atua [&hellip;]<\/p>\n","protected":false},"author":3,"featured_media":0,"parent":0,"menu_order":0,"comment_status":"closed","ping_status":"closed","template":"","meta":{"footnotes":""},"class_list":["post-1014","page","type-page","status-publish","hentry"],"yoast_head":"<!-- This site is optimized with the Yoast SEO plugin v27.6 - https:\/\/yoast.com\/product\/yoast-seo-wordpress\/ -->\n<title>Governan\u00e7a<\/title>\n<meta name=\"robots\" content=\"index, follow, max-snippet:-1, max-image-preview:large, max-video-preview:-1\" \/>\n<link rel=\"canonical\" href=\"https:\/\/wp.uisa.com.br\/pt-br\/governanca\/\" \/>\n<meta property=\"og:locale\" content=\"pt_BR\" \/>\n<meta property=\"og:locale:alternate\" content=\"en_US\" \/>\n<meta property=\"og:type\" content=\"article\" \/>\n<meta property=\"og:title\" content=\"Governan\u00e7a\" \/>\n<meta property=\"og:description\" content=\"Integridade e Transpar\u00eancia Exercemos nossas atividades com respeito \u00e1s leis e \u00e1s boas pr\u00e1ticas em nossa governa\u00e7a corporativa. Governan\u00e7a, \u00c9tica e Transpar\u00eancia s\u00e3o temas relacionados \u00e0 nossa estrutura de governan\u00e7a e compliance, \u00e0 transpar\u00eancia nas informa\u00e7\u00f5es internas e externas e ao gerenciamento de riscos em nossa cadeia de valor. A \u00e1rea de governan\u00e7a corporativa atua [&hellip;]\" \/>\n<meta property=\"og:url\" content=\"https:\/\/wp.uisa.com.br\/pt-br\/governanca\/\" \/>\n<meta property=\"article:publisher\" content=\"https:\/\/www.facebook.com\/uisabiorrefinaria\" \/>\n<meta property=\"article:modified_time\" content=\"2024-11-01T15:27:25+00:00\" \/>\n<meta property=\"og:image\" content=\"https:\/\/wp.uisa.com.br\/wp-content\/uploads\/2024\/11\/compromissosHeader.jpg\" \/>\n\t<meta property=\"og:image:width\" content=\"2000\" \/>\n\t<meta property=\"og:image:height\" content=\"1125\" \/>\n\t<meta property=\"og:image:type\" content=\"image\/jpeg\" \/>\n<meta name=\"twitter:card\" content=\"summary_large_image\" \/>\n<meta name=\"twitter:label1\" content=\"Est. tempo de leitura\" \/>\n\t<meta name=\"twitter:data1\" content=\"2 minutos\" \/>\n<script type=\"application\/ld+json\" class=\"yoast-schema-graph\">{\"@context\":\"https:\\\/\\\/schema.org\",\"@graph\":[{\"@type\":\"WebPage\",\"@id\":\"https:\\\/\\\/wp.uisa.com.br\\\/pt-br\\\/governanca\\\/\",\"url\":\"https:\\\/\\\/wp.uisa.com.br\\\/pt-br\\\/governanca\\\/\",\"name\":\"Governan\u00e7a\",\"isPartOf\":{\"@id\":\"https:\\\/\\\/wp.uisa.com.br\\\/pt-br\\\/#website\"},\"primaryImageOfPage\":{\"@id\":\"https:\\\/\\\/wp.uisa.com.br\\\/pt-br\\\/governanca\\\/#primaryimage\"},\"image\":{\"@id\":\"https:\\\/\\\/wp.uisa.com.br\\\/pt-br\\\/governanca\\\/#primaryimage\"},\"thumbnailUrl\":\"https:\\\/\\\/wp.uisa.com.br\\\/wp-content\\\/uploads\\\/2024\\\/11\\\/compromissosHeader.jpg\",\"datePublished\":\"2024-11-01T15:27:24+00:00\",\"dateModified\":\"2024-11-01T15:27:25+00:00\",\"inLanguage\":\"pt-br\",\"potentialAction\":[{\"@type\":\"ReadAction\",\"target\":[\"https:\\\/\\\/wp.uisa.com.br\\\/pt-br\\\/governanca\\\/\"]}]},{\"@type\":\"ImageObject\",\"inLanguage\":\"pt-br\",\"@id\":\"https:\\\/\\\/wp.uisa.com.br\\\/pt-br\\\/governanca\\\/#primaryimage\",\"url\":\"https:\\\/\\\/wp.uisa.com.br\\\/wp-content\\\/uploads\\\/2024\\\/11\\\/compromissosHeader.jpg\",\"contentUrl\":\"https:\\\/\\\/wp.uisa.com.br\\\/wp-content\\\/uploads\\\/2024\\\/11\\\/compromissosHeader.jpg\"},{\"@type\":\"WebSite\",\"@id\":\"https:\\\/\\\/wp.uisa.com.br\\\/pt-br\\\/#website\",\"url\":\"https:\\\/\\\/wp.uisa.com.br\\\/pt-br\\\/\",\"name\":\"uisa\",\"description\":\"\",\"publisher\":{\"@id\":\"https:\\\/\\\/wp.uisa.com.br\\\/pt-br\\\/#organization\"},\"potentialAction\":[{\"@type\":\"SearchAction\",\"target\":{\"@type\":\"EntryPoint\",\"urlTemplate\":\"https:\\\/\\\/wp.uisa.com.br\\\/pt-br\\\/?s={search_term_string}\"},\"query-input\":{\"@type\":\"PropertyValueSpecification\",\"valueRequired\":true,\"valueName\":\"search_term_string\"}}],\"inLanguage\":\"pt-br\"},{\"@type\":\"Organization\",\"@id\":\"https:\\\/\\\/wp.uisa.com.br\\\/pt-br\\\/#organization\",\"name\":\"uisa\",\"url\":\"https:\\\/\\\/wp.uisa.com.br\\\/pt-br\\\/\",\"logo\":{\"@type\":\"ImageObject\",\"inLanguage\":\"pt-br\",\"@id\":\"https:\\\/\\\/wp.uisa.com.br\\\/pt-br\\\/#\\\/schema\\\/logo\\\/image\\\/\",\"url\":\"https:\\\/\\\/wp.uisa.com.br\\\/wp-content\\\/uploads\\\/2024\\\/09\\\/uisa-dark.png\",\"contentUrl\":\"https:\\\/\\\/wp.uisa.com.br\\\/wp-content\\\/uploads\\\/2024\\\/09\\\/uisa-dark.png\",\"width\":827,\"height\":171,\"caption\":\"uisa\"},\"image\":{\"@id\":\"https:\\\/\\\/wp.uisa.com.br\\\/pt-br\\\/#\\\/schema\\\/logo\\\/image\\\/\"},\"sameAs\":[\"https:\\\/\\\/www.facebook.com\\\/uisabiorrefinaria\",\"https:\\\/\\\/www.instagram.com\\\/uisabiorrefinaria\",\"https:\\\/\\\/www.linkedin.com\\\/company\\\/uisa\",\"https:\\\/\\\/www.youtube.com\\\/@uisabiorrefinaria\"]}]}<\/script>\n<!-- \/ Yoast SEO plugin. -->","yoast_head_json":{"title":"Governan\u00e7a","robots":{"index":"index","follow":"follow","max-snippet":"max-snippet:-1","max-image-preview":"max-image-preview:large","max-video-preview":"max-video-preview:-1"},"canonical":"https:\/\/wp.uisa.com.br\/pt-br\/governanca\/","og_locale":"pt_BR","og_type":"article","og_title":"[:pt-br]Governan\u00e7a[:] -","og_description":"Integridade e Transpar\u00eancia Exercemos nossas atividades com respeito \u00e1s leis e \u00e1s boas pr\u00e1ticas em nossa governa\u00e7a corporativa. Governan\u00e7a, \u00c9tica e Transpar\u00eancia s\u00e3o temas relacionados \u00e0 nossa estrutura de governan\u00e7a e compliance, \u00e0 transpar\u00eancia nas informa\u00e7\u00f5es internas e externas e ao gerenciamento de riscos em nossa cadeia de valor. A \u00e1rea de governan\u00e7a corporativa atua [&hellip;]","og_url":"https:\/\/wp.uisa.com.br\/pt-br\/governanca\/","article_publisher":"https:\/\/www.facebook.com\/uisabiorrefinaria","article_modified_time":"2024-11-01T15:27:25+00:00","og_image":[{"width":2000,"height":1125,"url":"https:\/\/wp.uisa.com.br\/wp-content\/uploads\/2024\/11\/compromissosHeader.jpg","type":"image\/jpeg"}],"twitter_card":"summary_large_image","twitter_misc":{"Est. tempo de leitura":"2 minutos"},"schema":{"@context":"https:\/\/schema.org","@graph":[{"@type":"WebPage","@id":"https:\/\/wp.uisa.com.br\/pt-br\/governanca\/","url":"https:\/\/wp.uisa.com.br\/pt-br\/governanca\/","name":"Governan\u00e7a","isPartOf":{"@id":"https:\/\/wp.uisa.com.br\/pt-br\/#website"},"primaryImageOfPage":{"@id":"https:\/\/wp.uisa.com.br\/pt-br\/governanca\/#primaryimage"},"image":{"@id":"https:\/\/wp.uisa.com.br\/pt-br\/governanca\/#primaryimage"},"thumbnailUrl":"https:\/\/wp.uisa.com.br\/wp-content\/uploads\/2024\/11\/compromissosHeader.jpg","datePublished":"2024-11-01T15:27:24+00:00","dateModified":"2024-11-01T15:27:25+00:00","inLanguage":"pt-br","potentialAction":[{"@type":"ReadAction","target":["https:\/\/wp.uisa.com.br\/pt-br\/governanca\/"]}]},{"@type":"ImageObject","inLanguage":"pt-br","@id":"https:\/\/wp.uisa.com.br\/pt-br\/governanca\/#primaryimage","url":"https:\/\/wp.uisa.com.br\/wp-content\/uploads\/2024\/11\/compromissosHeader.jpg","contentUrl":"https:\/\/wp.uisa.com.br\/wp-content\/uploads\/2024\/11\/compromissosHeader.jpg"},{"@type":"WebSite","@id":"https:\/\/wp.uisa.com.br\/pt-br\/#website","url":"https:\/\/wp.uisa.com.br\/pt-br\/","name":"uisa","description":"","publisher":{"@id":"https:\/\/wp.uisa.com.br\/pt-br\/#organization"},"potentialAction":[{"@type":"SearchAction","target":{"@type":"EntryPoint","urlTemplate":"https:\/\/wp.uisa.com.br\/pt-br\/?s={search_term_string}"},"query-input":{"@type":"PropertyValueSpecification","valueRequired":true,"valueName":"search_term_string"}}],"inLanguage":"pt-br"},{"@type":"Organization","@id":"https:\/\/wp.uisa.com.br\/pt-br\/#organization","name":"uisa","url":"https:\/\/wp.uisa.com.br\/pt-br\/","logo":{"@type":"ImageObject","inLanguage":"pt-br","@id":"https:\/\/wp.uisa.com.br\/pt-br\/#\/schema\/logo\/image\/","url":"https:\/\/wp.uisa.com.br\/wp-content\/uploads\/2024\/09\/uisa-dark.png","contentUrl":"https:\/\/wp.uisa.com.br\/wp-content\/uploads\/2024\/09\/uisa-dark.png","width":827,"height":171,"caption":"uisa"},"image":{"@id":"https:\/\/wp.uisa.com.br\/pt-br\/#\/schema\/logo\/image\/"},"sameAs":["https:\/\/www.facebook.com\/uisabiorrefinaria","https:\/\/www.instagram.com\/uisabiorrefinaria","https:\/\/www.linkedin.com\/company\/uisa","https:\/\/www.youtube.com\/@uisabiorrefinaria"]}]}},"featured_image_src":null,"featured_image_src_square":null,"_links":{"self":[{"href":"https:\/\/wp.uisa.com.br\/pt-br\/wp-json\/wp\/v2\/pages\/1014","targetHints":{"allow":["GET"]}}],"collection":[{"href":"https:\/\/wp.uisa.com.br\/pt-br\/wp-json\/wp\/v2\/pages"}],"about":[{"href":"https:\/\/wp.uisa.com.br\/pt-br\/wp-json\/wp\/v2\/types\/page"}],"author":[{"embeddable":true,"href":"https:\/\/wp.uisa.com.br\/pt-br\/wp-json\/wp\/v2\/users\/3"}],"replies":[{"embeddable":true,"href":"https:\/\/wp.uisa.com.br\/pt-br\/wp-json\/wp\/v2\/comments?post=1014"}],"version-history":[{"count":1,"href":"https:\/\/wp.uisa.com.br\/pt-br\/wp-json\/wp\/v2\/pages\/1014\/revisions"}],"predecessor-version":[{"id":1017,"href":"https:\/\/wp.uisa.com.br\/pt-br\/wp-json\/wp\/v2\/pages\/1014\/revisions\/1017"}],"wp:attachment":[{"href":"https:\/\/wp.uisa.com.br\/pt-br\/wp-json\/wp\/v2\/media?parent=1014"}],"curies":[{"name":"wp","href":"https:\/\/api.w.org\/{rel}","templated":true}]}}