{"id":351,"date":"2024-10-18T20:22:19","date_gmt":"2024-10-18T20:22:19","guid":{"rendered":"https:\/\/wp.uisa.com.br\/pt-br\/?page_id=351"},"modified":"2024-12-05T15:37:49","modified_gmt":"2024-12-05T15:37:49","slug":"etanol","status":"publish","type":"page","link":"https:\/\/wp.uisa.com.br\/pt-br\/etanol\/","title":{"rendered":"Etanol"},"content":{"rendered":"\n<figure class=\"wp-block-image size-full\"><img loading=\"lazy\" decoding=\"async\" width=\"2560\" height=\"1707\" src=\"https:\/\/wp.uisa.com.br\/wp-content\/uploads\/2024\/10\/etanolHeader.jpg\" alt=\"\" class=\"wp-image-356\" srcset=\"https:\/\/wp.uisa.com.br\/wp-content\/uploads\/2024\/10\/etanolHeader.jpg 2560w, https:\/\/wp.uisa.com.br\/wp-content\/uploads\/2024\/10\/etanolHeader-300x200.jpg 300w, https:\/\/wp.uisa.com.br\/wp-content\/uploads\/2024\/10\/etanolHeader-1024x683.jpg 1024w, https:\/\/wp.uisa.com.br\/wp-content\/uploads\/2024\/10\/etanolHeader-768x512.jpg 768w, https:\/\/wp.uisa.com.br\/wp-content\/uploads\/2024\/10\/etanolHeader-1536x1024.jpg 1536w, https:\/\/wp.uisa.com.br\/wp-content\/uploads\/2024\/10\/etanolHeader-2048x1366.jpg 2048w\" sizes=\"auto, (max-width: 2560px) 100vw, 2560px\" \/><\/figure>\n\n\n\n<h2 class=\"wp-block-heading\">Biocombust\u00edvel de fonte renov\u00e1vel<\/h2>\n\n\n\n<p>O etanol \u00e9 um biocombust\u00edvel renov\u00e1vel, produzido a partir da cana-de-a\u00e7\u00facar. Com uma capacidade di\u00e1ria de produ\u00e7\u00e3o de 1.500 m\u00b3 de etanol e de armazenamento de 148.000 m\u00b3, a <strong>uisa <\/strong>fabrica o biocombust\u00edvel nas vers\u00f5es anidro e hidratado.<\/p>\n\n\n\n<p>A produ\u00e7\u00e3o do etanol segue rigorosos padr\u00f5es de qualidade, comprovados pelas certifica\u00e7\u00f5es ISO 9001, ISO 14001, FSSC 22000, Bonsucro, Renovabio e LCFS-CARB.<\/p>\n\n\n\n<div class=\"wp-block-buttons is-layout-flex wp-block-buttons-is-layout-flex\">\n<div class=\"wp-block-button\"><a class=\"wp-block-button__link wp-element-button\">Certifica\u00e7\u00f5es<\/a><\/div>\n<\/div>\n\n\n\n<figure class=\"wp-block-image size-full\"><img loading=\"lazy\" decoding=\"async\" width=\"1200\" height=\"566\" src=\"https:\/\/wp.uisa.com.br\/wp-content\/uploads\/2024\/10\/greenSugarCane.jpg\" alt=\"\" class=\"wp-image-352\" srcset=\"https:\/\/wp.uisa.com.br\/wp-content\/uploads\/2024\/10\/greenSugarCane.jpg 1200w, https:\/\/wp.uisa.com.br\/wp-content\/uploads\/2024\/10\/greenSugarCane-300x142.jpg 300w, https:\/\/wp.uisa.com.br\/wp-content\/uploads\/2024\/10\/greenSugarCane-1024x483.jpg 1024w, https:\/\/wp.uisa.com.br\/wp-content\/uploads\/2024\/10\/greenSugarCane-768x362.jpg 768w\" sizes=\"auto, (max-width: 1200px) 100vw, 1200px\" \/><\/figure>\n\n\n\n<h2 class=\"wp-block-heading\">#VaiDeEtanol<\/h2>\n\n\n\n<p>Como agentes de transforma\u00e7\u00e3o, a <strong>uisa <\/strong>apoia a campanha #vaideetanol, da Unica &#8211; Uni\u00e3o da Ind\u00fastria de Cana-de-A\u00e7\u00facar e Bioenergia, e acredita que escolhas sustent\u00e1veis mudam o mundo.<\/p>\n\n\n\n<figure class=\"wp-block-image size-full\"><img loading=\"lazy\" decoding=\"async\" width=\"920\" height=\"920\" src=\"https:\/\/wp.uisa.com.br\/wp-content\/uploads\/2024\/10\/Vai-de-Etanol@300x.png\" alt=\"\" class=\"wp-image-354\" srcset=\"https:\/\/wp.uisa.com.br\/wp-content\/uploads\/2024\/10\/Vai-de-Etanol@300x.png 920w, https:\/\/wp.uisa.com.br\/wp-content\/uploads\/2024\/10\/Vai-de-Etanol@300x-300x300.png 300w, https:\/\/wp.uisa.com.br\/wp-content\/uploads\/2024\/10\/Vai-de-Etanol@300x-150x150.png 150w, https:\/\/wp.uisa.com.br\/wp-content\/uploads\/2024\/10\/Vai-de-Etanol@300x-768x768.png 768w\" sizes=\"auto, (max-width: 920px) 100vw, 920px\" \/><\/figure>\n\n\n\n<figure class=\"wp-block-image size-full\"><img loading=\"lazy\" decoding=\"async\" width=\"1200\" height=\"1200\" src=\"https:\/\/wp.uisa.com.br\/wp-content\/uploads\/2024\/10\/Rafael-Portugal@300x.png\" alt=\"\" class=\"wp-image-353\" srcset=\"https:\/\/wp.uisa.com.br\/wp-content\/uploads\/2024\/10\/Rafael-Portugal@300x.png 1200w, https:\/\/wp.uisa.com.br\/wp-content\/uploads\/2024\/10\/Rafael-Portugal@300x-300x300.png 300w, https:\/\/wp.uisa.com.br\/wp-content\/uploads\/2024\/10\/Rafael-Portugal@300x-1024x1024.png 1024w, https:\/\/wp.uisa.com.br\/wp-content\/uploads\/2024\/10\/Rafael-Portugal@300x-150x150.png 150w, https:\/\/wp.uisa.com.br\/wp-content\/uploads\/2024\/10\/Rafael-Portugal@300x-768x768.png 768w\" sizes=\"auto, (max-width: 1200px) 100vw, 1200px\" \/><\/figure>\n\n\n\n<figure class=\"wp-block-embed is-type-video is-provider-youtube wp-block-embed-youtube wp-embed-aspect-16-9 wp-has-aspect-ratio\"><div class=\"wp-block-embed__wrapper\">\n<iframe loading=\"lazy\" title=\"#VAI DE ETANOL\" width=\"500\" height=\"281\" src=\"https:\/\/www.youtube.com\/embed\/6hFtMvYXBWo?feature=oembed\" frameborder=\"0\" allow=\"accelerometer; autoplay; clipboard-write; encrypted-media; gyroscope; picture-in-picture; web-share\" referrerpolicy=\"strict-origin-when-cross-origin\" allowfullscreen><\/iframe>\n<\/div><\/figure>\n\n\n\n<div class=\"wp-block-buttons is-layout-flex wp-block-buttons-is-layout-flex\">\n<div class=\"wp-block-button\"><a class=\"wp-block-button__link wp-element-button\">Saiba mais<\/a><\/div>\n<\/div>\n\n\n\n<h2 class=\"wp-block-heading\">Etanol de milho<\/h2>\n\n\n\n<p>A <strong>Uisa <\/strong>prev\u00ea a constru\u00e7\u00e3o de uma planta para a produ\u00e7\u00e3o de etanol de milho, uma mat\u00e9ria-prima abundante na regi\u00e3o Centro-Oeste.<\/p>\n\n\n\n<p>Simultaneamente, a Companhia passar\u00e1 a fabricar DDG (gr\u00e3os secos de destilaria), um concentrado proteico que substitui os farelos de soja e milho na alimenta\u00e7\u00e3o animal, sendo um coproduto originado no processamento do milho para a obten\u00e7\u00e3o de etanol. O \u00f3leo de milho, outro coproduto resultante desse processo, \u00e9 utilizado na nutri\u00e7\u00e3o animal, na produ\u00e7\u00e3o de biodiesel e na ind\u00fastria de tintas.<\/p>\n\n\n\n<figure class=\"wp-block-image size-full\"><img loading=\"lazy\" decoding=\"async\" width=\"1800\" height=\"1202\" src=\"https:\/\/wp.uisa.com.br\/wp-content\/uploads\/2024\/10\/cobs-of-corn-2023-11-27-04-57-58-utc.jpg\" alt=\"\" class=\"wp-image-355\" srcset=\"https:\/\/wp.uisa.com.br\/wp-content\/uploads\/2024\/10\/cobs-of-corn-2023-11-27-04-57-58-utc.jpg 1800w, https:\/\/wp.uisa.com.br\/wp-content\/uploads\/2024\/10\/cobs-of-corn-2023-11-27-04-57-58-utc-300x200.jpg 300w, https:\/\/wp.uisa.com.br\/wp-content\/uploads\/2024\/10\/cobs-of-corn-2023-11-27-04-57-58-utc-1024x684.jpg 1024w, https:\/\/wp.uisa.com.br\/wp-content\/uploads\/2024\/10\/cobs-of-corn-2023-11-27-04-57-58-utc-768x513.jpg 768w, https:\/\/wp.uisa.com.br\/wp-content\/uploads\/2024\/10\/cobs-of-corn-2023-11-27-04-57-58-utc-1536x1026.jpg 1536w\" sizes=\"auto, (max-width: 1800px) 100vw, 1800px\" \/><\/figure>\n","protected":false},"excerpt":{"rendered":"<p>Biocombust\u00edvel de fonte renov\u00e1vel O etanol \u00e9 um biocombust\u00edvel renov\u00e1vel, produzido a partir da cana-de-a\u00e7\u00facar. Com uma capacidade di\u00e1ria de produ\u00e7\u00e3o de 1.500 m\u00b3 de etanol e de armazenamento de 148.000 m\u00b3, a uisa fabrica o biocombust\u00edvel nas vers\u00f5es anidro e hidratado. A produ\u00e7\u00e3o do etanol segue rigorosos padr\u00f5es de qualidade, comprovados pelas certifica\u00e7\u00f5es ISO [&hellip;]<\/p>\n","protected":false},"author":2,"featured_media":0,"parent":0,"menu_order":0,"comment_status":"closed","ping_status":"closed","template":"","meta":{"footnotes":""},"class_list":["post-351","page","type-page","status-publish","hentry"],"yoast_head":"<!-- This site is optimized with the Yoast SEO plugin v27.6 - https:\/\/yoast.com\/product\/yoast-seo-wordpress\/ -->\n<title>Etanol<\/title>\n<meta name=\"robots\" content=\"index, follow, max-snippet:-1, max-image-preview:large, max-video-preview:-1\" \/>\n<link rel=\"canonical\" href=\"https:\/\/wp.uisa.com.br\/pt-br\/etanol\/\" \/>\n<meta property=\"og:locale\" content=\"pt_BR\" \/>\n<meta property=\"og:locale:alternate\" content=\"en_US\" \/>\n<meta property=\"og:type\" content=\"article\" \/>\n<meta property=\"og:title\" content=\"Etanol\" \/>\n<meta property=\"og:description\" content=\"Biocombust\u00edvel de fonte renov\u00e1vel O etanol \u00e9 um biocombust\u00edvel renov\u00e1vel, produzido a partir da cana-de-a\u00e7\u00facar. Com uma capacidade di\u00e1ria de produ\u00e7\u00e3o de 1.500 m\u00b3 de etanol e de armazenamento de 148.000 m\u00b3, a uisa fabrica o biocombust\u00edvel nas vers\u00f5es anidro e hidratado. A produ\u00e7\u00e3o do etanol segue rigorosos padr\u00f5es de qualidade, comprovados pelas certifica\u00e7\u00f5es ISO [&hellip;]\" \/>\n<meta property=\"og:url\" content=\"https:\/\/wp.uisa.com.br\/pt-br\/etanol\/\" \/>\n<meta property=\"article:publisher\" content=\"https:\/\/www.facebook.com\/uisabiorrefinaria\" \/>\n<meta property=\"article:modified_time\" content=\"2024-12-05T15:37:49+00:00\" \/>\n<meta property=\"og:image\" content=\"https:\/\/wp.uisa.com.br\/wp-content\/uploads\/2024\/10\/etanolHeader.jpg\" \/>\n\t<meta property=\"og:image:width\" content=\"2560\" \/>\n\t<meta property=\"og:image:height\" content=\"1707\" \/>\n\t<meta property=\"og:image:type\" content=\"image\/jpeg\" \/>\n<meta name=\"twitter:card\" content=\"summary_large_image\" \/>\n<meta name=\"twitter:label1\" content=\"Est. tempo de leitura\" \/>\n\t<meta name=\"twitter:data1\" content=\"2 minutos\" \/>\n<script type=\"application\/ld+json\" class=\"yoast-schema-graph\">{\"@context\":\"https:\\\/\\\/schema.org\",\"@graph\":[{\"@type\":\"WebPage\",\"@id\":\"https:\\\/\\\/wp.uisa.com.br\\\/pt-br\\\/etanol\\\/\",\"url\":\"https:\\\/\\\/wp.uisa.com.br\\\/pt-br\\\/etanol\\\/\",\"name\":\"Etanol\",\"isPartOf\":{\"@id\":\"https:\\\/\\\/wp.uisa.com.br\\\/pt-br\\\/#website\"},\"primaryImageOfPage\":{\"@id\":\"https:\\\/\\\/wp.uisa.com.br\\\/pt-br\\\/etanol\\\/#primaryimage\"},\"image\":{\"@id\":\"https:\\\/\\\/wp.uisa.com.br\\\/pt-br\\\/etanol\\\/#primaryimage\"},\"thumbnailUrl\":\"https:\\\/\\\/wp.uisa.com.br\\\/wp-content\\\/uploads\\\/2024\\\/10\\\/etanolHeader.jpg\",\"datePublished\":\"2024-10-18T20:22:19+00:00\",\"dateModified\":\"2024-12-05T15:37:49+00:00\",\"inLanguage\":\"pt-br\",\"potentialAction\":[{\"@type\":\"ReadAction\",\"target\":[\"https:\\\/\\\/wp.uisa.com.br\\\/pt-br\\\/etanol\\\/\"]}]},{\"@type\":\"ImageObject\",\"inLanguage\":\"pt-br\",\"@id\":\"https:\\\/\\\/wp.uisa.com.br\\\/pt-br\\\/etanol\\\/#primaryimage\",\"url\":\"https:\\\/\\\/wp.uisa.com.br\\\/wp-content\\\/uploads\\\/2024\\\/10\\\/etanolHeader.jpg\",\"contentUrl\":\"https:\\\/\\\/wp.uisa.com.br\\\/wp-content\\\/uploads\\\/2024\\\/10\\\/etanolHeader.jpg\"},{\"@type\":\"WebSite\",\"@id\":\"https:\\\/\\\/wp.uisa.com.br\\\/pt-br\\\/#website\",\"url\":\"https:\\\/\\\/wp.uisa.com.br\\\/pt-br\\\/\",\"name\":\"uisa\",\"description\":\"\",\"publisher\":{\"@id\":\"https:\\\/\\\/wp.uisa.com.br\\\/pt-br\\\/#organization\"},\"potentialAction\":[{\"@type\":\"SearchAction\",\"target\":{\"@type\":\"EntryPoint\",\"urlTemplate\":\"https:\\\/\\\/wp.uisa.com.br\\\/pt-br\\\/?s={search_term_string}\"},\"query-input\":{\"@type\":\"PropertyValueSpecification\",\"valueRequired\":true,\"valueName\":\"search_term_string\"}}],\"inLanguage\":\"pt-br\"},{\"@type\":\"Organization\",\"@id\":\"https:\\\/\\\/wp.uisa.com.br\\\/pt-br\\\/#organization\",\"name\":\"uisa\",\"url\":\"https:\\\/\\\/wp.uisa.com.br\\\/pt-br\\\/\",\"logo\":{\"@type\":\"ImageObject\",\"inLanguage\":\"pt-br\",\"@id\":\"https:\\\/\\\/wp.uisa.com.br\\\/pt-br\\\/#\\\/schema\\\/logo\\\/image\\\/\",\"url\":\"https:\\\/\\\/wp.uisa.com.br\\\/wp-content\\\/uploads\\\/2024\\\/09\\\/uisa-dark.png\",\"contentUrl\":\"https:\\\/\\\/wp.uisa.com.br\\\/wp-content\\\/uploads\\\/2024\\\/09\\\/uisa-dark.png\",\"width\":827,\"height\":171,\"caption\":\"uisa\"},\"image\":{\"@id\":\"https:\\\/\\\/wp.uisa.com.br\\\/pt-br\\\/#\\\/schema\\\/logo\\\/image\\\/\"},\"sameAs\":[\"https:\\\/\\\/www.facebook.com\\\/uisabiorrefinaria\",\"https:\\\/\\\/www.instagram.com\\\/uisabiorrefinaria\",\"https:\\\/\\\/www.linkedin.com\\\/company\\\/uisa\",\"https:\\\/\\\/www.youtube.com\\\/@uisabiorrefinaria\"]}]}<\/script>\n<!-- \/ Yoast SEO plugin. -->","yoast_head_json":{"title":"Etanol","robots":{"index":"index","follow":"follow","max-snippet":"max-snippet:-1","max-image-preview":"max-image-preview:large","max-video-preview":"max-video-preview:-1"},"canonical":"https:\/\/wp.uisa.com.br\/pt-br\/etanol\/","og_locale":"pt_BR","og_type":"article","og_title":"[:pt-br]Etanol[:] -","og_description":"Biocombust\u00edvel de fonte renov\u00e1vel O etanol \u00e9 um biocombust\u00edvel renov\u00e1vel, produzido a partir da cana-de-a\u00e7\u00facar. Com uma capacidade di\u00e1ria de produ\u00e7\u00e3o de 1.500 m\u00b3 de etanol e de armazenamento de 148.000 m\u00b3, a uisa fabrica o biocombust\u00edvel nas vers\u00f5es anidro e hidratado. A produ\u00e7\u00e3o do etanol segue rigorosos padr\u00f5es de qualidade, comprovados pelas certifica\u00e7\u00f5es ISO [&hellip;]","og_url":"https:\/\/wp.uisa.com.br\/pt-br\/etanol\/","article_publisher":"https:\/\/www.facebook.com\/uisabiorrefinaria","article_modified_time":"2024-12-05T15:37:49+00:00","og_image":[{"width":2560,"height":1707,"url":"https:\/\/wp.uisa.com.br\/wp-content\/uploads\/2024\/10\/etanolHeader.jpg","type":"image\/jpeg"}],"twitter_card":"summary_large_image","twitter_misc":{"Est. tempo de leitura":"2 minutos"},"schema":{"@context":"https:\/\/schema.org","@graph":[{"@type":"WebPage","@id":"https:\/\/wp.uisa.com.br\/pt-br\/etanol\/","url":"https:\/\/wp.uisa.com.br\/pt-br\/etanol\/","name":"Etanol","isPartOf":{"@id":"https:\/\/wp.uisa.com.br\/pt-br\/#website"},"primaryImageOfPage":{"@id":"https:\/\/wp.uisa.com.br\/pt-br\/etanol\/#primaryimage"},"image":{"@id":"https:\/\/wp.uisa.com.br\/pt-br\/etanol\/#primaryimage"},"thumbnailUrl":"https:\/\/wp.uisa.com.br\/wp-content\/uploads\/2024\/10\/etanolHeader.jpg","datePublished":"2024-10-18T20:22:19+00:00","dateModified":"2024-12-05T15:37:49+00:00","inLanguage":"pt-br","potentialAction":[{"@type":"ReadAction","target":["https:\/\/wp.uisa.com.br\/pt-br\/etanol\/"]}]},{"@type":"ImageObject","inLanguage":"pt-br","@id":"https:\/\/wp.uisa.com.br\/pt-br\/etanol\/#primaryimage","url":"https:\/\/wp.uisa.com.br\/wp-content\/uploads\/2024\/10\/etanolHeader.jpg","contentUrl":"https:\/\/wp.uisa.com.br\/wp-content\/uploads\/2024\/10\/etanolHeader.jpg"},{"@type":"WebSite","@id":"https:\/\/wp.uisa.com.br\/pt-br\/#website","url":"https:\/\/wp.uisa.com.br\/pt-br\/","name":"uisa","description":"","publisher":{"@id":"https:\/\/wp.uisa.com.br\/pt-br\/#organization"},"potentialAction":[{"@type":"SearchAction","target":{"@type":"EntryPoint","urlTemplate":"https:\/\/wp.uisa.com.br\/pt-br\/?s={search_term_string}"},"query-input":{"@type":"PropertyValueSpecification","valueRequired":true,"valueName":"search_term_string"}}],"inLanguage":"pt-br"},{"@type":"Organization","@id":"https:\/\/wp.uisa.com.br\/pt-br\/#organization","name":"uisa","url":"https:\/\/wp.uisa.com.br\/pt-br\/","logo":{"@type":"ImageObject","inLanguage":"pt-br","@id":"https:\/\/wp.uisa.com.br\/pt-br\/#\/schema\/logo\/image\/","url":"https:\/\/wp.uisa.com.br\/wp-content\/uploads\/2024\/09\/uisa-dark.png","contentUrl":"https:\/\/wp.uisa.com.br\/wp-content\/uploads\/2024\/09\/uisa-dark.png","width":827,"height":171,"caption":"uisa"},"image":{"@id":"https:\/\/wp.uisa.com.br\/pt-br\/#\/schema\/logo\/image\/"},"sameAs":["https:\/\/www.facebook.com\/uisabiorrefinaria","https:\/\/www.instagram.com\/uisabiorrefinaria","https:\/\/www.linkedin.com\/company\/uisa","https:\/\/www.youtube.com\/@uisabiorrefinaria"]}]}},"featured_image_src":null,"featured_image_src_square":null,"_links":{"self":[{"href":"https:\/\/wp.uisa.com.br\/pt-br\/wp-json\/wp\/v2\/pages\/351","targetHints":{"allow":["GET"]}}],"collection":[{"href":"https:\/\/wp.uisa.com.br\/pt-br\/wp-json\/wp\/v2\/pages"}],"about":[{"href":"https:\/\/wp.uisa.com.br\/pt-br\/wp-json\/wp\/v2\/types\/page"}],"author":[{"embeddable":true,"href":"https:\/\/wp.uisa.com.br\/pt-br\/wp-json\/wp\/v2\/users\/2"}],"replies":[{"embeddable":true,"href":"https:\/\/wp.uisa.com.br\/pt-br\/wp-json\/wp\/v2\/comments?post=351"}],"version-history":[{"count":9,"href":"https:\/\/wp.uisa.com.br\/pt-br\/wp-json\/wp\/v2\/pages\/351\/revisions"}],"predecessor-version":[{"id":1042,"href":"https:\/\/wp.uisa.com.br\/pt-br\/wp-json\/wp\/v2\/pages\/351\/revisions\/1042"}],"wp:attachment":[{"href":"https:\/\/wp.uisa.com.br\/pt-br\/wp-json\/wp\/v2\/media?parent=351"}],"curies":[{"name":"wp","href":"https:\/\/api.w.org\/{rel}","templated":true}]}}