{"id":369,"date":"2024-10-31T17:31:01","date_gmt":"2024-10-31T17:31:01","guid":{"rendered":"https:\/\/wp.uisa.com.br\/pt-br\/?page_id=369"},"modified":"2024-10-31T17:31:02","modified_gmt":"2024-10-31T17:31:02","slug":"ene","status":"publish","type":"page","link":"https:\/\/wp.uisa.com.br\/pt-br\/ene\/","title":{"rendered":"Energia El\u00e9trica"},"content":{"rendered":"\n<figure class=\"wp-block-image size-full\"><img loading=\"lazy\" decoding=\"async\" width=\"2560\" height=\"1707\" src=\"https:\/\/wp.uisa.com.br\/wp-content\/uploads\/2024\/10\/high-voltage-tower-with-electric-power-lines-at-su-2023-11-27-05-32-34-utc.jpg\" alt=\"\" class=\"wp-image-446\" srcset=\"https:\/\/wp.uisa.com.br\/wp-content\/uploads\/2024\/10\/high-voltage-tower-with-electric-power-lines-at-su-2023-11-27-05-32-34-utc.jpg 2560w, https:\/\/wp.uisa.com.br\/wp-content\/uploads\/2024\/10\/high-voltage-tower-with-electric-power-lines-at-su-2023-11-27-05-32-34-utc-300x200.jpg 300w, https:\/\/wp.uisa.com.br\/wp-content\/uploads\/2024\/10\/high-voltage-tower-with-electric-power-lines-at-su-2023-11-27-05-32-34-utc-1024x683.jpg 1024w, https:\/\/wp.uisa.com.br\/wp-content\/uploads\/2024\/10\/high-voltage-tower-with-electric-power-lines-at-su-2023-11-27-05-32-34-utc-768x512.jpg 768w, https:\/\/wp.uisa.com.br\/wp-content\/uploads\/2024\/10\/high-voltage-tower-with-electric-power-lines-at-su-2023-11-27-05-32-34-utc-1536x1024.jpg 1536w, https:\/\/wp.uisa.com.br\/wp-content\/uploads\/2024\/10\/high-voltage-tower-with-electric-power-lines-at-su-2023-11-27-05-32-34-utc-2048x1366.jpg 2048w\" sizes=\"auto, (max-width: 2560px) 100vw, 2560px\" \/><\/figure>\n\n\n\n<h2 class=\"wp-block-heading\">Energia de fonte renov\u00e1vel<\/h2>\n\n\n\n<p>Geramos energia el\u00e9trica a partir do baga\u00e7o da cana-de-a\u00e7\u00facar desde 1993, para consumo pr\u00f3prio e comercializamos o excedente para distribuidoras de energia.<\/p>\n\n\n\n<p>A energia renov\u00e1vel \u00e9 gerada, na uisa, a partir de robustos padr\u00f5es de qualidade, comprovados por meio das certifica\u00e7\u00f5es I-REC, ISO 9001 e ISO 14001.<\/p>\n\n\n\n<p><\/p>\n\n\n\n<h2 class=\"wp-block-heading\">Cards<\/h2>\n\n\n\n<p>Energia sustent\u00e1vel, de fonte renov\u00e1vel.<\/p>\n\n\n\n<p>Aproveitamento do baga\u00e7o de cana-de-a\u00e7\u00facar.<\/p>\n\n\n\n<p>Desde 2001, comercializamos o excedente de energia para concession\u00e1rias, por meio do Sistema Integrado Nacional \u2013 SIN.<\/p>\n\n\n\n<figure class=\"wp-block-image size-full\"><img loading=\"lazy\" decoding=\"async\" width=\"2560\" height=\"1698\" src=\"https:\/\/wp.uisa.com.br\/wp-content\/uploads\/2024\/10\/bgEnergia.jpg\" alt=\"\" class=\"wp-image-370\" srcset=\"https:\/\/wp.uisa.com.br\/wp-content\/uploads\/2024\/10\/bgEnergia.jpg 2560w, https:\/\/wp.uisa.com.br\/wp-content\/uploads\/2024\/10\/bgEnergia-300x199.jpg 300w, https:\/\/wp.uisa.com.br\/wp-content\/uploads\/2024\/10\/bgEnergia-1024x679.jpg 1024w, https:\/\/wp.uisa.com.br\/wp-content\/uploads\/2024\/10\/bgEnergia-768x509.jpg 768w, https:\/\/wp.uisa.com.br\/wp-content\/uploads\/2024\/10\/bgEnergia-1536x1019.jpg 1536w, https:\/\/wp.uisa.com.br\/wp-content\/uploads\/2024\/10\/bgEnergia-2048x1358.jpg 2048w\" sizes=\"auto, (max-width: 2560px) 100vw, 2560px\" \/><\/figure>\n\n\n\n<h2 class=\"wp-block-heading\">I-REC<\/h2>\n\n\n\n<p>Como detentores do selo International REC Standard (I-REC), que atesta a nossa produ\u00e7\u00e3o de energia renov\u00e1vel, negociamos certificados de RECs na plataforma da C\u00e2mara de Comercializa\u00e7\u00e3o de Energia El\u00e9trica &#8211; CCEE.<\/p>\n","protected":false},"excerpt":{"rendered":"<p>Energia de fonte renov\u00e1vel Geramos energia el\u00e9trica a partir do baga\u00e7o da cana-de-a\u00e7\u00facar desde 1993, para consumo pr\u00f3prio e comercializamos o excedente para distribuidoras de energia. A energia renov\u00e1vel \u00e9 gerada, na uisa, a partir de robustos padr\u00f5es de qualidade, comprovados por meio das certifica\u00e7\u00f5es I-REC, ISO 9001 e ISO 14001. Cards Energia sustent\u00e1vel, de [&hellip;]<\/p>\n","protected":false},"author":3,"featured_media":0,"parent":0,"menu_order":0,"comment_status":"closed","ping_status":"closed","template":"","meta":{"footnotes":""},"class_list":["post-369","page","type-page","status-publish","hentry"],"yoast_head":"<!-- This site is optimized with the Yoast SEO plugin v27.6 - https:\/\/yoast.com\/product\/yoast-seo-wordpress\/ -->\n<title>Energia El\u00e9trica<\/title>\n<meta name=\"robots\" content=\"index, follow, max-snippet:-1, max-image-preview:large, max-video-preview:-1\" \/>\n<link rel=\"canonical\" href=\"https:\/\/wp.uisa.com.br\/pt-br\/ene\/\" \/>\n<meta property=\"og:locale\" content=\"pt_BR\" \/>\n<meta property=\"og:locale:alternate\" content=\"en_US\" \/>\n<meta property=\"og:type\" content=\"article\" \/>\n<meta property=\"og:title\" content=\"Energia El\u00e9trica\" \/>\n<meta property=\"og:description\" content=\"Energia de fonte renov\u00e1vel Geramos energia el\u00e9trica a partir do baga\u00e7o da cana-de-a\u00e7\u00facar desde 1993, para consumo pr\u00f3prio e comercializamos o excedente para distribuidoras de energia. A energia renov\u00e1vel \u00e9 gerada, na uisa, a partir de robustos padr\u00f5es de qualidade, comprovados por meio das certifica\u00e7\u00f5es I-REC, ISO 9001 e ISO 14001. Cards Energia sustent\u00e1vel, de [&hellip;]\" \/>\n<meta property=\"og:url\" content=\"https:\/\/wp.uisa.com.br\/pt-br\/ene\/\" \/>\n<meta property=\"article:publisher\" content=\"https:\/\/www.facebook.com\/uisabiorrefinaria\" \/>\n<meta property=\"article:modified_time\" content=\"2024-10-31T17:31:02+00:00\" \/>\n<meta property=\"og:image\" content=\"https:\/\/wp.uisa.com.br\/wp-content\/uploads\/2024\/10\/high-voltage-tower-with-electric-power-lines-at-su-2023-11-27-05-32-34-utc.jpg\" \/>\n\t<meta property=\"og:image:width\" content=\"2560\" \/>\n\t<meta property=\"og:image:height\" content=\"1707\" \/>\n\t<meta property=\"og:image:type\" content=\"image\/jpeg\" \/>\n<meta name=\"twitter:card\" content=\"summary_large_image\" \/>\n<meta name=\"twitter:label1\" content=\"Est. tempo de leitura\" \/>\n\t<meta name=\"twitter:data1\" content=\"2 minutos\" \/>\n<script type=\"application\/ld+json\" class=\"yoast-schema-graph\">{\"@context\":\"https:\\\/\\\/schema.org\",\"@graph\":[{\"@type\":\"WebPage\",\"@id\":\"https:\\\/\\\/wp.uisa.com.br\\\/pt-br\\\/ene\\\/\",\"url\":\"https:\\\/\\\/wp.uisa.com.br\\\/pt-br\\\/ene\\\/\",\"name\":\"Energia El\u00e9trica\",\"isPartOf\":{\"@id\":\"https:\\\/\\\/wp.uisa.com.br\\\/pt-br\\\/#website\"},\"primaryImageOfPage\":{\"@id\":\"https:\\\/\\\/wp.uisa.com.br\\\/pt-br\\\/ene\\\/#primaryimage\"},\"image\":{\"@id\":\"https:\\\/\\\/wp.uisa.com.br\\\/pt-br\\\/ene\\\/#primaryimage\"},\"thumbnailUrl\":\"https:\\\/\\\/wp.uisa.com.br\\\/wp-content\\\/uploads\\\/2024\\\/10\\\/high-voltage-tower-with-electric-power-lines-at-su-2023-11-27-05-32-34-utc.jpg\",\"datePublished\":\"2024-10-31T17:31:01+00:00\",\"dateModified\":\"2024-10-31T17:31:02+00:00\",\"inLanguage\":\"pt-br\",\"potentialAction\":[{\"@type\":\"ReadAction\",\"target\":[\"https:\\\/\\\/wp.uisa.com.br\\\/pt-br\\\/ene\\\/\"]}]},{\"@type\":\"ImageObject\",\"inLanguage\":\"pt-br\",\"@id\":\"https:\\\/\\\/wp.uisa.com.br\\\/pt-br\\\/ene\\\/#primaryimage\",\"url\":\"https:\\\/\\\/wp.uisa.com.br\\\/wp-content\\\/uploads\\\/2024\\\/10\\\/high-voltage-tower-with-electric-power-lines-at-su-2023-11-27-05-32-34-utc.jpg\",\"contentUrl\":\"https:\\\/\\\/wp.uisa.com.br\\\/wp-content\\\/uploads\\\/2024\\\/10\\\/high-voltage-tower-with-electric-power-lines-at-su-2023-11-27-05-32-34-utc.jpg\"},{\"@type\":\"WebSite\",\"@id\":\"https:\\\/\\\/wp.uisa.com.br\\\/pt-br\\\/#website\",\"url\":\"https:\\\/\\\/wp.uisa.com.br\\\/pt-br\\\/\",\"name\":\"uisa\",\"description\":\"\",\"publisher\":{\"@id\":\"https:\\\/\\\/wp.uisa.com.br\\\/pt-br\\\/#organization\"},\"potentialAction\":[{\"@type\":\"SearchAction\",\"target\":{\"@type\":\"EntryPoint\",\"urlTemplate\":\"https:\\\/\\\/wp.uisa.com.br\\\/pt-br\\\/?s={search_term_string}\"},\"query-input\":{\"@type\":\"PropertyValueSpecification\",\"valueRequired\":true,\"valueName\":\"search_term_string\"}}],\"inLanguage\":\"pt-br\"},{\"@type\":\"Organization\",\"@id\":\"https:\\\/\\\/wp.uisa.com.br\\\/pt-br\\\/#organization\",\"name\":\"uisa\",\"url\":\"https:\\\/\\\/wp.uisa.com.br\\\/pt-br\\\/\",\"logo\":{\"@type\":\"ImageObject\",\"inLanguage\":\"pt-br\",\"@id\":\"https:\\\/\\\/wp.uisa.com.br\\\/pt-br\\\/#\\\/schema\\\/logo\\\/image\\\/\",\"url\":\"https:\\\/\\\/wp.uisa.com.br\\\/wp-content\\\/uploads\\\/2024\\\/09\\\/uisa-dark.png\",\"contentUrl\":\"https:\\\/\\\/wp.uisa.com.br\\\/wp-content\\\/uploads\\\/2024\\\/09\\\/uisa-dark.png\",\"width\":827,\"height\":171,\"caption\":\"uisa\"},\"image\":{\"@id\":\"https:\\\/\\\/wp.uisa.com.br\\\/pt-br\\\/#\\\/schema\\\/logo\\\/image\\\/\"},\"sameAs\":[\"https:\\\/\\\/www.facebook.com\\\/uisabiorrefinaria\",\"https:\\\/\\\/www.instagram.com\\\/uisabiorrefinaria\",\"https:\\\/\\\/www.linkedin.com\\\/company\\\/uisa\",\"https:\\\/\\\/www.youtube.com\\\/@uisabiorrefinaria\"]}]}<\/script>\n<!-- \/ Yoast SEO plugin. -->","yoast_head_json":{"title":"Energia El\u00e9trica","robots":{"index":"index","follow":"follow","max-snippet":"max-snippet:-1","max-image-preview":"max-image-preview:large","max-video-preview":"max-video-preview:-1"},"canonical":"https:\/\/wp.uisa.com.br\/pt-br\/ene\/","og_locale":"pt_BR","og_type":"article","og_title":"[:pt-br]Energia El\u00e9trica[:] -","og_description":"Energia de fonte renov\u00e1vel Geramos energia el\u00e9trica a partir do baga\u00e7o da cana-de-a\u00e7\u00facar desde 1993, para consumo pr\u00f3prio e comercializamos o excedente para distribuidoras de energia. A energia renov\u00e1vel \u00e9 gerada, na uisa, a partir de robustos padr\u00f5es de qualidade, comprovados por meio das certifica\u00e7\u00f5es I-REC, ISO 9001 e ISO 14001. Cards Energia sustent\u00e1vel, de [&hellip;]","og_url":"https:\/\/wp.uisa.com.br\/pt-br\/ene\/","article_publisher":"https:\/\/www.facebook.com\/uisabiorrefinaria","article_modified_time":"2024-10-31T17:31:02+00:00","og_image":[{"width":2560,"height":1707,"url":"https:\/\/wp.uisa.com.br\/wp-content\/uploads\/2024\/10\/high-voltage-tower-with-electric-power-lines-at-su-2023-11-27-05-32-34-utc.jpg","type":"image\/jpeg"}],"twitter_card":"summary_large_image","twitter_misc":{"Est. tempo de leitura":"2 minutos"},"schema":{"@context":"https:\/\/schema.org","@graph":[{"@type":"WebPage","@id":"https:\/\/wp.uisa.com.br\/pt-br\/ene\/","url":"https:\/\/wp.uisa.com.br\/pt-br\/ene\/","name":"Energia El\u00e9trica","isPartOf":{"@id":"https:\/\/wp.uisa.com.br\/pt-br\/#website"},"primaryImageOfPage":{"@id":"https:\/\/wp.uisa.com.br\/pt-br\/ene\/#primaryimage"},"image":{"@id":"https:\/\/wp.uisa.com.br\/pt-br\/ene\/#primaryimage"},"thumbnailUrl":"https:\/\/wp.uisa.com.br\/wp-content\/uploads\/2024\/10\/high-voltage-tower-with-electric-power-lines-at-su-2023-11-27-05-32-34-utc.jpg","datePublished":"2024-10-31T17:31:01+00:00","dateModified":"2024-10-31T17:31:02+00:00","inLanguage":"pt-br","potentialAction":[{"@type":"ReadAction","target":["https:\/\/wp.uisa.com.br\/pt-br\/ene\/"]}]},{"@type":"ImageObject","inLanguage":"pt-br","@id":"https:\/\/wp.uisa.com.br\/pt-br\/ene\/#primaryimage","url":"https:\/\/wp.uisa.com.br\/wp-content\/uploads\/2024\/10\/high-voltage-tower-with-electric-power-lines-at-su-2023-11-27-05-32-34-utc.jpg","contentUrl":"https:\/\/wp.uisa.com.br\/wp-content\/uploads\/2024\/10\/high-voltage-tower-with-electric-power-lines-at-su-2023-11-27-05-32-34-utc.jpg"},{"@type":"WebSite","@id":"https:\/\/wp.uisa.com.br\/pt-br\/#website","url":"https:\/\/wp.uisa.com.br\/pt-br\/","name":"uisa","description":"","publisher":{"@id":"https:\/\/wp.uisa.com.br\/pt-br\/#organization"},"potentialAction":[{"@type":"SearchAction","target":{"@type":"EntryPoint","urlTemplate":"https:\/\/wp.uisa.com.br\/pt-br\/?s={search_term_string}"},"query-input":{"@type":"PropertyValueSpecification","valueRequired":true,"valueName":"search_term_string"}}],"inLanguage":"pt-br"},{"@type":"Organization","@id":"https:\/\/wp.uisa.com.br\/pt-br\/#organization","name":"uisa","url":"https:\/\/wp.uisa.com.br\/pt-br\/","logo":{"@type":"ImageObject","inLanguage":"pt-br","@id":"https:\/\/wp.uisa.com.br\/pt-br\/#\/schema\/logo\/image\/","url":"https:\/\/wp.uisa.com.br\/wp-content\/uploads\/2024\/09\/uisa-dark.png","contentUrl":"https:\/\/wp.uisa.com.br\/wp-content\/uploads\/2024\/09\/uisa-dark.png","width":827,"height":171,"caption":"uisa"},"image":{"@id":"https:\/\/wp.uisa.com.br\/pt-br\/#\/schema\/logo\/image\/"},"sameAs":["https:\/\/www.facebook.com\/uisabiorrefinaria","https:\/\/www.instagram.com\/uisabiorrefinaria","https:\/\/www.linkedin.com\/company\/uisa","https:\/\/www.youtube.com\/@uisabiorrefinaria"]}]}},"featured_image_src":null,"featured_image_src_square":null,"_links":{"self":[{"href":"https:\/\/wp.uisa.com.br\/pt-br\/wp-json\/wp\/v2\/pages\/369","targetHints":{"allow":["GET"]}}],"collection":[{"href":"https:\/\/wp.uisa.com.br\/pt-br\/wp-json\/wp\/v2\/pages"}],"about":[{"href":"https:\/\/wp.uisa.com.br\/pt-br\/wp-json\/wp\/v2\/types\/page"}],"author":[{"embeddable":true,"href":"https:\/\/wp.uisa.com.br\/pt-br\/wp-json\/wp\/v2\/users\/3"}],"replies":[{"embeddable":true,"href":"https:\/\/wp.uisa.com.br\/pt-br\/wp-json\/wp\/v2\/comments?post=369"}],"version-history":[{"count":1,"href":"https:\/\/wp.uisa.com.br\/pt-br\/wp-json\/wp\/v2\/pages\/369\/revisions"}],"predecessor-version":[{"id":447,"href":"https:\/\/wp.uisa.com.br\/pt-br\/wp-json\/wp\/v2\/pages\/369\/revisions\/447"}],"wp:attachment":[{"href":"https:\/\/wp.uisa.com.br\/pt-br\/wp-json\/wp\/v2\/media?parent=369"}],"curies":[{"name":"wp","href":"https:\/\/api.w.org\/{rel}","templated":true}]}}