{"id":449,"date":"2024-10-31T17:41:07","date_gmt":"2024-10-31T17:41:07","guid":{"rendered":"https:\/\/wp.uisa.com.br\/pt-br\/?page_id=449"},"modified":"2024-10-31T17:41:08","modified_gmt":"2024-10-31T17:41:08","slug":"biomassa","status":"publish","type":"page","link":"https:\/\/wp.uisa.com.br\/pt-br\/biomassa\/","title":{"rendered":"Biomassa"},"content":{"rendered":"\n<figure class=\"wp-block-image size-full\"><img loading=\"lazy\" decoding=\"async\" width=\"2560\" height=\"1441\" src=\"https:\/\/wp.uisa.com.br\/wp-content\/uploads\/2024\/10\/Imagem-Bagaco-ATT.jpg\" alt=\"\" class=\"wp-image-453\" srcset=\"https:\/\/wp.uisa.com.br\/wp-content\/uploads\/2024\/10\/Imagem-Bagaco-ATT.jpg 2560w, https:\/\/wp.uisa.com.br\/wp-content\/uploads\/2024\/10\/Imagem-Bagaco-ATT-300x169.jpg 300w, https:\/\/wp.uisa.com.br\/wp-content\/uploads\/2024\/10\/Imagem-Bagaco-ATT-1024x576.jpg 1024w, https:\/\/wp.uisa.com.br\/wp-content\/uploads\/2024\/10\/Imagem-Bagaco-ATT-768x432.jpg 768w, https:\/\/wp.uisa.com.br\/wp-content\/uploads\/2024\/10\/Imagem-Bagaco-ATT-1536x865.jpg 1536w, https:\/\/wp.uisa.com.br\/wp-content\/uploads\/2024\/10\/Imagem-Bagaco-ATT-2048x1153.jpg 2048w\" sizes=\"auto, (max-width: 2560px) 100vw, 2560px\" \/><\/figure>\n\n\n\n<h2 class=\"wp-block-heading\">Biomassa<\/h2>\n\n\n\n<p>Na uisa, o baga\u00e7o e a palha, coprodutos do processamento da cana-de-a\u00e7\u00facar e outras biomassas, s\u00e3o utilizados como mat\u00e9ria-prima para a produ\u00e7\u00e3o de compostos, volumosos para levedura ou combust\u00edvel para caldeiras e biodigestores.<\/p>\n\n\n\n<h2 class=\"wp-block-heading\"><strong>+1,3<\/strong><\/h2>\n\n\n\n<p>milh\u00e3o de toneladas de biomassa processada na Safra 23\/24.<\/p>\n\n\n\n<figure class=\"wp-block-image size-full\"><img loading=\"lazy\" decoding=\"async\" width=\"2560\" height=\"1441\" src=\"https:\/\/wp.uisa.com.br\/wp-content\/uploads\/2024\/10\/biomassaBody.jpg\" alt=\"\" class=\"wp-image-458\" srcset=\"https:\/\/wp.uisa.com.br\/wp-content\/uploads\/2024\/10\/biomassaBody.jpg 2560w, https:\/\/wp.uisa.com.br\/wp-content\/uploads\/2024\/10\/biomassaBody-300x169.jpg 300w, https:\/\/wp.uisa.com.br\/wp-content\/uploads\/2024\/10\/biomassaBody-1024x576.jpg 1024w, https:\/\/wp.uisa.com.br\/wp-content\/uploads\/2024\/10\/biomassaBody-768x432.jpg 768w, https:\/\/wp.uisa.com.br\/wp-content\/uploads\/2024\/10\/biomassaBody-1536x865.jpg 1536w, https:\/\/wp.uisa.com.br\/wp-content\/uploads\/2024\/10\/biomassaBody-2048x1153.jpg 2048w\" sizes=\"auto, (max-width: 2560px) 100vw, 2560px\" \/><\/figure>\n\n\n\n<h2 class=\"wp-block-heading\">CBB<\/h2>\n\n\n\n<p>O Centro Biotecnol\u00f3gico da Biomassa &#8211; CBB, \u00e9 um centro de pesquisa e desenvolvimento, criado pela uisa, para gerar inova\u00e7\u00f5es no manejo da cultura de cana-de-a\u00e7\u00facar, impactando no aumento da produtividade e no fomento do equil\u00edbrio ambiental.<\/p>\n\n\n\n<figure class=\"wp-block-image size-large\"><img loading=\"lazy\" decoding=\"async\" width=\"1024\" height=\"683\" src=\"https:\/\/wp.uisa.com.br\/wp-content\/uploads\/2024\/10\/Viveiro-de-Mudas-32-1024x683.jpg\" alt=\"\" class=\"wp-image-464\" srcset=\"https:\/\/wp.uisa.com.br\/wp-content\/uploads\/2024\/10\/Viveiro-de-Mudas-32-1024x683.jpg 1024w, https:\/\/wp.uisa.com.br\/wp-content\/uploads\/2024\/10\/Viveiro-de-Mudas-32-300x200.jpg 300w, https:\/\/wp.uisa.com.br\/wp-content\/uploads\/2024\/10\/Viveiro-de-Mudas-32-768x512.jpg 768w, https:\/\/wp.uisa.com.br\/wp-content\/uploads\/2024\/10\/Viveiro-de-Mudas-32-1536x1024.jpg 1536w, https:\/\/wp.uisa.com.br\/wp-content\/uploads\/2024\/10\/Viveiro-de-Mudas-32.jpg 1800w\" sizes=\"auto, (max-width: 1024px) 100vw, 1024px\" \/><\/figure>\n\n\n\n<h2 class=\"wp-block-heading\">Cards<\/h2>\n\n\n\n<p>Utiliza\u00e7\u00e3o de macro e micro-organismos.<\/p>\n\n\n\n<p>Adapta\u00e7\u00e3o varietal.<\/p>\n\n\n\n<p>Manejo de fertilidade.<\/p>\n\n\n\n<p>Prote\u00e7\u00e3o da planta e controle de doen\u00e7as.<\/p>\n\n\n\n<figure class=\"wp-block-image size-full\"><img loading=\"lazy\" decoding=\"async\" width=\"800\" height=\"533\" src=\"https:\/\/wp.uisa.com.br\/wp-content\/uploads\/2024\/10\/Viveiro-de-Mudas-34.jpg\" alt=\"\" class=\"wp-image-463\" srcset=\"https:\/\/wp.uisa.com.br\/wp-content\/uploads\/2024\/10\/Viveiro-de-Mudas-34.jpg 800w, https:\/\/wp.uisa.com.br\/wp-content\/uploads\/2024\/10\/Viveiro-de-Mudas-34-300x200.jpg 300w, https:\/\/wp.uisa.com.br\/wp-content\/uploads\/2024\/10\/Viveiro-de-Mudas-34-768x512.jpg 768w\" sizes=\"auto, (max-width: 800px) 100vw, 800px\" \/><\/figure>\n","protected":false},"excerpt":{"rendered":"<p>Biomassa Na uisa, o baga\u00e7o e a palha, coprodutos do processamento da cana-de-a\u00e7\u00facar e outras biomassas, s\u00e3o utilizados como mat\u00e9ria-prima para a produ\u00e7\u00e3o de compostos, volumosos para levedura ou combust\u00edvel para caldeiras e biodigestores. +1,3 milh\u00e3o de toneladas de biomassa processada na Safra 23\/24. CBB O Centro Biotecnol\u00f3gico da Biomassa &#8211; CBB, \u00e9 um centro [&hellip;]<\/p>\n","protected":false},"author":3,"featured_media":0,"parent":0,"menu_order":0,"comment_status":"closed","ping_status":"closed","template":"","meta":{"footnotes":""},"class_list":["post-449","page","type-page","status-publish","hentry"],"yoast_head":"<!-- This site is optimized with the Yoast SEO plugin v27.6 - https:\/\/yoast.com\/product\/yoast-seo-wordpress\/ -->\n<title>Biomassa<\/title>\n<meta name=\"robots\" content=\"index, follow, max-snippet:-1, max-image-preview:large, max-video-preview:-1\" \/>\n<link rel=\"canonical\" href=\"https:\/\/wp.uisa.com.br\/pt-br\/biomassa\/\" \/>\n<meta property=\"og:locale\" content=\"pt_BR\" \/>\n<meta property=\"og:locale:alternate\" content=\"en_US\" \/>\n<meta property=\"og:type\" content=\"article\" \/>\n<meta property=\"og:title\" content=\"Biomassa\" \/>\n<meta property=\"og:description\" content=\"Biomassa Na uisa, o baga\u00e7o e a palha, coprodutos do processamento da cana-de-a\u00e7\u00facar e outras biomassas, s\u00e3o utilizados como mat\u00e9ria-prima para a produ\u00e7\u00e3o de compostos, volumosos para levedura ou combust\u00edvel para caldeiras e biodigestores. +1,3 milh\u00e3o de toneladas de biomassa processada na Safra 23\/24. CBB O Centro Biotecnol\u00f3gico da Biomassa &#8211; CBB, \u00e9 um centro [&hellip;]\" \/>\n<meta property=\"og:url\" content=\"https:\/\/wp.uisa.com.br\/pt-br\/biomassa\/\" \/>\n<meta property=\"article:publisher\" content=\"https:\/\/www.facebook.com\/uisabiorrefinaria\" \/>\n<meta property=\"article:modified_time\" content=\"2024-10-31T17:41:08+00:00\" \/>\n<meta property=\"og:image\" content=\"https:\/\/wp.uisa.com.br\/wp-content\/uploads\/2024\/10\/Imagem-Bagaco-ATT.jpg\" \/>\n\t<meta property=\"og:image:width\" content=\"2560\" \/>\n\t<meta property=\"og:image:height\" content=\"1441\" \/>\n\t<meta property=\"og:image:type\" content=\"image\/jpeg\" \/>\n<meta name=\"twitter:card\" content=\"summary_large_image\" \/>\n<meta name=\"twitter:label1\" content=\"Est. tempo de leitura\" \/>\n\t<meta name=\"twitter:data1\" content=\"2 minutos\" \/>\n<script type=\"application\/ld+json\" class=\"yoast-schema-graph\">{\"@context\":\"https:\\\/\\\/schema.org\",\"@graph\":[{\"@type\":\"WebPage\",\"@id\":\"https:\\\/\\\/wp.uisa.com.br\\\/pt-br\\\/biomassa\\\/\",\"url\":\"https:\\\/\\\/wp.uisa.com.br\\\/pt-br\\\/biomassa\\\/\",\"name\":\"Biomassa\",\"isPartOf\":{\"@id\":\"https:\\\/\\\/wp.uisa.com.br\\\/pt-br\\\/#website\"},\"primaryImageOfPage\":{\"@id\":\"https:\\\/\\\/wp.uisa.com.br\\\/pt-br\\\/biomassa\\\/#primaryimage\"},\"image\":{\"@id\":\"https:\\\/\\\/wp.uisa.com.br\\\/pt-br\\\/biomassa\\\/#primaryimage\"},\"thumbnailUrl\":\"https:\\\/\\\/wp.uisa.com.br\\\/wp-content\\\/uploads\\\/2024\\\/10\\\/Imagem-Bagaco-ATT.jpg\",\"datePublished\":\"2024-10-31T17:41:07+00:00\",\"dateModified\":\"2024-10-31T17:41:08+00:00\",\"inLanguage\":\"pt-br\",\"potentialAction\":[{\"@type\":\"ReadAction\",\"target\":[\"https:\\\/\\\/wp.uisa.com.br\\\/pt-br\\\/biomassa\\\/\"]}]},{\"@type\":\"ImageObject\",\"inLanguage\":\"pt-br\",\"@id\":\"https:\\\/\\\/wp.uisa.com.br\\\/pt-br\\\/biomassa\\\/#primaryimage\",\"url\":\"https:\\\/\\\/wp.uisa.com.br\\\/wp-content\\\/uploads\\\/2024\\\/10\\\/Imagem-Bagaco-ATT.jpg\",\"contentUrl\":\"https:\\\/\\\/wp.uisa.com.br\\\/wp-content\\\/uploads\\\/2024\\\/10\\\/Imagem-Bagaco-ATT.jpg\"},{\"@type\":\"WebSite\",\"@id\":\"https:\\\/\\\/wp.uisa.com.br\\\/pt-br\\\/#website\",\"url\":\"https:\\\/\\\/wp.uisa.com.br\\\/pt-br\\\/\",\"name\":\"uisa\",\"description\":\"\",\"publisher\":{\"@id\":\"https:\\\/\\\/wp.uisa.com.br\\\/pt-br\\\/#organization\"},\"potentialAction\":[{\"@type\":\"SearchAction\",\"target\":{\"@type\":\"EntryPoint\",\"urlTemplate\":\"https:\\\/\\\/wp.uisa.com.br\\\/pt-br\\\/?s={search_term_string}\"},\"query-input\":{\"@type\":\"PropertyValueSpecification\",\"valueRequired\":true,\"valueName\":\"search_term_string\"}}],\"inLanguage\":\"pt-br\"},{\"@type\":\"Organization\",\"@id\":\"https:\\\/\\\/wp.uisa.com.br\\\/pt-br\\\/#organization\",\"name\":\"uisa\",\"url\":\"https:\\\/\\\/wp.uisa.com.br\\\/pt-br\\\/\",\"logo\":{\"@type\":\"ImageObject\",\"inLanguage\":\"pt-br\",\"@id\":\"https:\\\/\\\/wp.uisa.com.br\\\/pt-br\\\/#\\\/schema\\\/logo\\\/image\\\/\",\"url\":\"https:\\\/\\\/wp.uisa.com.br\\\/wp-content\\\/uploads\\\/2024\\\/09\\\/uisa-dark.png\",\"contentUrl\":\"https:\\\/\\\/wp.uisa.com.br\\\/wp-content\\\/uploads\\\/2024\\\/09\\\/uisa-dark.png\",\"width\":827,\"height\":171,\"caption\":\"uisa\"},\"image\":{\"@id\":\"https:\\\/\\\/wp.uisa.com.br\\\/pt-br\\\/#\\\/schema\\\/logo\\\/image\\\/\"},\"sameAs\":[\"https:\\\/\\\/www.facebook.com\\\/uisabiorrefinaria\",\"https:\\\/\\\/www.instagram.com\\\/uisabiorrefinaria\",\"https:\\\/\\\/www.linkedin.com\\\/company\\\/uisa\",\"https:\\\/\\\/www.youtube.com\\\/@uisabiorrefinaria\"]}]}<\/script>\n<!-- \/ Yoast SEO plugin. -->","yoast_head_json":{"title":"Biomassa","robots":{"index":"index","follow":"follow","max-snippet":"max-snippet:-1","max-image-preview":"max-image-preview:large","max-video-preview":"max-video-preview:-1"},"canonical":"https:\/\/wp.uisa.com.br\/pt-br\/biomassa\/","og_locale":"pt_BR","og_type":"article","og_title":"[:pt-br]Biomassa[:] -","og_description":"Biomassa Na uisa, o baga\u00e7o e a palha, coprodutos do processamento da cana-de-a\u00e7\u00facar e outras biomassas, s\u00e3o utilizados como mat\u00e9ria-prima para a produ\u00e7\u00e3o de compostos, volumosos para levedura ou combust\u00edvel para caldeiras e biodigestores. +1,3 milh\u00e3o de toneladas de biomassa processada na Safra 23\/24. CBB O Centro Biotecnol\u00f3gico da Biomassa &#8211; CBB, \u00e9 um centro [&hellip;]","og_url":"https:\/\/wp.uisa.com.br\/pt-br\/biomassa\/","article_publisher":"https:\/\/www.facebook.com\/uisabiorrefinaria","article_modified_time":"2024-10-31T17:41:08+00:00","og_image":[{"width":2560,"height":1441,"url":"https:\/\/wp.uisa.com.br\/wp-content\/uploads\/2024\/10\/Imagem-Bagaco-ATT.jpg","type":"image\/jpeg"}],"twitter_card":"summary_large_image","twitter_misc":{"Est. tempo de leitura":"2 minutos"},"schema":{"@context":"https:\/\/schema.org","@graph":[{"@type":"WebPage","@id":"https:\/\/wp.uisa.com.br\/pt-br\/biomassa\/","url":"https:\/\/wp.uisa.com.br\/pt-br\/biomassa\/","name":"Biomassa","isPartOf":{"@id":"https:\/\/wp.uisa.com.br\/pt-br\/#website"},"primaryImageOfPage":{"@id":"https:\/\/wp.uisa.com.br\/pt-br\/biomassa\/#primaryimage"},"image":{"@id":"https:\/\/wp.uisa.com.br\/pt-br\/biomassa\/#primaryimage"},"thumbnailUrl":"https:\/\/wp.uisa.com.br\/wp-content\/uploads\/2024\/10\/Imagem-Bagaco-ATT.jpg","datePublished":"2024-10-31T17:41:07+00:00","dateModified":"2024-10-31T17:41:08+00:00","inLanguage":"pt-br","potentialAction":[{"@type":"ReadAction","target":["https:\/\/wp.uisa.com.br\/pt-br\/biomassa\/"]}]},{"@type":"ImageObject","inLanguage":"pt-br","@id":"https:\/\/wp.uisa.com.br\/pt-br\/biomassa\/#primaryimage","url":"https:\/\/wp.uisa.com.br\/wp-content\/uploads\/2024\/10\/Imagem-Bagaco-ATT.jpg","contentUrl":"https:\/\/wp.uisa.com.br\/wp-content\/uploads\/2024\/10\/Imagem-Bagaco-ATT.jpg"},{"@type":"WebSite","@id":"https:\/\/wp.uisa.com.br\/pt-br\/#website","url":"https:\/\/wp.uisa.com.br\/pt-br\/","name":"uisa","description":"","publisher":{"@id":"https:\/\/wp.uisa.com.br\/pt-br\/#organization"},"potentialAction":[{"@type":"SearchAction","target":{"@type":"EntryPoint","urlTemplate":"https:\/\/wp.uisa.com.br\/pt-br\/?s={search_term_string}"},"query-input":{"@type":"PropertyValueSpecification","valueRequired":true,"valueName":"search_term_string"}}],"inLanguage":"pt-br"},{"@type":"Organization","@id":"https:\/\/wp.uisa.com.br\/pt-br\/#organization","name":"uisa","url":"https:\/\/wp.uisa.com.br\/pt-br\/","logo":{"@type":"ImageObject","inLanguage":"pt-br","@id":"https:\/\/wp.uisa.com.br\/pt-br\/#\/schema\/logo\/image\/","url":"https:\/\/wp.uisa.com.br\/wp-content\/uploads\/2024\/09\/uisa-dark.png","contentUrl":"https:\/\/wp.uisa.com.br\/wp-content\/uploads\/2024\/09\/uisa-dark.png","width":827,"height":171,"caption":"uisa"},"image":{"@id":"https:\/\/wp.uisa.com.br\/pt-br\/#\/schema\/logo\/image\/"},"sameAs":["https:\/\/www.facebook.com\/uisabiorrefinaria","https:\/\/www.instagram.com\/uisabiorrefinaria","https:\/\/www.linkedin.com\/company\/uisa","https:\/\/www.youtube.com\/@uisabiorrefinaria"]}]}},"featured_image_src":null,"featured_image_src_square":null,"_links":{"self":[{"href":"https:\/\/wp.uisa.com.br\/pt-br\/wp-json\/wp\/v2\/pages\/449","targetHints":{"allow":["GET"]}}],"collection":[{"href":"https:\/\/wp.uisa.com.br\/pt-br\/wp-json\/wp\/v2\/pages"}],"about":[{"href":"https:\/\/wp.uisa.com.br\/pt-br\/wp-json\/wp\/v2\/types\/page"}],"author":[{"embeddable":true,"href":"https:\/\/wp.uisa.com.br\/pt-br\/wp-json\/wp\/v2\/users\/3"}],"replies":[{"embeddable":true,"href":"https:\/\/wp.uisa.com.br\/pt-br\/wp-json\/wp\/v2\/comments?post=449"}],"version-history":[{"count":1,"href":"https:\/\/wp.uisa.com.br\/pt-br\/wp-json\/wp\/v2\/pages\/449\/revisions"}],"predecessor-version":[{"id":465,"href":"https:\/\/wp.uisa.com.br\/pt-br\/wp-json\/wp\/v2\/pages\/449\/revisions\/465"}],"wp:attachment":[{"href":"https:\/\/wp.uisa.com.br\/pt-br\/wp-json\/wp\/v2\/media?parent=449"}],"curies":[{"name":"wp","href":"https:\/\/api.w.org\/{rel}","templated":true}]}}