{"id":467,"date":"2024-10-31T17:45:41","date_gmt":"2024-10-31T17:45:41","guid":{"rendered":"https:\/\/wp.uisa.com.br\/pt-br\/?page_id=467"},"modified":"2024-10-31T17:45:42","modified_gmt":"2024-10-31T17:45:42","slug":"cbios","status":"publish","type":"page","link":"https:\/\/wp.uisa.com.br\/pt-br\/cbios\/","title":{"rendered":"CBIOs"},"content":{"rendered":"\n<figure class=\"wp-block-image size-full\"><img loading=\"lazy\" decoding=\"async\" width=\"2560\" height=\"1707\" src=\"https:\/\/wp.uisa.com.br\/wp-content\/uploads\/2024\/10\/areaDePreservacao-2.jpg\" alt=\"\" class=\"wp-image-442\" srcset=\"https:\/\/wp.uisa.com.br\/wp-content\/uploads\/2024\/10\/areaDePreservacao-2.jpg 2560w, https:\/\/wp.uisa.com.br\/wp-content\/uploads\/2024\/10\/areaDePreservacao-2-300x200.jpg 300w, https:\/\/wp.uisa.com.br\/wp-content\/uploads\/2024\/10\/areaDePreservacao-2-1024x683.jpg 1024w, https:\/\/wp.uisa.com.br\/wp-content\/uploads\/2024\/10\/areaDePreservacao-2-768x512.jpg 768w, https:\/\/wp.uisa.com.br\/wp-content\/uploads\/2024\/10\/areaDePreservacao-2-1536x1024.jpg 1536w, https:\/\/wp.uisa.com.br\/wp-content\/uploads\/2024\/10\/areaDePreservacao-2-2048x1366.jpg 2048w\" sizes=\"auto, (max-width: 2560px) 100vw, 2560px\" \/><\/figure>\n\n\n\n<h2 class=\"wp-block-heading\">Sustentabilidade de ponta a ponta<\/h2>\n\n\n\n<p>N\u00f3s contribu\u00edmos diretamente com a descarboniza\u00e7\u00e3o do planeta, tamb\u00e9m por meio da emiss\u00e3o de CBIOs, que s\u00e3o cr\u00e9ditos de descarboniza\u00e7\u00e3o.<br><br>Na uisa, essa atividade est\u00e1 relacionada \u00e0 produ\u00e7\u00e3o de etanol, um biocombust\u00edvel que reduz as emiss\u00f5es dos gases de efeito estufa (GEE) em at\u00e9 90% em compara\u00e7\u00e3o com a gasolina.<br><br>Com o mercado de descarboniza\u00e7\u00e3o em crescimento, e por meio de regulamenta\u00e7\u00f5es, a uisa recebeu o certificado para comercializar cr\u00e9ditos de descarboniza\u00e7\u00e3o em abril de 2020, iniciando as vendas na safra 2020\/21.<\/p>\n\n\n\n<figure class=\"wp-block-image size-full\"><img loading=\"lazy\" decoding=\"async\" width=\"1000\" height=\"562\" src=\"https:\/\/wp.uisa.com.br\/wp-content\/uploads\/2024\/10\/Visao-Aerea-58.jpg\" alt=\"\" class=\"wp-image-472\" srcset=\"https:\/\/wp.uisa.com.br\/wp-content\/uploads\/2024\/10\/Visao-Aerea-58.jpg 1000w, https:\/\/wp.uisa.com.br\/wp-content\/uploads\/2024\/10\/Visao-Aerea-58-300x169.jpg 300w, https:\/\/wp.uisa.com.br\/wp-content\/uploads\/2024\/10\/Visao-Aerea-58-768x432.jpg 768w\" sizes=\"auto, (max-width: 1000px) 100vw, 1000px\" \/><\/figure>\n\n\n\n<h2 class=\"wp-block-heading\">RenovaBio<\/h2>\n\n\n\n<p>A uisa \u00e9 certificada pelo Programa RenovaBio, o que permite a comercializa\u00e7\u00e3o de cr\u00e9ditos de carbono (CBIOs), vinculados \u00e0 venda de etanol.<\/p>\n","protected":false},"excerpt":{"rendered":"<p>Sustentabilidade de ponta a ponta N\u00f3s contribu\u00edmos diretamente com a descarboniza\u00e7\u00e3o do planeta, tamb\u00e9m por meio da emiss\u00e3o de CBIOs, que s\u00e3o cr\u00e9ditos de descarboniza\u00e7\u00e3o. Na uisa, essa atividade est\u00e1 relacionada \u00e0 produ\u00e7\u00e3o de etanol, um biocombust\u00edvel que reduz as emiss\u00f5es dos gases de efeito estufa (GEE) em at\u00e9 90% em compara\u00e7\u00e3o com a gasolina. [&hellip;]<\/p>\n","protected":false},"author":3,"featured_media":0,"parent":0,"menu_order":0,"comment_status":"closed","ping_status":"closed","template":"","meta":{"footnotes":""},"class_list":["post-467","page","type-page","status-publish","hentry"],"yoast_head":"<!-- This site is optimized with the Yoast SEO plugin v27.6 - https:\/\/yoast.com\/product\/yoast-seo-wordpress\/ -->\n<title>CBIOs<\/title>\n<meta name=\"robots\" content=\"index, follow, max-snippet:-1, max-image-preview:large, max-video-preview:-1\" \/>\n<link rel=\"canonical\" href=\"https:\/\/wp.uisa.com.br\/pt-br\/cbios\/\" \/>\n<meta property=\"og:locale\" content=\"pt_BR\" \/>\n<meta property=\"og:locale:alternate\" content=\"en_US\" \/>\n<meta property=\"og:type\" content=\"article\" \/>\n<meta property=\"og:title\" content=\"CBIOs\" \/>\n<meta property=\"og:description\" content=\"Sustentabilidade de ponta a ponta N\u00f3s contribu\u00edmos diretamente com a descarboniza\u00e7\u00e3o do planeta, tamb\u00e9m por meio da emiss\u00e3o de CBIOs, que s\u00e3o cr\u00e9ditos de descarboniza\u00e7\u00e3o. Na uisa, essa atividade est\u00e1 relacionada \u00e0 produ\u00e7\u00e3o de etanol, um biocombust\u00edvel que reduz as emiss\u00f5es dos gases de efeito estufa (GEE) em at\u00e9 90% em compara\u00e7\u00e3o com a gasolina. [&hellip;]\" \/>\n<meta property=\"og:url\" content=\"https:\/\/wp.uisa.com.br\/pt-br\/cbios\/\" \/>\n<meta property=\"article:publisher\" content=\"https:\/\/www.facebook.com\/uisabiorrefinaria\" \/>\n<meta property=\"article:modified_time\" content=\"2024-10-31T17:45:42+00:00\" \/>\n<meta property=\"og:image\" content=\"https:\/\/wp.uisa.com.br\/wp-content\/uploads\/2024\/10\/areaDePreservacao-2.jpg\" \/>\n\t<meta property=\"og:image:width\" content=\"2560\" \/>\n\t<meta property=\"og:image:height\" content=\"1707\" \/>\n\t<meta property=\"og:image:type\" content=\"image\/jpeg\" \/>\n<meta name=\"twitter:card\" content=\"summary_large_image\" \/>\n<meta name=\"twitter:label1\" content=\"Est. tempo de leitura\" \/>\n\t<meta name=\"twitter:data1\" content=\"2 minutos\" \/>\n<script type=\"application\/ld+json\" class=\"yoast-schema-graph\">{\"@context\":\"https:\\\/\\\/schema.org\",\"@graph\":[{\"@type\":\"WebPage\",\"@id\":\"https:\\\/\\\/wp.uisa.com.br\\\/pt-br\\\/cbios\\\/\",\"url\":\"https:\\\/\\\/wp.uisa.com.br\\\/pt-br\\\/cbios\\\/\",\"name\":\"CBIOs\",\"isPartOf\":{\"@id\":\"https:\\\/\\\/wp.uisa.com.br\\\/pt-br\\\/#website\"},\"primaryImageOfPage\":{\"@id\":\"https:\\\/\\\/wp.uisa.com.br\\\/pt-br\\\/cbios\\\/#primaryimage\"},\"image\":{\"@id\":\"https:\\\/\\\/wp.uisa.com.br\\\/pt-br\\\/cbios\\\/#primaryimage\"},\"thumbnailUrl\":\"https:\\\/\\\/wp.uisa.com.br\\\/wp-content\\\/uploads\\\/2024\\\/10\\\/areaDePreservacao-2.jpg\",\"datePublished\":\"2024-10-31T17:45:41+00:00\",\"dateModified\":\"2024-10-31T17:45:42+00:00\",\"inLanguage\":\"pt-br\",\"potentialAction\":[{\"@type\":\"ReadAction\",\"target\":[\"https:\\\/\\\/wp.uisa.com.br\\\/pt-br\\\/cbios\\\/\"]}]},{\"@type\":\"ImageObject\",\"inLanguage\":\"pt-br\",\"@id\":\"https:\\\/\\\/wp.uisa.com.br\\\/pt-br\\\/cbios\\\/#primaryimage\",\"url\":\"https:\\\/\\\/wp.uisa.com.br\\\/wp-content\\\/uploads\\\/2024\\\/10\\\/areaDePreservacao-2.jpg\",\"contentUrl\":\"https:\\\/\\\/wp.uisa.com.br\\\/wp-content\\\/uploads\\\/2024\\\/10\\\/areaDePreservacao-2.jpg\"},{\"@type\":\"WebSite\",\"@id\":\"https:\\\/\\\/wp.uisa.com.br\\\/pt-br\\\/#website\",\"url\":\"https:\\\/\\\/wp.uisa.com.br\\\/pt-br\\\/\",\"name\":\"uisa\",\"description\":\"\",\"publisher\":{\"@id\":\"https:\\\/\\\/wp.uisa.com.br\\\/pt-br\\\/#organization\"},\"potentialAction\":[{\"@type\":\"SearchAction\",\"target\":{\"@type\":\"EntryPoint\",\"urlTemplate\":\"https:\\\/\\\/wp.uisa.com.br\\\/pt-br\\\/?s={search_term_string}\"},\"query-input\":{\"@type\":\"PropertyValueSpecification\",\"valueRequired\":true,\"valueName\":\"search_term_string\"}}],\"inLanguage\":\"pt-br\"},{\"@type\":\"Organization\",\"@id\":\"https:\\\/\\\/wp.uisa.com.br\\\/pt-br\\\/#organization\",\"name\":\"uisa\",\"url\":\"https:\\\/\\\/wp.uisa.com.br\\\/pt-br\\\/\",\"logo\":{\"@type\":\"ImageObject\",\"inLanguage\":\"pt-br\",\"@id\":\"https:\\\/\\\/wp.uisa.com.br\\\/pt-br\\\/#\\\/schema\\\/logo\\\/image\\\/\",\"url\":\"https:\\\/\\\/wp.uisa.com.br\\\/wp-content\\\/uploads\\\/2024\\\/09\\\/uisa-dark.png\",\"contentUrl\":\"https:\\\/\\\/wp.uisa.com.br\\\/wp-content\\\/uploads\\\/2024\\\/09\\\/uisa-dark.png\",\"width\":827,\"height\":171,\"caption\":\"uisa\"},\"image\":{\"@id\":\"https:\\\/\\\/wp.uisa.com.br\\\/pt-br\\\/#\\\/schema\\\/logo\\\/image\\\/\"},\"sameAs\":[\"https:\\\/\\\/www.facebook.com\\\/uisabiorrefinaria\",\"https:\\\/\\\/www.instagram.com\\\/uisabiorrefinaria\",\"https:\\\/\\\/www.linkedin.com\\\/company\\\/uisa\",\"https:\\\/\\\/www.youtube.com\\\/@uisabiorrefinaria\"]}]}<\/script>\n<!-- \/ Yoast SEO plugin. -->","yoast_head_json":{"title":"CBIOs","robots":{"index":"index","follow":"follow","max-snippet":"max-snippet:-1","max-image-preview":"max-image-preview:large","max-video-preview":"max-video-preview:-1"},"canonical":"https:\/\/wp.uisa.com.br\/pt-br\/cbios\/","og_locale":"pt_BR","og_type":"article","og_title":"[:pt-br]CBIOs[:] -","og_description":"Sustentabilidade de ponta a ponta N\u00f3s contribu\u00edmos diretamente com a descarboniza\u00e7\u00e3o do planeta, tamb\u00e9m por meio da emiss\u00e3o de CBIOs, que s\u00e3o cr\u00e9ditos de descarboniza\u00e7\u00e3o. Na uisa, essa atividade est\u00e1 relacionada \u00e0 produ\u00e7\u00e3o de etanol, um biocombust\u00edvel que reduz as emiss\u00f5es dos gases de efeito estufa (GEE) em at\u00e9 90% em compara\u00e7\u00e3o com a gasolina. [&hellip;]","og_url":"https:\/\/wp.uisa.com.br\/pt-br\/cbios\/","article_publisher":"https:\/\/www.facebook.com\/uisabiorrefinaria","article_modified_time":"2024-10-31T17:45:42+00:00","og_image":[{"width":2560,"height":1707,"url":"https:\/\/wp.uisa.com.br\/wp-content\/uploads\/2024\/10\/areaDePreservacao-2.jpg","type":"image\/jpeg"}],"twitter_card":"summary_large_image","twitter_misc":{"Est. tempo de leitura":"2 minutos"},"schema":{"@context":"https:\/\/schema.org","@graph":[{"@type":"WebPage","@id":"https:\/\/wp.uisa.com.br\/pt-br\/cbios\/","url":"https:\/\/wp.uisa.com.br\/pt-br\/cbios\/","name":"CBIOs","isPartOf":{"@id":"https:\/\/wp.uisa.com.br\/pt-br\/#website"},"primaryImageOfPage":{"@id":"https:\/\/wp.uisa.com.br\/pt-br\/cbios\/#primaryimage"},"image":{"@id":"https:\/\/wp.uisa.com.br\/pt-br\/cbios\/#primaryimage"},"thumbnailUrl":"https:\/\/wp.uisa.com.br\/wp-content\/uploads\/2024\/10\/areaDePreservacao-2.jpg","datePublished":"2024-10-31T17:45:41+00:00","dateModified":"2024-10-31T17:45:42+00:00","inLanguage":"pt-br","potentialAction":[{"@type":"ReadAction","target":["https:\/\/wp.uisa.com.br\/pt-br\/cbios\/"]}]},{"@type":"ImageObject","inLanguage":"pt-br","@id":"https:\/\/wp.uisa.com.br\/pt-br\/cbios\/#primaryimage","url":"https:\/\/wp.uisa.com.br\/wp-content\/uploads\/2024\/10\/areaDePreservacao-2.jpg","contentUrl":"https:\/\/wp.uisa.com.br\/wp-content\/uploads\/2024\/10\/areaDePreservacao-2.jpg"},{"@type":"WebSite","@id":"https:\/\/wp.uisa.com.br\/pt-br\/#website","url":"https:\/\/wp.uisa.com.br\/pt-br\/","name":"uisa","description":"","publisher":{"@id":"https:\/\/wp.uisa.com.br\/pt-br\/#organization"},"potentialAction":[{"@type":"SearchAction","target":{"@type":"EntryPoint","urlTemplate":"https:\/\/wp.uisa.com.br\/pt-br\/?s={search_term_string}"},"query-input":{"@type":"PropertyValueSpecification","valueRequired":true,"valueName":"search_term_string"}}],"inLanguage":"pt-br"},{"@type":"Organization","@id":"https:\/\/wp.uisa.com.br\/pt-br\/#organization","name":"uisa","url":"https:\/\/wp.uisa.com.br\/pt-br\/","logo":{"@type":"ImageObject","inLanguage":"pt-br","@id":"https:\/\/wp.uisa.com.br\/pt-br\/#\/schema\/logo\/image\/","url":"https:\/\/wp.uisa.com.br\/wp-content\/uploads\/2024\/09\/uisa-dark.png","contentUrl":"https:\/\/wp.uisa.com.br\/wp-content\/uploads\/2024\/09\/uisa-dark.png","width":827,"height":171,"caption":"uisa"},"image":{"@id":"https:\/\/wp.uisa.com.br\/pt-br\/#\/schema\/logo\/image\/"},"sameAs":["https:\/\/www.facebook.com\/uisabiorrefinaria","https:\/\/www.instagram.com\/uisabiorrefinaria","https:\/\/www.linkedin.com\/company\/uisa","https:\/\/www.youtube.com\/@uisabiorrefinaria"]}]}},"featured_image_src":null,"featured_image_src_square":null,"_links":{"self":[{"href":"https:\/\/wp.uisa.com.br\/pt-br\/wp-json\/wp\/v2\/pages\/467","targetHints":{"allow":["GET"]}}],"collection":[{"href":"https:\/\/wp.uisa.com.br\/pt-br\/wp-json\/wp\/v2\/pages"}],"about":[{"href":"https:\/\/wp.uisa.com.br\/pt-br\/wp-json\/wp\/v2\/types\/page"}],"author":[{"embeddable":true,"href":"https:\/\/wp.uisa.com.br\/pt-br\/wp-json\/wp\/v2\/users\/3"}],"replies":[{"embeddable":true,"href":"https:\/\/wp.uisa.com.br\/pt-br\/wp-json\/wp\/v2\/comments?post=467"}],"version-history":[{"count":1,"href":"https:\/\/wp.uisa.com.br\/pt-br\/wp-json\/wp\/v2\/pages\/467\/revisions"}],"predecessor-version":[{"id":474,"href":"https:\/\/wp.uisa.com.br\/pt-br\/wp-json\/wp\/v2\/pages\/467\/revisions\/474"}],"wp:attachment":[{"href":"https:\/\/wp.uisa.com.br\/pt-br\/wp-json\/wp\/v2\/media?parent=467"}],"curies":[{"name":"wp","href":"https:\/\/api.w.org\/{rel}","templated":true}]}}