{"id":477,"date":"2024-10-31T17:55:03","date_gmt":"2024-10-31T17:55:03","guid":{"rendered":"https:\/\/wp.uisa.com.br\/pt-br\/?page_id=477"},"modified":"2024-10-31T17:55:04","modified_gmt":"2024-10-31T17:55:04","slug":"biogas","status":"publish","type":"page","link":"https:\/\/wp.uisa.com.br\/pt-br\/biogas\/","title":{"rendered":"Biog\u00e1s"},"content":{"rendered":"\n<figure class=\"wp-block-image size-full\"><img loading=\"lazy\" decoding=\"async\" width=\"2560\" height=\"1706\" src=\"https:\/\/wp.uisa.com.br\/wp-content\/uploads\/2024\/10\/biogasTT.png\" alt=\"\" class=\"wp-image-479\" srcset=\"https:\/\/wp.uisa.com.br\/wp-content\/uploads\/2024\/10\/biogasTT.png 2560w, https:\/\/wp.uisa.com.br\/wp-content\/uploads\/2024\/10\/biogasTT-300x200.png 300w, https:\/\/wp.uisa.com.br\/wp-content\/uploads\/2024\/10\/biogasTT-1024x682.png 1024w, https:\/\/wp.uisa.com.br\/wp-content\/uploads\/2024\/10\/biogasTT-768x512.png 768w, https:\/\/wp.uisa.com.br\/wp-content\/uploads\/2024\/10\/biogasTT-1536x1024.png 1536w, https:\/\/wp.uisa.com.br\/wp-content\/uploads\/2024\/10\/biogasTT-2048x1365.png 2048w\" sizes=\"auto, (max-width: 2560px) 100vw, 2560px\" \/><\/figure>\n\n\n\n<h2 class=\"wp-block-heading\">Aliado na transi\u00e7\u00e3o energ\u00e9tica<\/h2>\n\n\n\n<p>Considerado uma alternativa eficiente e mais acess\u00edvel que os combust\u00edveis f\u00f3sseis, o biog\u00e1s \u00e9 uma fonte de energia renov\u00e1vel, com alta oferta e demanda no pa\u00eds.<\/p>\n\n\n\n<p>Uma de suas mat\u00e9rias-primas \u00e9 a biomassa da cana-de-a\u00e7\u00facar, podendo ser utilizado tanto para atender ao crescente consumo de energia el\u00e9trica quanto como para combust\u00edvel veicular, substituindo o GNV e o diesel.<\/p>\n\n\n\n<p>A uisa est\u00e1 construindo sua planta de biog\u00e1s, que converter\u00e1 res\u00edduos l\u00edquidos e s\u00f3lidos, como a vinha\u00e7a, a torta de filtro e a palha, em biog\u00e1s.<\/p>\n\n\n\n<h1 class=\"wp-block-heading\">uisa Geo Bio gas&#038;carbon<\/h1>\n\n\n\n<p>Investimento total previsto<\/p>\n\n\n\n<p>R$ 250\u00a0milh\u00f5es<\/p>\n\n\n\n<p>Reaproveitamento m\u00e1ximo da mat\u00e9ria-prima e seus res\u00edduos<\/p>\n\n\n\n<h2 class=\"wp-block-heading\">uisa<\/h2>\n\n\n\n<p>uisa Geo Biogas \u00e9 uma joint venture entre a uisa e a empresa Geo Bio Gas&#038;Carbon<\/p>\n\n\n\n<h2 class=\"wp-block-heading\">geo<\/h2>\n\n\n\n<p>A Geo se destaca como empresa comprometida com solu\u00e7\u00f5es a partir do uso de carbono renov\u00e1vel, incluindo a produ\u00e7\u00e3o de biog\u00e1s, a gera\u00e7\u00e3o de energia el\u00e9trica limpa e a produ\u00e7\u00e3o de biocombust\u00edveis avan\u00e7ados.<\/p>\n\n\n\n<figure class=\"wp-block-image size-full\"><img loading=\"lazy\" decoding=\"async\" width=\"1500\" height=\"1000\" src=\"https:\/\/wp.uisa.com.br\/wp-content\/uploads\/2024\/10\/UISA-7.jpg\" alt=\"\" class=\"wp-image-491\" srcset=\"https:\/\/wp.uisa.com.br\/wp-content\/uploads\/2024\/10\/UISA-7.jpg 1500w, https:\/\/wp.uisa.com.br\/wp-content\/uploads\/2024\/10\/UISA-7-300x200.jpg 300w, https:\/\/wp.uisa.com.br\/wp-content\/uploads\/2024\/10\/UISA-7-1024x683.jpg 1024w, https:\/\/wp.uisa.com.br\/wp-content\/uploads\/2024\/10\/UISA-7-768x512.jpg 768w\" sizes=\"auto, (max-width: 1500px) 100vw, 1500px\" \/><\/figure>\n\n\n\n<h2 class=\"wp-block-heading\">Cards<\/h2>\n\n\n\n<p>A constru\u00e7\u00e3o de uma planta de biog\u00e1s no complexo industrial da uisa, em Nova Ol\u00edmpia, est\u00e1 a pleno vapor, com previs\u00e3o de funcionamento para o segundo semestre de 2026. O biog\u00e1s produzido pela Companhia ser\u00e1 destinado \u00e0 gera\u00e7\u00e3o de energia el\u00e9trica, produ\u00e7\u00e3o de biometano e biofertilizantes com alta concentra\u00e7\u00e3o de nutrientes.<\/p>\n\n\n\n<p>Com um investimento total previsto de R$ 250 milh\u00f5es, o empreendimento obteve o financiamento de R$ 80 milh\u00f5es pelo BNDES, via Fundo Clima. O projeto marca o potencial da uisa em aproveitar ao m\u00e1ximo as sinergias entre os processos, por meio do reaproveitamento da mat\u00e9ria-prima e seus res\u00edduos, como a torta de filtro e a vinha\u00e7a.<\/p>\n\n\n\n<p>Ao longo do tempo, poder\u00e3o ser incorporadas outras tecnologias para a produ\u00e7\u00e3o de metano, am\u00f4nia verde e hidrog\u00eanio verde. A uisa tem como meta garantir o abastecimento da frota canavieira com biometano at\u00e9 2028.<\/p>\n\n\n\n<figure class=\"wp-block-image size-full\"><img loading=\"lazy\" decoding=\"async\" width=\"800\" height=\"419\" src=\"https:\/\/wp.uisa.com.br\/wp-content\/uploads\/2024\/10\/Biogas-depois-10-1.png\" alt=\"\" class=\"wp-image-493\" srcset=\"https:\/\/wp.uisa.com.br\/wp-content\/uploads\/2024\/10\/Biogas-depois-10-1.png 800w, https:\/\/wp.uisa.com.br\/wp-content\/uploads\/2024\/10\/Biogas-depois-10-1-300x157.png 300w, https:\/\/wp.uisa.com.br\/wp-content\/uploads\/2024\/10\/Biogas-depois-10-1-768x402.png 768w\" sizes=\"auto, (max-width: 800px) 100vw, 800px\" \/><\/figure>\n\n\n\n<figure class=\"wp-block-image size-full\"><img loading=\"lazy\" decoding=\"async\" width=\"2000\" height=\"1125\" src=\"https:\/\/wp.uisa.com.br\/wp-content\/uploads\/2024\/10\/vinhaca.jpg\" alt=\"\" class=\"wp-image-494\" srcset=\"https:\/\/wp.uisa.com.br\/wp-content\/uploads\/2024\/10\/vinhaca.jpg 2000w, https:\/\/wp.uisa.com.br\/wp-content\/uploads\/2024\/10\/vinhaca-300x169.jpg 300w, https:\/\/wp.uisa.com.br\/wp-content\/uploads\/2024\/10\/vinhaca-1024x576.jpg 1024w, https:\/\/wp.uisa.com.br\/wp-content\/uploads\/2024\/10\/vinhaca-768x432.jpg 768w, https:\/\/wp.uisa.com.br\/wp-content\/uploads\/2024\/10\/vinhaca-1536x864.jpg 1536w\" sizes=\"auto, (max-width: 2000px) 100vw, 2000px\" \/><\/figure>\n\n\n\n<figure class=\"wp-block-image size-full\"><img loading=\"lazy\" decoding=\"async\" width=\"2000\" height=\"1333\" src=\"https:\/\/wp.uisa.com.br\/wp-content\/uploads\/2024\/10\/caminhao.jpg\" alt=\"\" class=\"wp-image-500\" srcset=\"https:\/\/wp.uisa.com.br\/wp-content\/uploads\/2024\/10\/caminhao.jpg 2000w, https:\/\/wp.uisa.com.br\/wp-content\/uploads\/2024\/10\/caminhao-300x200.jpg 300w, https:\/\/wp.uisa.com.br\/wp-content\/uploads\/2024\/10\/caminhao-1024x682.jpg 1024w, https:\/\/wp.uisa.com.br\/wp-content\/uploads\/2024\/10\/caminhao-768x512.jpg 768w, https:\/\/wp.uisa.com.br\/wp-content\/uploads\/2024\/10\/caminhao-1536x1024.jpg 1536w\" sizes=\"auto, (max-width: 2000px) 100vw, 2000px\" \/><\/figure>\n","protected":false},"excerpt":{"rendered":"<p>Aliado na transi\u00e7\u00e3o energ\u00e9tica Considerado uma alternativa eficiente e mais acess\u00edvel que os combust\u00edveis f\u00f3sseis, o biog\u00e1s \u00e9 uma fonte de energia renov\u00e1vel, com alta oferta e demanda no pa\u00eds. Uma de suas mat\u00e9rias-primas \u00e9 a biomassa da cana-de-a\u00e7\u00facar, podendo ser utilizado tanto para atender ao crescente consumo de energia el\u00e9trica quanto como para combust\u00edvel [&hellip;]<\/p>\n","protected":false},"author":3,"featured_media":0,"parent":0,"menu_order":0,"comment_status":"closed","ping_status":"closed","template":"","meta":{"footnotes":""},"class_list":["post-477","page","type-page","status-publish","hentry"],"yoast_head":"<!-- This site is optimized with the Yoast SEO plugin v27.6 - https:\/\/yoast.com\/product\/yoast-seo-wordpress\/ -->\n<title>Biog\u00e1s<\/title>\n<meta name=\"robots\" content=\"index, follow, max-snippet:-1, max-image-preview:large, max-video-preview:-1\" \/>\n<link rel=\"canonical\" href=\"https:\/\/wp.uisa.com.br\/pt-br\/biogas\/\" \/>\n<meta property=\"og:locale\" content=\"pt_BR\" \/>\n<meta property=\"og:locale:alternate\" content=\"en_US\" \/>\n<meta property=\"og:type\" content=\"article\" \/>\n<meta property=\"og:title\" content=\"Biog\u00e1s\" \/>\n<meta property=\"og:description\" content=\"Aliado na transi\u00e7\u00e3o energ\u00e9tica Considerado uma alternativa eficiente e mais acess\u00edvel que os combust\u00edveis f\u00f3sseis, o biog\u00e1s \u00e9 uma fonte de energia renov\u00e1vel, com alta oferta e demanda no pa\u00eds. Uma de suas mat\u00e9rias-primas \u00e9 a biomassa da cana-de-a\u00e7\u00facar, podendo ser utilizado tanto para atender ao crescente consumo de energia el\u00e9trica quanto como para combust\u00edvel [&hellip;]\" \/>\n<meta property=\"og:url\" content=\"https:\/\/wp.uisa.com.br\/pt-br\/biogas\/\" \/>\n<meta property=\"article:publisher\" content=\"https:\/\/www.facebook.com\/uisabiorrefinaria\" \/>\n<meta property=\"article:modified_time\" content=\"2024-10-31T17:55:04+00:00\" \/>\n<meta property=\"og:image\" content=\"https:\/\/wp.uisa.com.br\/wp-content\/uploads\/2024\/10\/biogasTT-1024x682.png\" \/>\n\t<meta property=\"og:image:width\" content=\"1024\" \/>\n\t<meta property=\"og:image:height\" content=\"682\" \/>\n\t<meta property=\"og:image:type\" content=\"image\/png\" \/>\n<meta name=\"twitter:card\" content=\"summary_large_image\" \/>\n<meta name=\"twitter:label1\" content=\"Est. tempo de leitura\" \/>\n\t<meta name=\"twitter:data1\" content=\"3 minutos\" \/>\n<script type=\"application\/ld+json\" class=\"yoast-schema-graph\">{\"@context\":\"https:\\\/\\\/schema.org\",\"@graph\":[{\"@type\":\"WebPage\",\"@id\":\"https:\\\/\\\/wp.uisa.com.br\\\/pt-br\\\/biogas\\\/\",\"url\":\"https:\\\/\\\/wp.uisa.com.br\\\/pt-br\\\/biogas\\\/\",\"name\":\"Biog\u00e1s\",\"isPartOf\":{\"@id\":\"https:\\\/\\\/wp.uisa.com.br\\\/pt-br\\\/#website\"},\"primaryImageOfPage\":{\"@id\":\"https:\\\/\\\/wp.uisa.com.br\\\/pt-br\\\/biogas\\\/#primaryimage\"},\"image\":{\"@id\":\"https:\\\/\\\/wp.uisa.com.br\\\/pt-br\\\/biogas\\\/#primaryimage\"},\"thumbnailUrl\":\"https:\\\/\\\/wp.uisa.com.br\\\/wp-content\\\/uploads\\\/2024\\\/10\\\/biogasTT.png\",\"datePublished\":\"2024-10-31T17:55:03+00:00\",\"dateModified\":\"2024-10-31T17:55:04+00:00\",\"inLanguage\":\"pt-br\",\"potentialAction\":[{\"@type\":\"ReadAction\",\"target\":[\"https:\\\/\\\/wp.uisa.com.br\\\/pt-br\\\/biogas\\\/\"]}]},{\"@type\":\"ImageObject\",\"inLanguage\":\"pt-br\",\"@id\":\"https:\\\/\\\/wp.uisa.com.br\\\/pt-br\\\/biogas\\\/#primaryimage\",\"url\":\"https:\\\/\\\/wp.uisa.com.br\\\/wp-content\\\/uploads\\\/2024\\\/10\\\/biogasTT.png\",\"contentUrl\":\"https:\\\/\\\/wp.uisa.com.br\\\/wp-content\\\/uploads\\\/2024\\\/10\\\/biogasTT.png\"},{\"@type\":\"WebSite\",\"@id\":\"https:\\\/\\\/wp.uisa.com.br\\\/pt-br\\\/#website\",\"url\":\"https:\\\/\\\/wp.uisa.com.br\\\/pt-br\\\/\",\"name\":\"uisa\",\"description\":\"\",\"publisher\":{\"@id\":\"https:\\\/\\\/wp.uisa.com.br\\\/pt-br\\\/#organization\"},\"potentialAction\":[{\"@type\":\"SearchAction\",\"target\":{\"@type\":\"EntryPoint\",\"urlTemplate\":\"https:\\\/\\\/wp.uisa.com.br\\\/pt-br\\\/?s={search_term_string}\"},\"query-input\":{\"@type\":\"PropertyValueSpecification\",\"valueRequired\":true,\"valueName\":\"search_term_string\"}}],\"inLanguage\":\"pt-br\"},{\"@type\":\"Organization\",\"@id\":\"https:\\\/\\\/wp.uisa.com.br\\\/pt-br\\\/#organization\",\"name\":\"uisa\",\"url\":\"https:\\\/\\\/wp.uisa.com.br\\\/pt-br\\\/\",\"logo\":{\"@type\":\"ImageObject\",\"inLanguage\":\"pt-br\",\"@id\":\"https:\\\/\\\/wp.uisa.com.br\\\/pt-br\\\/#\\\/schema\\\/logo\\\/image\\\/\",\"url\":\"https:\\\/\\\/wp.uisa.com.br\\\/wp-content\\\/uploads\\\/2024\\\/09\\\/uisa-dark.png\",\"contentUrl\":\"https:\\\/\\\/wp.uisa.com.br\\\/wp-content\\\/uploads\\\/2024\\\/09\\\/uisa-dark.png\",\"width\":827,\"height\":171,\"caption\":\"uisa\"},\"image\":{\"@id\":\"https:\\\/\\\/wp.uisa.com.br\\\/pt-br\\\/#\\\/schema\\\/logo\\\/image\\\/\"},\"sameAs\":[\"https:\\\/\\\/www.facebook.com\\\/uisabiorrefinaria\",\"https:\\\/\\\/www.instagram.com\\\/uisabiorrefinaria\",\"https:\\\/\\\/www.linkedin.com\\\/company\\\/uisa\",\"https:\\\/\\\/www.youtube.com\\\/@uisabiorrefinaria\"]}]}<\/script>\n<!-- \/ Yoast SEO plugin. -->","yoast_head_json":{"title":"Biog\u00e1s","robots":{"index":"index","follow":"follow","max-snippet":"max-snippet:-1","max-image-preview":"max-image-preview:large","max-video-preview":"max-video-preview:-1"},"canonical":"https:\/\/wp.uisa.com.br\/pt-br\/biogas\/","og_locale":"pt_BR","og_type":"article","og_title":"[:pt-br]Biog\u00e1s[:] -","og_description":"Aliado na transi\u00e7\u00e3o energ\u00e9tica Considerado uma alternativa eficiente e mais acess\u00edvel que os combust\u00edveis f\u00f3sseis, o biog\u00e1s \u00e9 uma fonte de energia renov\u00e1vel, com alta oferta e demanda no pa\u00eds. Uma de suas mat\u00e9rias-primas \u00e9 a biomassa da cana-de-a\u00e7\u00facar, podendo ser utilizado tanto para atender ao crescente consumo de energia el\u00e9trica quanto como para combust\u00edvel [&hellip;]","og_url":"https:\/\/wp.uisa.com.br\/pt-br\/biogas\/","article_publisher":"https:\/\/www.facebook.com\/uisabiorrefinaria","article_modified_time":"2024-10-31T17:55:04+00:00","og_image":[{"width":1024,"height":682,"url":"https:\/\/wp.uisa.com.br\/wp-content\/uploads\/2024\/10\/biogasTT-1024x682.png","type":"image\/png"}],"twitter_card":"summary_large_image","twitter_misc":{"Est. tempo de leitura":"3 minutos"},"schema":{"@context":"https:\/\/schema.org","@graph":[{"@type":"WebPage","@id":"https:\/\/wp.uisa.com.br\/pt-br\/biogas\/","url":"https:\/\/wp.uisa.com.br\/pt-br\/biogas\/","name":"Biog\u00e1s","isPartOf":{"@id":"https:\/\/wp.uisa.com.br\/pt-br\/#website"},"primaryImageOfPage":{"@id":"https:\/\/wp.uisa.com.br\/pt-br\/biogas\/#primaryimage"},"image":{"@id":"https:\/\/wp.uisa.com.br\/pt-br\/biogas\/#primaryimage"},"thumbnailUrl":"https:\/\/wp.uisa.com.br\/wp-content\/uploads\/2024\/10\/biogasTT.png","datePublished":"2024-10-31T17:55:03+00:00","dateModified":"2024-10-31T17:55:04+00:00","inLanguage":"pt-br","potentialAction":[{"@type":"ReadAction","target":["https:\/\/wp.uisa.com.br\/pt-br\/biogas\/"]}]},{"@type":"ImageObject","inLanguage":"pt-br","@id":"https:\/\/wp.uisa.com.br\/pt-br\/biogas\/#primaryimage","url":"https:\/\/wp.uisa.com.br\/wp-content\/uploads\/2024\/10\/biogasTT.png","contentUrl":"https:\/\/wp.uisa.com.br\/wp-content\/uploads\/2024\/10\/biogasTT.png"},{"@type":"WebSite","@id":"https:\/\/wp.uisa.com.br\/pt-br\/#website","url":"https:\/\/wp.uisa.com.br\/pt-br\/","name":"uisa","description":"","publisher":{"@id":"https:\/\/wp.uisa.com.br\/pt-br\/#organization"},"potentialAction":[{"@type":"SearchAction","target":{"@type":"EntryPoint","urlTemplate":"https:\/\/wp.uisa.com.br\/pt-br\/?s={search_term_string}"},"query-input":{"@type":"PropertyValueSpecification","valueRequired":true,"valueName":"search_term_string"}}],"inLanguage":"pt-br"},{"@type":"Organization","@id":"https:\/\/wp.uisa.com.br\/pt-br\/#organization","name":"uisa","url":"https:\/\/wp.uisa.com.br\/pt-br\/","logo":{"@type":"ImageObject","inLanguage":"pt-br","@id":"https:\/\/wp.uisa.com.br\/pt-br\/#\/schema\/logo\/image\/","url":"https:\/\/wp.uisa.com.br\/wp-content\/uploads\/2024\/09\/uisa-dark.png","contentUrl":"https:\/\/wp.uisa.com.br\/wp-content\/uploads\/2024\/09\/uisa-dark.png","width":827,"height":171,"caption":"uisa"},"image":{"@id":"https:\/\/wp.uisa.com.br\/pt-br\/#\/schema\/logo\/image\/"},"sameAs":["https:\/\/www.facebook.com\/uisabiorrefinaria","https:\/\/www.instagram.com\/uisabiorrefinaria","https:\/\/www.linkedin.com\/company\/uisa","https:\/\/www.youtube.com\/@uisabiorrefinaria"]}]}},"featured_image_src":null,"featured_image_src_square":null,"_links":{"self":[{"href":"https:\/\/wp.uisa.com.br\/pt-br\/wp-json\/wp\/v2\/pages\/477","targetHints":{"allow":["GET"]}}],"collection":[{"href":"https:\/\/wp.uisa.com.br\/pt-br\/wp-json\/wp\/v2\/pages"}],"about":[{"href":"https:\/\/wp.uisa.com.br\/pt-br\/wp-json\/wp\/v2\/types\/page"}],"author":[{"embeddable":true,"href":"https:\/\/wp.uisa.com.br\/pt-br\/wp-json\/wp\/v2\/users\/3"}],"replies":[{"embeddable":true,"href":"https:\/\/wp.uisa.com.br\/pt-br\/wp-json\/wp\/v2\/comments?post=477"}],"version-history":[{"count":1,"href":"https:\/\/wp.uisa.com.br\/pt-br\/wp-json\/wp\/v2\/pages\/477\/revisions"}],"predecessor-version":[{"id":507,"href":"https:\/\/wp.uisa.com.br\/pt-br\/wp-json\/wp\/v2\/pages\/477\/revisions\/507"}],"wp:attachment":[{"href":"https:\/\/wp.uisa.com.br\/pt-br\/wp-json\/wp\/v2\/media?parent=477"}],"curies":[{"name":"wp","href":"https:\/\/api.w.org\/{rel}","templated":true}]}}