{"id":511,"date":"2024-10-31T18:40:12","date_gmt":"2024-10-31T18:40:12","guid":{"rendered":"https:\/\/wp.uisa.com.br\/pt-br\/?page_id=511"},"modified":"2024-10-31T18:42:24","modified_gmt":"2024-10-31T18:42:24","slug":"levedura","status":"publish","type":"page","link":"https:\/\/wp.uisa.com.br\/pt-br\/levedura\/","title":{"rendered":"Levedura"},"content":{"rendered":"\n<figure class=\"wp-block-image size-full\"><img loading=\"lazy\" decoding=\"async\" width=\"2560\" height=\"1709\" src=\"https:\/\/wp.uisa.com.br\/wp-content\/uploads\/2024\/10\/monoculus-peacock-bass-cichla-monoculus-freshw-2024-03-05-17-08-10-utc.jpg\" alt=\"\" class=\"wp-image-642\" srcset=\"https:\/\/wp.uisa.com.br\/wp-content\/uploads\/2024\/10\/monoculus-peacock-bass-cichla-monoculus-freshw-2024-03-05-17-08-10-utc.jpg 2560w, https:\/\/wp.uisa.com.br\/wp-content\/uploads\/2024\/10\/monoculus-peacock-bass-cichla-monoculus-freshw-2024-03-05-17-08-10-utc-300x200.jpg 300w, https:\/\/wp.uisa.com.br\/wp-content\/uploads\/2024\/10\/monoculus-peacock-bass-cichla-monoculus-freshw-2024-03-05-17-08-10-utc-1024x684.jpg 1024w, https:\/\/wp.uisa.com.br\/wp-content\/uploads\/2024\/10\/monoculus-peacock-bass-cichla-monoculus-freshw-2024-03-05-17-08-10-utc-768x513.jpg 768w, https:\/\/wp.uisa.com.br\/wp-content\/uploads\/2024\/10\/monoculus-peacock-bass-cichla-monoculus-freshw-2024-03-05-17-08-10-utc-1536x1025.jpg 1536w, https:\/\/wp.uisa.com.br\/wp-content\/uploads\/2024\/10\/monoculus-peacock-bass-cichla-monoculus-freshw-2024-03-05-17-08-10-utc-2048x1367.jpg 2048w\" sizes=\"auto, (max-width: 2560px) 100vw, 2560px\" \/><\/figure>\n\n\n\n<h2 class=\"wp-block-heading\"><strong>Ingredientes de alto valor nutricional<\/strong><\/h2>\n\n\n\n<p>A uisa BioNutrition \u00e9 a unidade de neg\u00f3cios da companhia que tem a miss\u00e3o de trazer solu\u00e7\u00f5es para o mercado de nutri\u00e7\u00e3o e sa\u00fade animal.<\/p>\n\n\n\n<p>Unindo o know-how de uma equipe multidisciplinar, investimento em tecnologia industrial, conhecimento em biotecnologia e muita pesquisa cient\u00edfica, trabalhamos para disponibilizar ao mercado ingredientes nobres e funcionais.<\/p>\n\n\n\n<figure class=\"wp-block-image size-full\"><img loading=\"lazy\" decoding=\"async\" width=\"1241\" height=\"440\" src=\"https:\/\/wp.uisa.com.br\/wp-content\/uploads\/2024\/10\/bionutri-1.png\" alt=\"\" class=\"wp-image-645\" srcset=\"https:\/\/wp.uisa.com.br\/wp-content\/uploads\/2024\/10\/bionutri-1.png 1241w, https:\/\/wp.uisa.com.br\/wp-content\/uploads\/2024\/10\/bionutri-1-300x106.png 300w, https:\/\/wp.uisa.com.br\/wp-content\/uploads\/2024\/10\/bionutri-1-1024x363.png 1024w, https:\/\/wp.uisa.com.br\/wp-content\/uploads\/2024\/10\/bionutri-1-768x272.png 768w\" sizes=\"auto, (max-width: 1241px) 100vw, 1241px\" \/><\/figure>\n\n\n\n<h2 class=\"wp-block-heading\">Nutricional Cards<\/h2>\n\n\n\n<p>Mais seguran\u00e7a alimentar e bem-estar animal.<\/p>\n\n\n\n<p>Inova\u00e7\u00f5es e solu\u00e7\u00f5es para o mercado pecu\u00e1rio.<\/p>\n\n\n\n<h1 class=\"wp-block-heading\">Nossos produtos<\/h1>\n\n\n\n<h2 class=\"wp-block-heading\">Levedura Inativa<\/h2>\n\n\n\n<p>Obtida a partir de um processo fermentativo derivado da cana-de-a\u00e7\u00facar para a produ\u00e7\u00e3o de etanol.<\/p>\n\n\n\n<p>Composto 100% de c\u00e9lulas Saccharomyces cerevisiae.<\/p>\n\n\n\n<p>\u00c9 levedura \u00edntegra e de alta qualidade, inativada ap\u00f3s o processo de secagem por Spray Dryer.<\/p>\n\n\n\n<ul class=\"wp-block-list\">\n<li>Utilizada como fonte de prote\u00edna bruta de alto valor nutricional.<\/li>\n\n\n\n<li>Rica em vitaminas do complexo B.<\/li>\n\n\n\n<li>Possui um perfil balanceado de amino\u00e1cidos.<\/li>\n\n\n\n<li>Altamente palat\u00e1vel.<\/li>\n<\/ul>\n\n\n\n<figure class=\"wp-block-image size-full\"><img loading=\"lazy\" decoding=\"async\" width=\"339\" height=\"393\" src=\"https:\/\/wp.uisa.com.br\/wp-content\/uploads\/2024\/10\/imagem-22-1.png\" alt=\"\" class=\"wp-image-688\" srcset=\"https:\/\/wp.uisa.com.br\/wp-content\/uploads\/2024\/10\/imagem-22-1.png 339w, https:\/\/wp.uisa.com.br\/wp-content\/uploads\/2024\/10\/imagem-22-1-259x300.png 259w\" sizes=\"auto, (max-width: 339px) 100vw, 339px\" \/><\/figure>\n\n\n\n<h2 class=\"wp-block-heading\">Levedura Autolisada<\/h2>\n\n\n\n<p>As leveduras autolisadas s\u00e3o importantes ingredientes funcionais e seu uso t\u00eam crescido exponencialmente nos \u00faltimos anos, uma vez que os produtores passaram a buscar, dentro da levedura, solu\u00e7\u00f5es que proporcionem maior desempenho e sa\u00fade, resultando em alimentos seguros para o consumo.<\/p>\n\n\n\n<p>Em compara\u00e7\u00e3o a levedura inativa, apresenta conte\u00fado nutricional de alta digestibilidade, aliada a maior disponibilidade de B- glucanas e mananoligosacarideos (MOS), por isso desempenha um papel importante na sa\u00fade intestinal e performance zoot\u00e9cnica dos animais.<\/p>\n\n\n\n<ul class=\"wp-block-list\">\n<li>Redu\u00e7\u00e3o do estresse.<\/li>\n\n\n\n<li>Melhora do bem-estar animal.<\/li>\n\n\n\n<li>Melhor funcionamento intestinal.<\/li>\n\n\n\n<li>Melhor produ\u00e7\u00e3o de citocinas.<\/li>\n<\/ul>\n\n\n\n<figure class=\"wp-block-image size-full\"><img loading=\"lazy\" decoding=\"async\" width=\"335\" height=\"426\" src=\"https:\/\/wp.uisa.com.br\/wp-content\/uploads\/2024\/10\/imagem-24-1.png\" alt=\"\" class=\"wp-image-690\" srcset=\"https:\/\/wp.uisa.com.br\/wp-content\/uploads\/2024\/10\/imagem-24-1.png 335w, https:\/\/wp.uisa.com.br\/wp-content\/uploads\/2024\/10\/imagem-24-1-236x300.png 236w\" sizes=\"auto, (max-width: 335px) 100vw, 335px\" \/><\/figure>\n\n\n\n<h2 class=\"wp-block-heading\">Levedura Hidrolisada<\/h2>\n\n\n\n<p>\u00c9 obtida por processos que envolvem condi\u00e7\u00f5es espec\u00edficas de temperatura, visando o rompimento da parede celular e, consequentemente, extravasamento do conte\u00fado citoplasm\u00e1tico, com posterior adi\u00e7\u00e3o de enzimas que atuam na quebra do RNA.<\/p>\n\n\n\n<p>Esse processo de hidr\u00f3lise visa disponibilizar nucleot\u00eddios, que s\u00e3o unidades fundamentais para a duplica\u00e7\u00e3o celular, tornando o processo de turnover mais eficiente e r\u00e1pido.<\/p>\n\n\n\n<ul class=\"wp-block-list\">\n<li>Manuten\u00e7\u00e3o da integridade intestinal.<\/li>\n\n\n\n<li>Equil\u00edbrio da microbiota do TGI dos animais de produ\u00e7\u00e3o e companhia.<\/li>\n\n\n\n<li>Imunomodula\u00e7\u00e3o.<\/li>\n<\/ul>\n\n\n\n<figure class=\"wp-block-image size-full\"><img loading=\"lazy\" decoding=\"async\" width=\"324\" height=\"392\" src=\"https:\/\/wp.uisa.com.br\/wp-content\/uploads\/2024\/10\/imagem-23-1.png\" alt=\"\" class=\"wp-image-691\" srcset=\"https:\/\/wp.uisa.com.br\/wp-content\/uploads\/2024\/10\/imagem-23-1.png 324w, https:\/\/wp.uisa.com.br\/wp-content\/uploads\/2024\/10\/imagem-23-1-248x300.png 248w\" sizes=\"auto, (max-width: 324px) 100vw, 324px\" \/><\/figure>\n\n\n\n<h2 class=\"wp-block-heading\">Parede celular<\/h2>\n\n\n\n<p>Uma vez rompida a c\u00e9lula de levedura e submetida ao processo de centrifuga\u00e7\u00e3o, temos como resultado a parede celular, que \u00e9 constitu\u00edda principalmente de B Glucanas (1,3 e 1,6) e mananoligossacar\u00eddeos (MOS).<\/p>\n\n\n\n<p>Sua alta concentra\u00e7\u00e3o permite a obten\u00e7\u00e3o de resultado com baixa inclus\u00e3o nas f\u00f3rmulas.<\/p>\n\n\n\n<ul class=\"wp-block-list\">\n<li>Aglutina bact\u00e9rias patog\u00e9nicas Salmonella e E. coli.<\/li>\n\n\n\n<li>Modula\u00e7\u00e3o do sistema imune.<\/li>\n\n\n\n<li>Auxilia na adsor\u00e7\u00e3o de micotoxinas.<\/li>\n<\/ul>\n\n\n\n<figure class=\"wp-block-image size-full\"><img loading=\"lazy\" decoding=\"async\" width=\"329\" height=\"370\" src=\"https:\/\/wp.uisa.com.br\/wp-content\/uploads\/2024\/10\/imagem-25-1.png\" alt=\"\" class=\"wp-image-692\" srcset=\"https:\/\/wp.uisa.com.br\/wp-content\/uploads\/2024\/10\/imagem-25-1.png 329w, https:\/\/wp.uisa.com.br\/wp-content\/uploads\/2024\/10\/imagem-25-1-267x300.png 267w\" sizes=\"auto, (max-width: 329px) 100vw, 329px\" \/><\/figure>\n\n\n\n<p><\/p>\n\n\n\n<h2 class=\"wp-block-heading\"><strong>Diferenciais<\/strong><\/h2>\n\n\n\n<p>Processo de produ\u00e7\u00e3o em modo cont\u00ednuo, reduzindo os pontos de infec\u00e7\u00e3o e inefici\u00eancias dos processos em batelada.<\/p>\n\n\n\n<p>Planta totalmente constru\u00edda em inox.<\/p>\n\n\n\n<p>Tecnologia inovadora do reator de hidr\u00f3lise que garante melhor performance da rea\u00e7\u00e3o enzim\u00e1tica.<\/p>\n\n\n\n<p>Planta n\u00e3o necessita de corre\u00e7\u00e3o de pH para hidr\u00f3lise, garantido produtos com melhor padr\u00e3o de cor.<\/p>\n\n\n\n<p>Uso de enzimas especialmente desenvolvidas para maior efici\u00eancia dos processos de hidr\u00f3lise.<\/p>\n\n\n\n<p>Sistema de Spray com bicos de alta press\u00e3o, que garantem melhor uniformidade do produto.<\/p>\n\n\n\n<h2 class=\"wp-block-heading\">Entre em contato!<\/h2>\n\n\n\n<p>Tem alguma d\u00favida ou gostaria de saber mais sobre os nossos produtos? Preencha o formul\u00e1rio a abaixo:<\/p>\n","protected":false},"excerpt":{"rendered":"<p>Ingredientes de alto valor nutricional A uisa BioNutrition \u00e9 a unidade de neg\u00f3cios da companhia que tem a miss\u00e3o de trazer solu\u00e7\u00f5es para o mercado de nutri\u00e7\u00e3o e sa\u00fade animal. Unindo o know-how de uma equipe multidisciplinar, investimento em tecnologia industrial, conhecimento em biotecnologia e muita pesquisa cient\u00edfica, trabalhamos para disponibilizar ao mercado ingredientes nobres [&hellip;]<\/p>\n","protected":false},"author":3,"featured_media":0,"parent":0,"menu_order":0,"comment_status":"closed","ping_status":"closed","template":"","meta":{"footnotes":""},"class_list":["post-511","page","type-page","status-publish","hentry"],"yoast_head":"<!-- This site is optimized with the Yoast SEO plugin v27.6 - https:\/\/yoast.com\/product\/yoast-seo-wordpress\/ -->\n<title>Levedura<\/title>\n<meta name=\"robots\" content=\"index, follow, max-snippet:-1, max-image-preview:large, max-video-preview:-1\" \/>\n<link rel=\"canonical\" href=\"https:\/\/wp.uisa.com.br\/pt-br\/levedura\/\" \/>\n<meta property=\"og:locale\" content=\"pt_BR\" \/>\n<meta property=\"og:locale:alternate\" content=\"en_US\" \/>\n<meta property=\"og:type\" content=\"article\" \/>\n<meta property=\"og:title\" content=\"Levedura\" \/>\n<meta property=\"og:description\" content=\"Ingredientes de alto valor nutricional A uisa BioNutrition \u00e9 a unidade de neg\u00f3cios da companhia que tem a miss\u00e3o de trazer solu\u00e7\u00f5es para o mercado de nutri\u00e7\u00e3o e sa\u00fade animal. Unindo o know-how de uma equipe multidisciplinar, investimento em tecnologia industrial, conhecimento em biotecnologia e muita pesquisa cient\u00edfica, trabalhamos para disponibilizar ao mercado ingredientes nobres [&hellip;]\" \/>\n<meta property=\"og:url\" content=\"https:\/\/wp.uisa.com.br\/pt-br\/levedura\/\" \/>\n<meta property=\"article:publisher\" content=\"https:\/\/www.facebook.com\/uisabiorrefinaria\" \/>\n<meta property=\"article:modified_time\" content=\"2024-10-31T18:42:24+00:00\" \/>\n<meta property=\"og:image\" content=\"https:\/\/wp.uisa.com.br\/wp-content\/uploads\/2024\/10\/monoculus-peacock-bass-cichla-monoculus-freshw-2024-03-05-17-08-10-utc.jpg\" \/>\n\t<meta property=\"og:image:width\" content=\"2560\" \/>\n\t<meta property=\"og:image:height\" content=\"1709\" \/>\n\t<meta property=\"og:image:type\" content=\"image\/jpeg\" \/>\n<meta name=\"twitter:card\" content=\"summary_large_image\" \/>\n<meta name=\"twitter:label1\" content=\"Est. tempo de leitura\" \/>\n\t<meta name=\"twitter:data1\" content=\"4 minutos\" \/>\n<script type=\"application\/ld+json\" class=\"yoast-schema-graph\">{\"@context\":\"https:\\\/\\\/schema.org\",\"@graph\":[{\"@type\":\"WebPage\",\"@id\":\"https:\\\/\\\/wp.uisa.com.br\\\/pt-br\\\/levedura\\\/\",\"url\":\"https:\\\/\\\/wp.uisa.com.br\\\/pt-br\\\/levedura\\\/\",\"name\":\"Levedura\",\"isPartOf\":{\"@id\":\"https:\\\/\\\/wp.uisa.com.br\\\/pt-br\\\/#website\"},\"primaryImageOfPage\":{\"@id\":\"https:\\\/\\\/wp.uisa.com.br\\\/pt-br\\\/levedura\\\/#primaryimage\"},\"image\":{\"@id\":\"https:\\\/\\\/wp.uisa.com.br\\\/pt-br\\\/levedura\\\/#primaryimage\"},\"thumbnailUrl\":\"https:\\\/\\\/wp.uisa.com.br\\\/wp-content\\\/uploads\\\/2024\\\/10\\\/monoculus-peacock-bass-cichla-monoculus-freshw-2024-03-05-17-08-10-utc.jpg\",\"datePublished\":\"2024-10-31T18:40:12+00:00\",\"dateModified\":\"2024-10-31T18:42:24+00:00\",\"inLanguage\":\"pt-br\",\"potentialAction\":[{\"@type\":\"ReadAction\",\"target\":[\"https:\\\/\\\/wp.uisa.com.br\\\/pt-br\\\/levedura\\\/\"]}]},{\"@type\":\"ImageObject\",\"inLanguage\":\"pt-br\",\"@id\":\"https:\\\/\\\/wp.uisa.com.br\\\/pt-br\\\/levedura\\\/#primaryimage\",\"url\":\"https:\\\/\\\/wp.uisa.com.br\\\/wp-content\\\/uploads\\\/2024\\\/10\\\/monoculus-peacock-bass-cichla-monoculus-freshw-2024-03-05-17-08-10-utc.jpg\",\"contentUrl\":\"https:\\\/\\\/wp.uisa.com.br\\\/wp-content\\\/uploads\\\/2024\\\/10\\\/monoculus-peacock-bass-cichla-monoculus-freshw-2024-03-05-17-08-10-utc.jpg\"},{\"@type\":\"WebSite\",\"@id\":\"https:\\\/\\\/wp.uisa.com.br\\\/pt-br\\\/#website\",\"url\":\"https:\\\/\\\/wp.uisa.com.br\\\/pt-br\\\/\",\"name\":\"uisa\",\"description\":\"\",\"publisher\":{\"@id\":\"https:\\\/\\\/wp.uisa.com.br\\\/pt-br\\\/#organization\"},\"potentialAction\":[{\"@type\":\"SearchAction\",\"target\":{\"@type\":\"EntryPoint\",\"urlTemplate\":\"https:\\\/\\\/wp.uisa.com.br\\\/pt-br\\\/?s={search_term_string}\"},\"query-input\":{\"@type\":\"PropertyValueSpecification\",\"valueRequired\":true,\"valueName\":\"search_term_string\"}}],\"inLanguage\":\"pt-br\"},{\"@type\":\"Organization\",\"@id\":\"https:\\\/\\\/wp.uisa.com.br\\\/pt-br\\\/#organization\",\"name\":\"uisa\",\"url\":\"https:\\\/\\\/wp.uisa.com.br\\\/pt-br\\\/\",\"logo\":{\"@type\":\"ImageObject\",\"inLanguage\":\"pt-br\",\"@id\":\"https:\\\/\\\/wp.uisa.com.br\\\/pt-br\\\/#\\\/schema\\\/logo\\\/image\\\/\",\"url\":\"https:\\\/\\\/wp.uisa.com.br\\\/wp-content\\\/uploads\\\/2024\\\/09\\\/uisa-dark.png\",\"contentUrl\":\"https:\\\/\\\/wp.uisa.com.br\\\/wp-content\\\/uploads\\\/2024\\\/09\\\/uisa-dark.png\",\"width\":827,\"height\":171,\"caption\":\"uisa\"},\"image\":{\"@id\":\"https:\\\/\\\/wp.uisa.com.br\\\/pt-br\\\/#\\\/schema\\\/logo\\\/image\\\/\"},\"sameAs\":[\"https:\\\/\\\/www.facebook.com\\\/uisabiorrefinaria\",\"https:\\\/\\\/www.instagram.com\\\/uisabiorrefinaria\",\"https:\\\/\\\/www.linkedin.com\\\/company\\\/uisa\",\"https:\\\/\\\/www.youtube.com\\\/@uisabiorrefinaria\"]}]}<\/script>\n<!-- \/ Yoast SEO plugin. -->","yoast_head_json":{"title":"Levedura","robots":{"index":"index","follow":"follow","max-snippet":"max-snippet:-1","max-image-preview":"max-image-preview:large","max-video-preview":"max-video-preview:-1"},"canonical":"https:\/\/wp.uisa.com.br\/pt-br\/levedura\/","og_locale":"pt_BR","og_type":"article","og_title":"[:pt-br]Levedura[:] -","og_description":"Ingredientes de alto valor nutricional A uisa BioNutrition \u00e9 a unidade de neg\u00f3cios da companhia que tem a miss\u00e3o de trazer solu\u00e7\u00f5es para o mercado de nutri\u00e7\u00e3o e sa\u00fade animal. Unindo o know-how de uma equipe multidisciplinar, investimento em tecnologia industrial, conhecimento em biotecnologia e muita pesquisa cient\u00edfica, trabalhamos para disponibilizar ao mercado ingredientes nobres [&hellip;]","og_url":"https:\/\/wp.uisa.com.br\/pt-br\/levedura\/","article_publisher":"https:\/\/www.facebook.com\/uisabiorrefinaria","article_modified_time":"2024-10-31T18:42:24+00:00","og_image":[{"width":2560,"height":1709,"url":"https:\/\/wp.uisa.com.br\/wp-content\/uploads\/2024\/10\/monoculus-peacock-bass-cichla-monoculus-freshw-2024-03-05-17-08-10-utc.jpg","type":"image\/jpeg"}],"twitter_card":"summary_large_image","twitter_misc":{"Est. tempo de leitura":"4 minutos"},"schema":{"@context":"https:\/\/schema.org","@graph":[{"@type":"WebPage","@id":"https:\/\/wp.uisa.com.br\/pt-br\/levedura\/","url":"https:\/\/wp.uisa.com.br\/pt-br\/levedura\/","name":"Levedura","isPartOf":{"@id":"https:\/\/wp.uisa.com.br\/pt-br\/#website"},"primaryImageOfPage":{"@id":"https:\/\/wp.uisa.com.br\/pt-br\/levedura\/#primaryimage"},"image":{"@id":"https:\/\/wp.uisa.com.br\/pt-br\/levedura\/#primaryimage"},"thumbnailUrl":"https:\/\/wp.uisa.com.br\/wp-content\/uploads\/2024\/10\/monoculus-peacock-bass-cichla-monoculus-freshw-2024-03-05-17-08-10-utc.jpg","datePublished":"2024-10-31T18:40:12+00:00","dateModified":"2024-10-31T18:42:24+00:00","inLanguage":"pt-br","potentialAction":[{"@type":"ReadAction","target":["https:\/\/wp.uisa.com.br\/pt-br\/levedura\/"]}]},{"@type":"ImageObject","inLanguage":"pt-br","@id":"https:\/\/wp.uisa.com.br\/pt-br\/levedura\/#primaryimage","url":"https:\/\/wp.uisa.com.br\/wp-content\/uploads\/2024\/10\/monoculus-peacock-bass-cichla-monoculus-freshw-2024-03-05-17-08-10-utc.jpg","contentUrl":"https:\/\/wp.uisa.com.br\/wp-content\/uploads\/2024\/10\/monoculus-peacock-bass-cichla-monoculus-freshw-2024-03-05-17-08-10-utc.jpg"},{"@type":"WebSite","@id":"https:\/\/wp.uisa.com.br\/pt-br\/#website","url":"https:\/\/wp.uisa.com.br\/pt-br\/","name":"uisa","description":"","publisher":{"@id":"https:\/\/wp.uisa.com.br\/pt-br\/#organization"},"potentialAction":[{"@type":"SearchAction","target":{"@type":"EntryPoint","urlTemplate":"https:\/\/wp.uisa.com.br\/pt-br\/?s={search_term_string}"},"query-input":{"@type":"PropertyValueSpecification","valueRequired":true,"valueName":"search_term_string"}}],"inLanguage":"pt-br"},{"@type":"Organization","@id":"https:\/\/wp.uisa.com.br\/pt-br\/#organization","name":"uisa","url":"https:\/\/wp.uisa.com.br\/pt-br\/","logo":{"@type":"ImageObject","inLanguage":"pt-br","@id":"https:\/\/wp.uisa.com.br\/pt-br\/#\/schema\/logo\/image\/","url":"https:\/\/wp.uisa.com.br\/wp-content\/uploads\/2024\/09\/uisa-dark.png","contentUrl":"https:\/\/wp.uisa.com.br\/wp-content\/uploads\/2024\/09\/uisa-dark.png","width":827,"height":171,"caption":"uisa"},"image":{"@id":"https:\/\/wp.uisa.com.br\/pt-br\/#\/schema\/logo\/image\/"},"sameAs":["https:\/\/www.facebook.com\/uisabiorrefinaria","https:\/\/www.instagram.com\/uisabiorrefinaria","https:\/\/www.linkedin.com\/company\/uisa","https:\/\/www.youtube.com\/@uisabiorrefinaria"]}]}},"featured_image_src":null,"featured_image_src_square":null,"_links":{"self":[{"href":"https:\/\/wp.uisa.com.br\/pt-br\/wp-json\/wp\/v2\/pages\/511","targetHints":{"allow":["GET"]}}],"collection":[{"href":"https:\/\/wp.uisa.com.br\/pt-br\/wp-json\/wp\/v2\/pages"}],"about":[{"href":"https:\/\/wp.uisa.com.br\/pt-br\/wp-json\/wp\/v2\/types\/page"}],"author":[{"embeddable":true,"href":"https:\/\/wp.uisa.com.br\/pt-br\/wp-json\/wp\/v2\/users\/3"}],"replies":[{"embeddable":true,"href":"https:\/\/wp.uisa.com.br\/pt-br\/wp-json\/wp\/v2\/comments?post=511"}],"version-history":[{"count":2,"href":"https:\/\/wp.uisa.com.br\/pt-br\/wp-json\/wp\/v2\/pages\/511\/revisions"}],"predecessor-version":[{"id":693,"href":"https:\/\/wp.uisa.com.br\/pt-br\/wp-json\/wp\/v2\/pages\/511\/revisions\/693"}],"wp:attachment":[{"href":"https:\/\/wp.uisa.com.br\/pt-br\/wp-json\/wp\/v2\/media?parent=511"}],"curies":[{"name":"wp","href":"https:\/\/api.w.org\/{rel}","templated":true}]}}