{"id":694,"date":"2024-11-01T13:07:33","date_gmt":"2024-11-01T13:07:33","guid":{"rendered":"https:\/\/wp.uisa.com.br\/pt-br\/?page_id=694"},"modified":"2024-11-01T13:07:34","modified_gmt":"2024-11-01T13:07:34","slug":"quem-somos-2","status":"publish","type":"page","link":"https:\/\/wp.uisa.com.br\/pt-br\/quem-somos-2\/","title":{"rendered":"Quem somos"},"content":{"rendered":"\n<figure class=\"wp-block-image size-full\"><img loading=\"lazy\" decoding=\"async\" width=\"2560\" height=\"1707\" src=\"https:\/\/wp.uisa.com.br\/wp-content\/uploads\/2024\/10\/Campo-_46_-1.webp\" alt=\"\" class=\"wp-image-696\" srcset=\"https:\/\/wp.uisa.com.br\/wp-content\/uploads\/2024\/10\/Campo-_46_-1.webp 2560w, https:\/\/wp.uisa.com.br\/wp-content\/uploads\/2024\/10\/Campo-_46_-1-300x200.webp 300w, https:\/\/wp.uisa.com.br\/wp-content\/uploads\/2024\/10\/Campo-_46_-1-1024x683.webp 1024w, https:\/\/wp.uisa.com.br\/wp-content\/uploads\/2024\/10\/Campo-_46_-1-768x512.webp 768w, https:\/\/wp.uisa.com.br\/wp-content\/uploads\/2024\/10\/Campo-_46_-1-1536x1024.webp 1536w, https:\/\/wp.uisa.com.br\/wp-content\/uploads\/2024\/10\/Campo-_46_-1-2048x1366.webp 2048w\" sizes=\"auto, (max-width: 2560px) 100vw, 2560px\" \/><\/figure>\n\n\n\n<ul class=\"wp-block-list\">\n<li>Sobre a uisa<\/li>\n\n\n\n<li>Hist\u00f3ria<\/li>\n\n\n\n<li>Linha do tempo<\/li>\n\n\n\n<li>Onde estamos<\/li>\n<\/ul>\n\n\n\n<h2 class=\"wp-block-heading\"><strong>Uma gigante no cora\u00e7\u00e3o do Brasil<\/strong><\/h2>\n\n\n\n<p>Somos uma das maiores e mais integradas biorrefinarias do pa\u00eds. Contamos com um modelo de neg\u00f3cio que permite a transforma\u00e7\u00e3o de mat\u00e9rias-primas renov\u00e1veis e de seus res\u00edduos em biocombust\u00edveis, energia limpa, alimentos, fertilizantes org\u00e2nicos e leveduras. Estamos localizados em Mato Grosso e temos como diretriz a maximiza\u00e7\u00e3o da sustentabilidade e a redu\u00e7\u00e3o das emiss\u00f5es de carbono, a partir do processamento de biomassas.<\/p>\n\n\n\n<p>Com um time de mais de 3.300 funcion\u00e1rios e importantes parcerias, atuamos em todas as etapas da cadeia produtiva, desde o plantio da cana-de-a\u00e7\u00facar at\u00e9 o com\u00e9rcio, log\u00edstica e distribui\u00e7\u00e3o do produto acabado. S\u00e3o mais de 43 anos de hist\u00f3ria com atua\u00e7\u00e3o nas regi\u00f5es Centro-Oeste e Norte do Brasil.<\/p>\n\n\n\n<figure class=\"wp-block-image size-full\"><img loading=\"lazy\" decoding=\"async\" width=\"2000\" height=\"1333\" src=\"https:\/\/wp.uisa.com.br\/wp-content\/uploads\/2024\/10\/Industria-uisa-Biond.jpg\" alt=\"\" class=\"wp-image-699\" srcset=\"https:\/\/wp.uisa.com.br\/wp-content\/uploads\/2024\/10\/Industria-uisa-Biond.jpg 2000w, https:\/\/wp.uisa.com.br\/wp-content\/uploads\/2024\/10\/Industria-uisa-Biond-300x200.jpg 300w, https:\/\/wp.uisa.com.br\/wp-content\/uploads\/2024\/10\/Industria-uisa-Biond-1024x682.jpg 1024w, https:\/\/wp.uisa.com.br\/wp-content\/uploads\/2024\/10\/Industria-uisa-Biond-768x512.jpg 768w, https:\/\/wp.uisa.com.br\/wp-content\/uploads\/2024\/10\/Industria-uisa-Biond-1536x1024.jpg 1536w\" sizes=\"auto, (max-width: 2000px) 100vw, 2000px\" \/><\/figure>\n\n\n\n<h1 class=\"wp-block-heading\">Lista: Miss\u00e3o, Vis\u00e3o, Princ\u00edpios<\/h1>\n\n\n\n<h2 class=\"wp-block-heading\">Miss\u00e3o<\/h2>\n\n\n\n<p>Oferecer solu\u00e7\u00f5es eficazes no processamento sustent\u00e1vel de biomassa atrav\u00e9s de diversidade de bioprodutos e bioenergia renov\u00e1vel, em harmonia e respeito por funcion\u00e1rios, clientes, fornecedores, comunidade, meio ambiente e acionistas.<\/p>\n\n\n\n<h2 class=\"wp-block-heading\">Vis\u00e3o<\/h2>\n\n\n\n<p>Ser a refer\u00eancia de excel\u00eancia, inova\u00e7\u00e3o e efici\u00eancia em biorrefinarias, atrav\u00e9s do oferecimento de solu\u00e7\u00f5es completas e sustent\u00e1veis em bioprodutos e bioenergia renov\u00e1vel para o mercado.<\/p>\n\n\n\n<h2 class=\"wp-block-heading\">Princ\u00edpios<\/h2>\n\n\n\n<p>\u2022&nbsp;O respeito como base de todos os relacionamentos;<\/p>\n\n\n\n<p>\u2022&nbsp;O di\u00e1logo como partilha e confronto de ideias, na perspectiva da amplia\u00e7\u00e3o do conhecimento e do enriquecimento coletivo da cultura;<\/p>\n\n\n\n<p>\u2022&nbsp;Preservar e respeitar os valores da \u201cDeclara\u00e7\u00e3o Universal dos Direitos Humanos\u201d e das Constitui\u00e7\u00f5es Federal, Estadual e Municipal;<\/p>\n\n\n\n<p>\u2022&nbsp;Estabelecer canais de comunica\u00e7\u00e3o de forma aberta, honesta e objetiva, procurando sempre facilitar e agilizar o fluxo de informa\u00e7\u00f5es;<\/p>\n\n\n\n<p>\u2022&nbsp;Agir com transpar\u00eancia;<\/p>\n\n\n\n<p>\u2022&nbsp;Atuar com agilidade e precis\u00e3o;<\/p>\n\n\n\n<p>\u2022&nbsp;Reconhecer a diversidade de opini\u00f5es, preservando o direito \u00e0 liberdade de express\u00e3o;<\/p>\n\n\n\n<p>\u2022&nbsp;Buscar a cont\u00ednua melhoria de suas pr\u00e1ticas, utilizando eficientemente os recursos dispon\u00edveis;<\/p>\n\n\n\n<p>\u2022&nbsp;Repudiar o trabalho infantil;<\/p>\n\n\n\n<p>\u2022&nbsp;Trabalhar com produtos e pr\u00e1ticas de fabrica\u00e7\u00e3o que visem eliminar e\/ ou minimizar o impacto ambiental;<\/p>\n\n\n\n<p>\u2022&nbsp;Respeitar a diversidade de sexo, idade, ra\u00e7a, cultura, orienta\u00e7\u00e3o sexual e religi\u00e3o.<\/p>\n\n\n\n<h2 class=\"wp-block-heading\">Valores<\/h2>\n\n\n\n<p>\u2022&nbsp;Respeitar a lei com Integridade e \u00c9tica;<\/p>\n\n\n\n<p>\u2022&nbsp;Desenvolver pessoas, as quais s\u00e3o vitais ao nosso neg\u00f3cio, num ambiente de seguran\u00e7a e bem-estar com respeito \u00e0 diversidade;<\/p>\n\n\n\n<p>\u2022&nbsp;Ter o compromisso com um atendimento de qualidade;<\/p>\n\n\n\n<p>\u2022&nbsp;Ser um agente de mudan\u00e7a com impacto social positivo nas comunidades onde atuamos;<\/p>\n\n\n\n<p>\u2022&nbsp;Buscar a\u00e7\u00f5es que respeitem o meio ambiente e ser contribuidor para a sustentabilidade do planeta atrav\u00e9s de nossos produtos e a\u00e7\u00f5es;<\/p>\n\n\n\n<p>\u2022&nbsp;Manter nossa competitividade atrav\u00e9s de inova\u00e7\u00e3o cont\u00ednua, alta qualidade e otimiza\u00e7\u00e3o de nossos processos;<\/p>\n\n\n\n<p>\u2022&nbsp;Criar valor para nossos acionistas, atrav\u00e9s da busca permanente de alto desempenho agroindustrial, com metas claras, objetividade, efici\u00eancia e simplicidade na execu\u00e7\u00e3o.<\/p>\n\n\n\n<p><\/p>\n\n\n\n<h2 class=\"wp-block-heading\">Hist\u00f3ria<\/h2>\n\n\n\n<p>Nossa funda\u00e7\u00e3o aconteceu em 1980, sob o nome Destilarias Itamarati.<br>Em 2019, mudamos de nome para &nbsp;<strong>uisa<\/strong>, e marcamos o in\u00edcio de um novo ciclo.<\/p>\n\n\n\n<p>Atividades com foco na produ\u00e7\u00e3o de energias limpas, alimentos e insumos \u00e0 base de cana-de-a\u00e7\u00facar.<\/p>\n\n\n\n<figure class=\"wp-block-image size-full\"><img loading=\"lazy\" decoding=\"async\" width=\"1800\" height=\"1200\" src=\"https:\/\/wp.uisa.com.br\/wp-content\/uploads\/2024\/10\/UISA-NOVA-OLIMPIA-357.jpg\" alt=\"\" class=\"wp-image-745\" srcset=\"https:\/\/wp.uisa.com.br\/wp-content\/uploads\/2024\/10\/UISA-NOVA-OLIMPIA-357.jpg 1800w, https:\/\/wp.uisa.com.br\/wp-content\/uploads\/2024\/10\/UISA-NOVA-OLIMPIA-357-300x200.jpg 300w, https:\/\/wp.uisa.com.br\/wp-content\/uploads\/2024\/10\/UISA-NOVA-OLIMPIA-357-1024x683.jpg 1024w, https:\/\/wp.uisa.com.br\/wp-content\/uploads\/2024\/10\/UISA-NOVA-OLIMPIA-357-768x512.jpg 768w, https:\/\/wp.uisa.com.br\/wp-content\/uploads\/2024\/10\/UISA-NOVA-OLIMPIA-357-1536x1024.jpg 1536w\" sizes=\"auto, (max-width: 1800px) 100vw, 1800px\" \/><\/figure>\n\n\n\n<h2 class=\"wp-block-heading\">Patio uisa<\/h2>\n\n\n\n<p>Temos muito orgulho da nossa hist\u00f3ria e valorizamos os passos dados at\u00e9 aqui, fruto do esfor\u00e7o, profissionalismo e comprometimento da nossa gente. Desde que nascemos, entregamos qualidade, inova\u00e7\u00e3o e excel\u00eancia ao mercado consumidor nacional e internacional.<\/p>\n\n\n\n<p>Estamos focados em promover o desenvolvimento sustent\u00e1vel e o crescimento das comunidades locais e do pa\u00eds, atentos aos desafios globais e \u00e0s pautas emergentes.<\/p>\n\n\n\n<figure class=\"wp-block-image size-full\"><img loading=\"lazy\" decoding=\"async\" width=\"2200\" height=\"1467\" src=\"https:\/\/wp.uisa.com.br\/wp-content\/uploads\/2024\/11\/UISA-NOVA-OLIMPIA-10.jpg\" alt=\"\" class=\"wp-image-948\" srcset=\"https:\/\/wp.uisa.com.br\/wp-content\/uploads\/2024\/11\/UISA-NOVA-OLIMPIA-10.jpg 2200w, https:\/\/wp.uisa.com.br\/wp-content\/uploads\/2024\/11\/UISA-NOVA-OLIMPIA-10-300x200.jpg 300w, https:\/\/wp.uisa.com.br\/wp-content\/uploads\/2024\/11\/UISA-NOVA-OLIMPIA-10-1024x683.jpg 1024w, https:\/\/wp.uisa.com.br\/wp-content\/uploads\/2024\/11\/UISA-NOVA-OLIMPIA-10-768x512.jpg 768w, https:\/\/wp.uisa.com.br\/wp-content\/uploads\/2024\/11\/UISA-NOVA-OLIMPIA-10-1536x1024.jpg 1536w, https:\/\/wp.uisa.com.br\/wp-content\/uploads\/2024\/11\/UISA-NOVA-OLIMPIA-10-2048x1366.jpg 2048w\" sizes=\"auto, (max-width: 2200px) 100vw, 2200px\" \/><\/figure>\n\n\n\n<h2 class=\"wp-block-heading\">Linha do tempo<\/h2>\n\n\n\n<h2 class=\"wp-block-heading\">1980<\/h2>\n\n\n\n<p>Instalada em Nova Ol\u00edmpia, interior de Mato Grosso, fomos inicialmente chamada de Destilarias Itamarati. Posteriormente, recebemos o nome de Usinas Itamarati. O empreendimento \u00e9 reconhecido, at\u00e9 hoje, como um dos maiores do setor sucroenerg\u00e9tico do Brasil.<\/p>\n\n\n\n<h2 class=\"wp-block-heading\">1983<\/h2>\n\n\n\n<p>Ocorre a primeira safra, a partir do cultivo de 7 mil hectares de cana-de-a\u00e7\u00facar, que resultou na moagem de 25 mil toneladas, produzindo 150 mil litros de etanol. Na ocasi\u00e3o, t\u00ednhamos uma equipe efetiva de 300 funcion\u00e1rios.<\/p>\n\n\n\n<h2 class=\"wp-block-heading\">1992<\/h2>\n\n\n\n<p>Iniciada a colheita mecanizada de cana-de-a\u00e7\u00facar.<\/p>\n\n\n\n<h2 class=\"wp-block-heading\">1993<\/h2>\n\n\n\n<p>Acontece a primeira expans\u00e3o da nossa planta, com a instala\u00e7\u00e3o da f\u00e1brica de a\u00e7\u00facar. Nesse ano tamb\u00e9m iniciamos a produ\u00e7\u00e3o de energia el\u00e9trica a partir da biomassa da cana-de-a\u00e7\u00facar, o que nos tornou autossuficientes em energia durante a safra. Ap\u00f3s esse per\u00edodo, passamos a nos chamar Usinas Itamarati S\/A.<\/p>\n\n\n\n<h2 class=\"wp-block-heading\">2001<\/h2>\n\n\n\n<p>A partir deste ano, passamos a comercializar o excedente de bioenergia durante a safra, exportando 8.126,8 MWh para a concession\u00e1ria estadual.<\/p>\n\n\n\n<h2 class=\"wp-block-heading\">2006<\/h2>\n\n\n\n<p>Em 2006, implantamos o plantio mecanizado, chegando a 58% na safra 2011\/2012. Tamb\u00e9m em 2006, iniciamos a comercializa\u00e7\u00e3o dos cr\u00e9ditos de carbono.<\/p>\n\n\n\n<h2 class=\"wp-block-heading\">2007<\/h2>\n\n\n\n<p>Ampliamos nossa capacidade de produ\u00e7\u00e3o.<\/p>\n\n\n\n<h2 class=\"wp-block-heading\">2011<\/h2>\n\n\n\n<p>Atingimos 100% de colheita mecanizada e cana crua.<\/p>\n\n\n\n<h2 class=\"wp-block-heading\">2012<\/h2>\n\n\n\n<p>Recebemos o selo de Reconhecimento do Compromisso Nacional para Aperfei\u00e7oar as Condi\u00e7\u00f5es de Trabalho na Cana-de-A\u00e7\u00facar.<\/p>\n\n\n\n<h2 class=\"wp-block-heading\">2014<\/h2>\n\n\n\n<p>Fomos outorgados com o Pr\u00eamio Qualidade Fornecedores de Ingredientes Coca-Cola.<\/p>\n\n\n\n<h2 class=\"wp-block-heading\">2017<\/h2>\n\n\n\n<p>Esse ano marca a entrada de novos investidores, um novo cap\u00edtulo em nossa hist\u00f3ria.<\/p>\n\n\n\n<h2 class=\"wp-block-heading\">2018<\/h2>\n\n\n\n<p>Recebemos as Certifica\u00e7\u00f5es Bonsucro: considerado o principal padr\u00e3o internacional de pr\u00e1ticas sustent\u00e1veis na cadeia da cana-de-a\u00e7\u00facar.<\/p>\n\n\n\n<h2 class=\"wp-block-heading\">2019<\/h2>\n\n\n\n<p>Rebranding de nossa marca para\u00a0<strong>uisa<\/strong>\u00a0\u2013 Novo significado para a marca e para a Companhia. Passamos a nos posicionar como um player de bioenergia, bioprodutos e alimentos, com presen\u00e7a em Mato Grosso e no Norte do pa\u00eds, onde somos l\u00edderes no mercado de a\u00e7\u00facar com a marca A\u00e7\u00facar Itamarati.<\/p>\n\n\n\n<h2 class=\"wp-block-heading\">2020<\/h2>\n\n\n\n<p>Iniciamos a comercializa\u00e7\u00e3o dos CBIOs (Cr\u00e9ditos de Descarboniza\u00e7\u00e3o).<\/p>\n\n\n\n<h2 class=\"wp-block-heading\">2021<\/h2>\n\n\n\n<p>Iniciamos a comercializa\u00e7\u00e3o de saneantes e produtos de cuidado pessoal, mais uma iniciativa da estrat\u00e9gia de diversifica\u00e7\u00e3o.<\/p>\n\n\n\n<h2 class=\"wp-block-heading\">2022<\/h2>\n\n\n\n<p>Recebemos as certifica\u00e7\u00f5es I-REC, que atesta nossa produ\u00e7\u00e3o de energia renov\u00e1vel, a Regenagri, que certifica nossas pr\u00e1ticas de agricultura regenerativa e a certifica\u00e7\u00e3o Halal, que confirma que o a\u00e7\u00facar Itamarati \u00e9 produzido de acordo com requisitos legais e crit\u00e9rios da jurisprud\u00eancia isl\u00e2mica (Shariah).<\/p>\n\n\n\n<h2 class=\"wp-block-heading\">Onde estamos<\/h2>\n\n\n\n<p>Centro Distribui\u00e7\u00e3o | Assari (MT)<\/p>\n\n\n\n<ul class=\"wp-block-list\">\n<li>Rodovia MT 358 &#8211; KM 05 &#8211; Zona Rural<\/li>\n<\/ul>\n\n\n\n<ul class=\"wp-block-list\">\n<li>Distrito de Assari &#8211; Barra do Bugres (MT) &#8211; CEP 78394-000<\/li>\n<\/ul>\n\n\n\n<p>Centro Distribui\u00e7\u00e3o | Santar\u00e9m (MT)<\/p>\n\n\n\n<ul class=\"wp-block-list\">\n<li>Av. Presidente Vargas, 4.285 &#8211; Bairro Caranaza<\/li>\n\n\n\n<li>Santar\u00e9m (PA) CEP 68040-692 &#8211; Fone: (93) 3523-2383<\/li>\n<\/ul>\n\n\n\n<p>Centro de Distribui\u00e7\u00e3o | Bel\u00e9m (PA)<\/p>\n\n\n\n<ul class=\"wp-block-list\">\n<li>Rodovia BR 316 \u2013 km 05 \u2013 Coqueiro \u2013 Condom\u00ednio<\/li>\n\n\n\n<li>Carisma \u2013 Galp\u00e3o 6<\/li>\n<\/ul>\n\n\n\n<p>Centro de Distribui\u00e7\u00e3o | Manaus (AM)<\/p>\n\n\n\n<ul class=\"wp-block-list\">\n<li>Av. Padre Agostinho Martin Caballero Martin, 1509 \u2013<\/li>\n\n\n\n<li>Bairro Compensa<\/li>\n<\/ul>\n\n\n\n<p>Escrit\u00f3rio Corporativo | S\u00e3o Paulo (SP)<\/p>\n\n\n\n<ul class=\"wp-block-list\">\n<li>Rua Campos Bicudo, 98, 10\u00ba andar, Cj 102 \u2013 Itaim Bibi<\/li>\n\n\n\n<li>S\u00e3o Paulo\/SP \u2013 CEP 04536-010 \u2013 Fone: (11) 3074-045<\/li>\n<\/ul>\n\n\n\n<h2 class=\"wp-block-heading\">Robusto Sistema Log\u00edstico<\/h2>\n\n\n\n<p>A nossa log\u00edstica \u00e9 dedicada \u00e0 distribui\u00e7\u00e3o do a\u00e7\u00facar no Centro-Oeste e Norte do Brasil. Ao longo dos anos, desenvolvemos grande expertise na \u00e1rea, considerando as particularidades da malha rodovi\u00e1ria no estado de Mato Grosso e os modais fluviais do Norte do Brasil.<\/p>\n\n\n\n<p>Para atender os estados de Amazonas, Roraima, Amap\u00e1 e Par\u00e1, adotamos o sistema multimodal, fazendo uso das principais hidrovias da regi\u00e3o Norte. Enquanto os estados de Mato Grosso, Mato Grosso do Sul, Rond\u00f4nia e Acre s\u00e3o diretamente atendidos pelas rodovias locais.<\/p>\n\n\n\n<h2 class=\"wp-block-heading\">Ativos estrat\u00e9gicos\u00a0para a regi\u00e3o Centro-Norte do Brasil<\/h2>\n\n\n\n<p>4 Centros de Distribui\u00e7\u00e3o pr\u00f3prios.<\/p>\n\n\n\n<p>Monitoramento do sistema log\u00edstico em tempo real.<\/p>\n\n\n\n<figure class=\"wp-block-image size-full\"><img loading=\"lazy\" decoding=\"async\" width=\"2560\" height=\"1544\" src=\"https:\/\/wp.uisa.com.br\/wp-content\/uploads\/2024\/11\/ativo_15.jpg\" alt=\"\" class=\"wp-image-949\" srcset=\"https:\/\/wp.uisa.com.br\/wp-content\/uploads\/2024\/11\/ativo_15.jpg 2560w, https:\/\/wp.uisa.com.br\/wp-content\/uploads\/2024\/11\/ativo_15-300x181.jpg 300w, https:\/\/wp.uisa.com.br\/wp-content\/uploads\/2024\/11\/ativo_15-1024x618.jpg 1024w, https:\/\/wp.uisa.com.br\/wp-content\/uploads\/2024\/11\/ativo_15-768x463.jpg 768w, https:\/\/wp.uisa.com.br\/wp-content\/uploads\/2024\/11\/ativo_15-1536x926.jpg 1536w, https:\/\/wp.uisa.com.br\/wp-content\/uploads\/2024\/11\/ativo_15-2048x1235.jpg 2048w\" sizes=\"auto, (max-width: 2560px) 100vw, 2560px\" \/><\/figure>\n","protected":false},"excerpt":{"rendered":"<p>Uma gigante no cora\u00e7\u00e3o do Brasil Somos uma das maiores e mais integradas biorrefinarias do pa\u00eds. Contamos com um modelo de neg\u00f3cio que permite a transforma\u00e7\u00e3o de mat\u00e9rias-primas renov\u00e1veis e de seus res\u00edduos em biocombust\u00edveis, energia limpa, alimentos, fertilizantes org\u00e2nicos e leveduras. Estamos localizados em Mato Grosso e temos como diretriz a maximiza\u00e7\u00e3o da sustentabilidade [&hellip;]<\/p>\n","protected":false},"author":3,"featured_media":0,"parent":0,"menu_order":0,"comment_status":"closed","ping_status":"closed","template":"","meta":{"footnotes":""},"class_list":["post-694","page","type-page","status-publish","hentry"],"yoast_head":"<!-- This site is optimized with the Yoast SEO plugin v27.6 - https:\/\/yoast.com\/product\/yoast-seo-wordpress\/ -->\n<title>Quem somos<\/title>\n<meta name=\"robots\" content=\"index, follow, max-snippet:-1, max-image-preview:large, max-video-preview:-1\" \/>\n<link rel=\"canonical\" href=\"https:\/\/wp.uisa.com.br\/pt-br\/quem-somos-2\/\" \/>\n<meta property=\"og:locale\" content=\"pt_BR\" \/>\n<meta property=\"og:locale:alternate\" content=\"en_US\" \/>\n<meta property=\"og:type\" content=\"article\" \/>\n<meta property=\"og:title\" content=\"Quem somos\" \/>\n<meta property=\"og:description\" content=\"Uma gigante no cora\u00e7\u00e3o do Brasil Somos uma das maiores e mais integradas biorrefinarias do pa\u00eds. Contamos com um modelo de neg\u00f3cio que permite a transforma\u00e7\u00e3o de mat\u00e9rias-primas renov\u00e1veis e de seus res\u00edduos em biocombust\u00edveis, energia limpa, alimentos, fertilizantes org\u00e2nicos e leveduras. Estamos localizados em Mato Grosso e temos como diretriz a maximiza\u00e7\u00e3o da sustentabilidade [&hellip;]\" \/>\n<meta property=\"og:url\" content=\"https:\/\/wp.uisa.com.br\/pt-br\/quem-somos-2\/\" \/>\n<meta property=\"article:publisher\" content=\"https:\/\/www.facebook.com\/uisabiorrefinaria\" \/>\n<meta property=\"article:modified_time\" content=\"2024-11-01T13:07:34+00:00\" \/>\n<meta property=\"og:image\" content=\"https:\/\/wp.uisa.com.br\/wp-content\/uploads\/2024\/10\/Campo-_46_-1.webp\" \/>\n\t<meta property=\"og:image:width\" content=\"2560\" \/>\n\t<meta property=\"og:image:height\" content=\"1707\" \/>\n\t<meta property=\"og:image:type\" content=\"image\/webp\" \/>\n<meta name=\"twitter:card\" content=\"summary_large_image\" \/>\n<meta name=\"twitter:label1\" content=\"Est. tempo de leitura\" \/>\n\t<meta name=\"twitter:data1\" content=\"8 minutos\" \/>\n<script type=\"application\/ld+json\" class=\"yoast-schema-graph\">{\"@context\":\"https:\\\/\\\/schema.org\",\"@graph\":[{\"@type\":\"WebPage\",\"@id\":\"https:\\\/\\\/wp.uisa.com.br\\\/pt-br\\\/quem-somos-2\\\/\",\"url\":\"https:\\\/\\\/wp.uisa.com.br\\\/pt-br\\\/quem-somos-2\\\/\",\"name\":\"Quem somos\",\"isPartOf\":{\"@id\":\"https:\\\/\\\/wp.uisa.com.br\\\/pt-br\\\/#website\"},\"primaryImageOfPage\":{\"@id\":\"https:\\\/\\\/wp.uisa.com.br\\\/pt-br\\\/quem-somos-2\\\/#primaryimage\"},\"image\":{\"@id\":\"https:\\\/\\\/wp.uisa.com.br\\\/pt-br\\\/quem-somos-2\\\/#primaryimage\"},\"thumbnailUrl\":\"https:\\\/\\\/wp.uisa.com.br\\\/wp-content\\\/uploads\\\/2024\\\/10\\\/Campo-_46_-1.webp\",\"datePublished\":\"2024-11-01T13:07:33+00:00\",\"dateModified\":\"2024-11-01T13:07:34+00:00\",\"inLanguage\":\"pt-br\",\"potentialAction\":[{\"@type\":\"ReadAction\",\"target\":[\"https:\\\/\\\/wp.uisa.com.br\\\/pt-br\\\/quem-somos-2\\\/\"]}]},{\"@type\":\"ImageObject\",\"inLanguage\":\"pt-br\",\"@id\":\"https:\\\/\\\/wp.uisa.com.br\\\/pt-br\\\/quem-somos-2\\\/#primaryimage\",\"url\":\"https:\\\/\\\/wp.uisa.com.br\\\/wp-content\\\/uploads\\\/2024\\\/10\\\/Campo-_46_-1.webp\",\"contentUrl\":\"https:\\\/\\\/wp.uisa.com.br\\\/wp-content\\\/uploads\\\/2024\\\/10\\\/Campo-_46_-1.webp\"},{\"@type\":\"WebSite\",\"@id\":\"https:\\\/\\\/wp.uisa.com.br\\\/pt-br\\\/#website\",\"url\":\"https:\\\/\\\/wp.uisa.com.br\\\/pt-br\\\/\",\"name\":\"uisa\",\"description\":\"\",\"publisher\":{\"@id\":\"https:\\\/\\\/wp.uisa.com.br\\\/pt-br\\\/#organization\"},\"potentialAction\":[{\"@type\":\"SearchAction\",\"target\":{\"@type\":\"EntryPoint\",\"urlTemplate\":\"https:\\\/\\\/wp.uisa.com.br\\\/pt-br\\\/?s={search_term_string}\"},\"query-input\":{\"@type\":\"PropertyValueSpecification\",\"valueRequired\":true,\"valueName\":\"search_term_string\"}}],\"inLanguage\":\"pt-br\"},{\"@type\":\"Organization\",\"@id\":\"https:\\\/\\\/wp.uisa.com.br\\\/pt-br\\\/#organization\",\"name\":\"uisa\",\"url\":\"https:\\\/\\\/wp.uisa.com.br\\\/pt-br\\\/\",\"logo\":{\"@type\":\"ImageObject\",\"inLanguage\":\"pt-br\",\"@id\":\"https:\\\/\\\/wp.uisa.com.br\\\/pt-br\\\/#\\\/schema\\\/logo\\\/image\\\/\",\"url\":\"https:\\\/\\\/wp.uisa.com.br\\\/wp-content\\\/uploads\\\/2024\\\/09\\\/uisa-dark.png\",\"contentUrl\":\"https:\\\/\\\/wp.uisa.com.br\\\/wp-content\\\/uploads\\\/2024\\\/09\\\/uisa-dark.png\",\"width\":827,\"height\":171,\"caption\":\"uisa\"},\"image\":{\"@id\":\"https:\\\/\\\/wp.uisa.com.br\\\/pt-br\\\/#\\\/schema\\\/logo\\\/image\\\/\"},\"sameAs\":[\"https:\\\/\\\/www.facebook.com\\\/uisabiorrefinaria\",\"https:\\\/\\\/www.instagram.com\\\/uisabiorrefinaria\",\"https:\\\/\\\/www.linkedin.com\\\/company\\\/uisa\",\"https:\\\/\\\/www.youtube.com\\\/@uisabiorrefinaria\"]}]}<\/script>\n<!-- \/ Yoast SEO plugin. -->","yoast_head_json":{"title":"Quem somos","robots":{"index":"index","follow":"follow","max-snippet":"max-snippet:-1","max-image-preview":"max-image-preview:large","max-video-preview":"max-video-preview:-1"},"canonical":"https:\/\/wp.uisa.com.br\/pt-br\/quem-somos-2\/","og_locale":"pt_BR","og_type":"article","og_title":"[:pt-br]Quem somos[:] -","og_description":"Uma gigante no cora\u00e7\u00e3o do Brasil Somos uma das maiores e mais integradas biorrefinarias do pa\u00eds. Contamos com um modelo de neg\u00f3cio que permite a transforma\u00e7\u00e3o de mat\u00e9rias-primas renov\u00e1veis e de seus res\u00edduos em biocombust\u00edveis, energia limpa, alimentos, fertilizantes org\u00e2nicos e leveduras. Estamos localizados em Mato Grosso e temos como diretriz a maximiza\u00e7\u00e3o da sustentabilidade [&hellip;]","og_url":"https:\/\/wp.uisa.com.br\/pt-br\/quem-somos-2\/","article_publisher":"https:\/\/www.facebook.com\/uisabiorrefinaria","article_modified_time":"2024-11-01T13:07:34+00:00","og_image":[{"width":2560,"height":1707,"url":"https:\/\/wp.uisa.com.br\/wp-content\/uploads\/2024\/10\/Campo-_46_-1.webp","type":"image\/webp"}],"twitter_card":"summary_large_image","twitter_misc":{"Est. tempo de leitura":"8 minutos"},"schema":{"@context":"https:\/\/schema.org","@graph":[{"@type":"WebPage","@id":"https:\/\/wp.uisa.com.br\/pt-br\/quem-somos-2\/","url":"https:\/\/wp.uisa.com.br\/pt-br\/quem-somos-2\/","name":"Quem somos","isPartOf":{"@id":"https:\/\/wp.uisa.com.br\/pt-br\/#website"},"primaryImageOfPage":{"@id":"https:\/\/wp.uisa.com.br\/pt-br\/quem-somos-2\/#primaryimage"},"image":{"@id":"https:\/\/wp.uisa.com.br\/pt-br\/quem-somos-2\/#primaryimage"},"thumbnailUrl":"https:\/\/wp.uisa.com.br\/wp-content\/uploads\/2024\/10\/Campo-_46_-1.webp","datePublished":"2024-11-01T13:07:33+00:00","dateModified":"2024-11-01T13:07:34+00:00","inLanguage":"pt-br","potentialAction":[{"@type":"ReadAction","target":["https:\/\/wp.uisa.com.br\/pt-br\/quem-somos-2\/"]}]},{"@type":"ImageObject","inLanguage":"pt-br","@id":"https:\/\/wp.uisa.com.br\/pt-br\/quem-somos-2\/#primaryimage","url":"https:\/\/wp.uisa.com.br\/wp-content\/uploads\/2024\/10\/Campo-_46_-1.webp","contentUrl":"https:\/\/wp.uisa.com.br\/wp-content\/uploads\/2024\/10\/Campo-_46_-1.webp"},{"@type":"WebSite","@id":"https:\/\/wp.uisa.com.br\/pt-br\/#website","url":"https:\/\/wp.uisa.com.br\/pt-br\/","name":"uisa","description":"","publisher":{"@id":"https:\/\/wp.uisa.com.br\/pt-br\/#organization"},"potentialAction":[{"@type":"SearchAction","target":{"@type":"EntryPoint","urlTemplate":"https:\/\/wp.uisa.com.br\/pt-br\/?s={search_term_string}"},"query-input":{"@type":"PropertyValueSpecification","valueRequired":true,"valueName":"search_term_string"}}],"inLanguage":"pt-br"},{"@type":"Organization","@id":"https:\/\/wp.uisa.com.br\/pt-br\/#organization","name":"uisa","url":"https:\/\/wp.uisa.com.br\/pt-br\/","logo":{"@type":"ImageObject","inLanguage":"pt-br","@id":"https:\/\/wp.uisa.com.br\/pt-br\/#\/schema\/logo\/image\/","url":"https:\/\/wp.uisa.com.br\/wp-content\/uploads\/2024\/09\/uisa-dark.png","contentUrl":"https:\/\/wp.uisa.com.br\/wp-content\/uploads\/2024\/09\/uisa-dark.png","width":827,"height":171,"caption":"uisa"},"image":{"@id":"https:\/\/wp.uisa.com.br\/pt-br\/#\/schema\/logo\/image\/"},"sameAs":["https:\/\/www.facebook.com\/uisabiorrefinaria","https:\/\/www.instagram.com\/uisabiorrefinaria","https:\/\/www.linkedin.com\/company\/uisa","https:\/\/www.youtube.com\/@uisabiorrefinaria"]}]}},"featured_image_src":null,"featured_image_src_square":null,"_links":{"self":[{"href":"https:\/\/wp.uisa.com.br\/pt-br\/wp-json\/wp\/v2\/pages\/694","targetHints":{"allow":["GET"]}}],"collection":[{"href":"https:\/\/wp.uisa.com.br\/pt-br\/wp-json\/wp\/v2\/pages"}],"about":[{"href":"https:\/\/wp.uisa.com.br\/pt-br\/wp-json\/wp\/v2\/types\/page"}],"author":[{"embeddable":true,"href":"https:\/\/wp.uisa.com.br\/pt-br\/wp-json\/wp\/v2\/users\/3"}],"replies":[{"embeddable":true,"href":"https:\/\/wp.uisa.com.br\/pt-br\/wp-json\/wp\/v2\/comments?post=694"}],"version-history":[{"count":1,"href":"https:\/\/wp.uisa.com.br\/pt-br\/wp-json\/wp\/v2\/pages\/694\/revisions"}],"predecessor-version":[{"id":950,"href":"https:\/\/wp.uisa.com.br\/pt-br\/wp-json\/wp\/v2\/pages\/694\/revisions\/950"}],"wp:attachment":[{"href":"https:\/\/wp.uisa.com.br\/pt-br\/wp-json\/wp\/v2\/media?parent=694"}],"curies":[{"name":"wp","href":"https:\/\/api.w.org\/{rel}","templated":true}]}}