{"id":951,"date":"2024-11-01T13:12:03","date_gmt":"2024-11-01T13:12:03","guid":{"rendered":"https:\/\/wp.uisa.com.br\/pt-br\/?page_id=951"},"modified":"2024-11-01T13:12:03","modified_gmt":"2024-11-01T13:12:03","slug":"numeros","status":"publish","type":"page","link":"https:\/\/wp.uisa.com.br\/pt-br\/numeros\/","title":{"rendered":"N\u00fameros"},"content":{"rendered":"\n<figure class=\"wp-block-image size-full\"><img loading=\"lazy\" decoding=\"async\" width=\"2560\" height=\"1181\" src=\"https:\/\/wp.uisa.com.br\/wp-content\/uploads\/2024\/11\/empacotamento80.jpg\" alt=\"\" class=\"wp-image-952\" srcset=\"https:\/\/wp.uisa.com.br\/wp-content\/uploads\/2024\/11\/empacotamento80.jpg 2560w, https:\/\/wp.uisa.com.br\/wp-content\/uploads\/2024\/11\/empacotamento80-300x138.jpg 300w, https:\/\/wp.uisa.com.br\/wp-content\/uploads\/2024\/11\/empacotamento80-1024x472.jpg 1024w, https:\/\/wp.uisa.com.br\/wp-content\/uploads\/2024\/11\/empacotamento80-768x354.jpg 768w, https:\/\/wp.uisa.com.br\/wp-content\/uploads\/2024\/11\/empacotamento80-1536x709.jpg 1536w, https:\/\/wp.uisa.com.br\/wp-content\/uploads\/2024\/11\/empacotamento80-2048x945.jpg 2048w\" sizes=\"auto, (max-width: 2560px) 100vw, 2560px\" \/><\/figure>\n\n\n\n<h2 class=\"wp-block-heading\">N\u00fameros<\/h2>\n\n\n\n<p>Estamos comprometidos em gerar cada vez mais valor para o nosso neg\u00f3cio. Para isso, investimos em tecnologia de ponta, de modo a aumentar a produtividade em nossas opera\u00e7\u00f5es, promovemos a valoriza\u00e7\u00e3o da nossa gente e refor\u00e7amos as a\u00e7\u00f5es de seguran\u00e7a, para viabilizarmos uma rotina de trabalho com sa\u00fade e integridade.<\/p>\n\n\n\n<p>Veja abaixo alguns dados de produ\u00e7\u00e3o da Safra 2022\/23.<\/p>\n\n\n\n<h2 class=\"wp-block-heading\">5,2milh\u00f5es<\/h2>\n\n\n\n<p>de toneladas de cana-de-a\u00e7\u00facar mo\u00eddas<\/p>\n\n\n\n<h2 class=\"wp-block-heading\">5,6milh\u00f5es<\/h2>\n\n\n\n<p>de sacas de a\u00e7\u00facar produzidas<\/p>\n\n\n\n<h2 class=\"wp-block-heading\">242mil<\/h2>\n\n\n\n<p>CBIOs comercializados<\/p>\n\n\n\n<h2 class=\"wp-block-heading\">+43mil<\/h2>\n\n\n\n<p>GWh de energia exportada<\/p>\n\n\n\n<h2 class=\"wp-block-heading\">+233mil\u00a0m\u00b3<\/h2>\n\n\n\n<p>de etanol produzidos<\/p>\n\n\n\n<h2 class=\"wp-block-heading\">5milh\u00f5es<\/h2>\n\n\n\n<p>de mudas produzidas<\/p>\n\n\n\n<h2 class=\"wp-block-heading\">Relat\u00f3rio de Sustentabilidade<\/h2>\n\n\n\n<p>Acompanhe outras informa\u00e7\u00f5es sobre o desempenho da uisa em nosso Relat\u00f3rio de Sustentabilidade.<\/p>\n\n\n\n<figure class=\"wp-block-image size-large\"><img loading=\"lazy\" decoding=\"async\" width=\"1024\" height=\"683\" src=\"https:\/\/wp.uisa.com.br\/wp-content\/uploads\/2024\/11\/campo44-1024x683.jpg\" alt=\"\" class=\"wp-image-953\" srcset=\"https:\/\/wp.uisa.com.br\/wp-content\/uploads\/2024\/11\/campo44-1024x683.jpg 1024w, https:\/\/wp.uisa.com.br\/wp-content\/uploads\/2024\/11\/campo44-300x200.jpg 300w, https:\/\/wp.uisa.com.br\/wp-content\/uploads\/2024\/11\/campo44-768x512.jpg 768w, https:\/\/wp.uisa.com.br\/wp-content\/uploads\/2024\/11\/campo44.jpg 1500w\" sizes=\"auto, (max-width: 1024px) 100vw, 1024px\" \/><\/figure>\n","protected":false},"excerpt":{"rendered":"<p>N\u00fameros Estamos comprometidos em gerar cada vez mais valor para o nosso neg\u00f3cio. Para isso, investimos em tecnologia de ponta, de modo a aumentar a produtividade em nossas opera\u00e7\u00f5es, promovemos a valoriza\u00e7\u00e3o da nossa gente e refor\u00e7amos as a\u00e7\u00f5es de seguran\u00e7a, para viabilizarmos uma rotina de trabalho com sa\u00fade e integridade. Veja abaixo alguns dados [&hellip;]<\/p>\n","protected":false},"author":3,"featured_media":0,"parent":0,"menu_order":0,"comment_status":"closed","ping_status":"closed","template":"","meta":{"footnotes":""},"class_list":["post-951","page","type-page","status-publish","hentry"],"yoast_head":"<!-- This site is optimized with the Yoast SEO plugin v27.6 - https:\/\/yoast.com\/product\/yoast-seo-wordpress\/ -->\n<title>N\u00fameros<\/title>\n<meta name=\"robots\" content=\"index, follow, max-snippet:-1, max-image-preview:large, max-video-preview:-1\" \/>\n<link rel=\"canonical\" href=\"https:\/\/wp.uisa.com.br\/pt-br\/numeros\/\" \/>\n<meta property=\"og:locale\" content=\"pt_BR\" \/>\n<meta property=\"og:locale:alternate\" content=\"en_US\" \/>\n<meta property=\"og:type\" content=\"article\" \/>\n<meta property=\"og:title\" content=\"N\u00fameros\" \/>\n<meta property=\"og:description\" content=\"N\u00fameros Estamos comprometidos em gerar cada vez mais valor para o nosso neg\u00f3cio. Para isso, investimos em tecnologia de ponta, de modo a aumentar a produtividade em nossas opera\u00e7\u00f5es, promovemos a valoriza\u00e7\u00e3o da nossa gente e refor\u00e7amos as a\u00e7\u00f5es de seguran\u00e7a, para viabilizarmos uma rotina de trabalho com sa\u00fade e integridade. Veja abaixo alguns dados [&hellip;]\" \/>\n<meta property=\"og:url\" content=\"https:\/\/wp.uisa.com.br\/pt-br\/numeros\/\" \/>\n<meta property=\"article:publisher\" content=\"https:\/\/www.facebook.com\/uisabiorrefinaria\" \/>\n<meta property=\"og:image\" content=\"https:\/\/wp.uisa.com.br\/wp-content\/uploads\/2024\/11\/empacotamento80.jpg\" \/>\n\t<meta property=\"og:image:width\" content=\"2560\" \/>\n\t<meta property=\"og:image:height\" content=\"1181\" \/>\n\t<meta property=\"og:image:type\" content=\"image\/jpeg\" \/>\n<meta name=\"twitter:card\" content=\"summary_large_image\" \/>\n<meta name=\"twitter:label1\" content=\"Est. tempo de leitura\" \/>\n\t<meta name=\"twitter:data1\" content=\"1 minuto\" \/>\n<script type=\"application\/ld+json\" class=\"yoast-schema-graph\">{\"@context\":\"https:\\\/\\\/schema.org\",\"@graph\":[{\"@type\":\"WebPage\",\"@id\":\"https:\\\/\\\/wp.uisa.com.br\\\/pt-br\\\/numeros\\\/\",\"url\":\"https:\\\/\\\/wp.uisa.com.br\\\/pt-br\\\/numeros\\\/\",\"name\":\"N\u00fameros\",\"isPartOf\":{\"@id\":\"https:\\\/\\\/wp.uisa.com.br\\\/pt-br\\\/#website\"},\"primaryImageOfPage\":{\"@id\":\"https:\\\/\\\/wp.uisa.com.br\\\/pt-br\\\/numeros\\\/#primaryimage\"},\"image\":{\"@id\":\"https:\\\/\\\/wp.uisa.com.br\\\/pt-br\\\/numeros\\\/#primaryimage\"},\"thumbnailUrl\":\"https:\\\/\\\/wp.uisa.com.br\\\/wp-content\\\/uploads\\\/2024\\\/11\\\/empacotamento80.jpg\",\"datePublished\":\"2024-11-01T13:12:03+00:00\",\"inLanguage\":\"pt-br\",\"potentialAction\":[{\"@type\":\"ReadAction\",\"target\":[\"https:\\\/\\\/wp.uisa.com.br\\\/pt-br\\\/numeros\\\/\"]}]},{\"@type\":\"ImageObject\",\"inLanguage\":\"pt-br\",\"@id\":\"https:\\\/\\\/wp.uisa.com.br\\\/pt-br\\\/numeros\\\/#primaryimage\",\"url\":\"https:\\\/\\\/wp.uisa.com.br\\\/wp-content\\\/uploads\\\/2024\\\/11\\\/empacotamento80.jpg\",\"contentUrl\":\"https:\\\/\\\/wp.uisa.com.br\\\/wp-content\\\/uploads\\\/2024\\\/11\\\/empacotamento80.jpg\"},{\"@type\":\"WebSite\",\"@id\":\"https:\\\/\\\/wp.uisa.com.br\\\/pt-br\\\/#website\",\"url\":\"https:\\\/\\\/wp.uisa.com.br\\\/pt-br\\\/\",\"name\":\"uisa\",\"description\":\"\",\"publisher\":{\"@id\":\"https:\\\/\\\/wp.uisa.com.br\\\/pt-br\\\/#organization\"},\"potentialAction\":[{\"@type\":\"SearchAction\",\"target\":{\"@type\":\"EntryPoint\",\"urlTemplate\":\"https:\\\/\\\/wp.uisa.com.br\\\/pt-br\\\/?s={search_term_string}\"},\"query-input\":{\"@type\":\"PropertyValueSpecification\",\"valueRequired\":true,\"valueName\":\"search_term_string\"}}],\"inLanguage\":\"pt-br\"},{\"@type\":\"Organization\",\"@id\":\"https:\\\/\\\/wp.uisa.com.br\\\/pt-br\\\/#organization\",\"name\":\"uisa\",\"url\":\"https:\\\/\\\/wp.uisa.com.br\\\/pt-br\\\/\",\"logo\":{\"@type\":\"ImageObject\",\"inLanguage\":\"pt-br\",\"@id\":\"https:\\\/\\\/wp.uisa.com.br\\\/pt-br\\\/#\\\/schema\\\/logo\\\/image\\\/\",\"url\":\"https:\\\/\\\/wp.uisa.com.br\\\/wp-content\\\/uploads\\\/2024\\\/09\\\/uisa-dark.png\",\"contentUrl\":\"https:\\\/\\\/wp.uisa.com.br\\\/wp-content\\\/uploads\\\/2024\\\/09\\\/uisa-dark.png\",\"width\":827,\"height\":171,\"caption\":\"uisa\"},\"image\":{\"@id\":\"https:\\\/\\\/wp.uisa.com.br\\\/pt-br\\\/#\\\/schema\\\/logo\\\/image\\\/\"},\"sameAs\":[\"https:\\\/\\\/www.facebook.com\\\/uisabiorrefinaria\",\"https:\\\/\\\/www.instagram.com\\\/uisabiorrefinaria\",\"https:\\\/\\\/www.linkedin.com\\\/company\\\/uisa\",\"https:\\\/\\\/www.youtube.com\\\/@uisabiorrefinaria\"]}]}<\/script>\n<!-- \/ Yoast SEO plugin. -->","yoast_head_json":{"title":"N\u00fameros","robots":{"index":"index","follow":"follow","max-snippet":"max-snippet:-1","max-image-preview":"max-image-preview:large","max-video-preview":"max-video-preview:-1"},"canonical":"https:\/\/wp.uisa.com.br\/pt-br\/numeros\/","og_locale":"pt_BR","og_type":"article","og_title":"[:pt-br]N\u00fameros[:] -","og_description":"N\u00fameros Estamos comprometidos em gerar cada vez mais valor para o nosso neg\u00f3cio. Para isso, investimos em tecnologia de ponta, de modo a aumentar a produtividade em nossas opera\u00e7\u00f5es, promovemos a valoriza\u00e7\u00e3o da nossa gente e refor\u00e7amos as a\u00e7\u00f5es de seguran\u00e7a, para viabilizarmos uma rotina de trabalho com sa\u00fade e integridade. Veja abaixo alguns dados [&hellip;]","og_url":"https:\/\/wp.uisa.com.br\/pt-br\/numeros\/","article_publisher":"https:\/\/www.facebook.com\/uisabiorrefinaria","og_image":[{"width":2560,"height":1181,"url":"https:\/\/wp.uisa.com.br\/wp-content\/uploads\/2024\/11\/empacotamento80.jpg","type":"image\/jpeg"}],"twitter_card":"summary_large_image","twitter_misc":{"Est. tempo de leitura":"1 minuto"},"schema":{"@context":"https:\/\/schema.org","@graph":[{"@type":"WebPage","@id":"https:\/\/wp.uisa.com.br\/pt-br\/numeros\/","url":"https:\/\/wp.uisa.com.br\/pt-br\/numeros\/","name":"N\u00fameros","isPartOf":{"@id":"https:\/\/wp.uisa.com.br\/pt-br\/#website"},"primaryImageOfPage":{"@id":"https:\/\/wp.uisa.com.br\/pt-br\/numeros\/#primaryimage"},"image":{"@id":"https:\/\/wp.uisa.com.br\/pt-br\/numeros\/#primaryimage"},"thumbnailUrl":"https:\/\/wp.uisa.com.br\/wp-content\/uploads\/2024\/11\/empacotamento80.jpg","datePublished":"2024-11-01T13:12:03+00:00","inLanguage":"pt-br","potentialAction":[{"@type":"ReadAction","target":["https:\/\/wp.uisa.com.br\/pt-br\/numeros\/"]}]},{"@type":"ImageObject","inLanguage":"pt-br","@id":"https:\/\/wp.uisa.com.br\/pt-br\/numeros\/#primaryimage","url":"https:\/\/wp.uisa.com.br\/wp-content\/uploads\/2024\/11\/empacotamento80.jpg","contentUrl":"https:\/\/wp.uisa.com.br\/wp-content\/uploads\/2024\/11\/empacotamento80.jpg"},{"@type":"WebSite","@id":"https:\/\/wp.uisa.com.br\/pt-br\/#website","url":"https:\/\/wp.uisa.com.br\/pt-br\/","name":"uisa","description":"","publisher":{"@id":"https:\/\/wp.uisa.com.br\/pt-br\/#organization"},"potentialAction":[{"@type":"SearchAction","target":{"@type":"EntryPoint","urlTemplate":"https:\/\/wp.uisa.com.br\/pt-br\/?s={search_term_string}"},"query-input":{"@type":"PropertyValueSpecification","valueRequired":true,"valueName":"search_term_string"}}],"inLanguage":"pt-br"},{"@type":"Organization","@id":"https:\/\/wp.uisa.com.br\/pt-br\/#organization","name":"uisa","url":"https:\/\/wp.uisa.com.br\/pt-br\/","logo":{"@type":"ImageObject","inLanguage":"pt-br","@id":"https:\/\/wp.uisa.com.br\/pt-br\/#\/schema\/logo\/image\/","url":"https:\/\/wp.uisa.com.br\/wp-content\/uploads\/2024\/09\/uisa-dark.png","contentUrl":"https:\/\/wp.uisa.com.br\/wp-content\/uploads\/2024\/09\/uisa-dark.png","width":827,"height":171,"caption":"uisa"},"image":{"@id":"https:\/\/wp.uisa.com.br\/pt-br\/#\/schema\/logo\/image\/"},"sameAs":["https:\/\/www.facebook.com\/uisabiorrefinaria","https:\/\/www.instagram.com\/uisabiorrefinaria","https:\/\/www.linkedin.com\/company\/uisa","https:\/\/www.youtube.com\/@uisabiorrefinaria"]}]}},"featured_image_src":null,"featured_image_src_square":null,"_links":{"self":[{"href":"https:\/\/wp.uisa.com.br\/pt-br\/wp-json\/wp\/v2\/pages\/951","targetHints":{"allow":["GET"]}}],"collection":[{"href":"https:\/\/wp.uisa.com.br\/pt-br\/wp-json\/wp\/v2\/pages"}],"about":[{"href":"https:\/\/wp.uisa.com.br\/pt-br\/wp-json\/wp\/v2\/types\/page"}],"author":[{"embeddable":true,"href":"https:\/\/wp.uisa.com.br\/pt-br\/wp-json\/wp\/v2\/users\/3"}],"replies":[{"embeddable":true,"href":"https:\/\/wp.uisa.com.br\/pt-br\/wp-json\/wp\/v2\/comments?post=951"}],"version-history":[{"count":1,"href":"https:\/\/wp.uisa.com.br\/pt-br\/wp-json\/wp\/v2\/pages\/951\/revisions"}],"predecessor-version":[{"id":954,"href":"https:\/\/wp.uisa.com.br\/pt-br\/wp-json\/wp\/v2\/pages\/951\/revisions\/954"}],"wp:attachment":[{"href":"https:\/\/wp.uisa.com.br\/pt-br\/wp-json\/wp\/v2\/media?parent=951"}],"curies":[{"name":"wp","href":"https:\/\/api.w.org\/{rel}","templated":true}]}}