{"id":962,"date":"2024-11-01T14:06:07","date_gmt":"2024-11-01T14:06:07","guid":{"rendered":"https:\/\/wp.uisa.com.br\/pt-br\/?page_id=962"},"modified":"2024-11-01T14:06:07","modified_gmt":"2024-11-01T14:06:07","slug":"home","status":"publish","type":"page","link":"https:\/\/wp.uisa.com.br\/pt-br\/home\/","title":{"rendered":"Home"},"content":{"rendered":"\n<figure class=\"wp-block-image size-full\"><img loading=\"lazy\" decoding=\"async\" width=\"2560\" height=\"1578\" src=\"https:\/\/wp.uisa.com.br\/wp-content\/uploads\/2024\/11\/logic-processor@2x.jpg\" alt=\"\" class=\"wp-image-963\" srcset=\"https:\/\/wp.uisa.com.br\/wp-content\/uploads\/2024\/11\/logic-processor@2x.jpg 2560w, https:\/\/wp.uisa.com.br\/wp-content\/uploads\/2024\/11\/logic-processor@2x-300x185.jpg 300w, https:\/\/wp.uisa.com.br\/wp-content\/uploads\/2024\/11\/logic-processor@2x-1024x631.jpg 1024w, https:\/\/wp.uisa.com.br\/wp-content\/uploads\/2024\/11\/logic-processor@2x-768x473.jpg 768w, https:\/\/wp.uisa.com.br\/wp-content\/uploads\/2024\/11\/logic-processor@2x-1536x947.jpg 1536w, https:\/\/wp.uisa.com.br\/wp-content\/uploads\/2024\/11\/logic-processor@2x-2048x1262.jpg 2048w\" sizes=\"auto, (max-width: 2560px) 100vw, 2560px\" \/><\/figure>\n\n\n\n<h2 class=\"wp-block-heading\">Home Titulo<\/h2>\n\n\n\n<p>N\u00f3s somos o futuro<\/p>\n\n\n\n<p>Transformamos a cana-de-a\u00e7\u00facar e seus res\u00edduos em biocombust\u00edveis, energia limpa, alimentos, fertilizantes org\u00e2nicos e ingredientes para nutri\u00e7\u00e3o e sa\u00fade animal.<\/p>\n\n\n\n<h2 class=\"wp-block-heading\"><strong>Nossos\u00a0\u00a0<\/strong>produtos<\/h2>\n\n\n\n<figure class=\"wp-block-image size-full is-resized\"><img loading=\"lazy\" decoding=\"async\" width=\"1650\" height=\"1100\" src=\"https:\/\/wp.uisa.com.br\/wp-content\/uploads\/2024\/11\/Industria-de-fundo.jpg\" alt=\"\" class=\"wp-image-964\" style=\"width:980px;height:auto\" srcset=\"https:\/\/wp.uisa.com.br\/wp-content\/uploads\/2024\/11\/Industria-de-fundo.jpg 1650w, https:\/\/wp.uisa.com.br\/wp-content\/uploads\/2024\/11\/Industria-de-fundo-300x200.jpg 300w, https:\/\/wp.uisa.com.br\/wp-content\/uploads\/2024\/11\/Industria-de-fundo-1024x683.jpg 1024w, https:\/\/wp.uisa.com.br\/wp-content\/uploads\/2024\/11\/Industria-de-fundo-768x512.jpg 768w, https:\/\/wp.uisa.com.br\/wp-content\/uploads\/2024\/11\/Industria-de-fundo-1536x1024.jpg 1536w\" sizes=\"auto, (max-width: 1650px) 100vw, 1650px\" \/><\/figure>\n\n\n\n<h3 class=\"wp-block-heading\">A\u00e7\u00facar Itamarati<\/h3>\n\n\n\n<p>Fabrica\u00e7\u00e3o e comercializa\u00e7\u00e3o de a\u00e7\u00facar cristal, refinado, triturado, demerara e mascavo.<\/p>\n\n\n\n<h3 class=\"wp-block-heading\">Etanol<\/h3>\n\n\n\n<p>Produ\u00e7\u00e3o de etanol anidro e hidratado.<\/p>\n\n\n\n<h3 class=\"wp-block-heading\">Energia<\/h3>\n\n\n\n<p>Gera\u00e7\u00e3o de energia el\u00e9trica renov\u00e1vel.<\/p>\n\n\n\n<h3 class=\"wp-block-heading\">Biomassa<\/h3>\n\n\n\n<p>O baga\u00e7o da cana-de-a\u00e7\u00facar torna-se insumos para outras ind\u00fastrias.<\/p>\n\n\n\n<h3 class=\"wp-block-heading\">CBIOs<\/h3>\n\n\n\n<p>Comercializa\u00e7\u00e3o de cr\u00e9ditos de carbono.<\/p>\n\n\n\n<h3 class=\"wp-block-heading\">Biog\u00e1s<\/h3>\n\n\n\n<p>Fonte de energia renov\u00e1vel e alternativa \u00e0 energia f\u00f3ssil.<\/p>\n\n\n\n<h3 class=\"wp-block-heading\">Levedura<\/h3>\n\n\n\n<p>Ingredientes funcionais para nutri\u00e7\u00e3o animal.<\/p>\n\n\n\n<h2 class=\"wp-block-heading\">Area ESG<\/h2>\n\n\n\n<figure class=\"wp-block-image size-full\"><img loading=\"lazy\" decoding=\"async\" width=\"1200\" height=\"800\" src=\"https:\/\/wp.uisa.com.br\/wp-content\/uploads\/2024\/11\/calculator@2x.jpg\" alt=\"\" class=\"wp-image-965\" srcset=\"https:\/\/wp.uisa.com.br\/wp-content\/uploads\/2024\/11\/calculator@2x.jpg 1200w, https:\/\/wp.uisa.com.br\/wp-content\/uploads\/2024\/11\/calculator@2x-300x200.jpg 300w, https:\/\/wp.uisa.com.br\/wp-content\/uploads\/2024\/11\/calculator@2x-1024x683.jpg 1024w, https:\/\/wp.uisa.com.br\/wp-content\/uploads\/2024\/11\/calculator@2x-768x512.jpg 768w\" sizes=\"auto, (max-width: 1200px) 100vw, 1200px\" \/><\/figure>\n\n\n\n<figure class=\"wp-block-image size-full\"><img loading=\"lazy\" decoding=\"async\" width=\"1800\" height=\"1200\" src=\"https:\/\/wp.uisa.com.br\/wp-content\/uploads\/2024\/11\/homeInovacao.jpg\" alt=\"\" class=\"wp-image-966\" srcset=\"https:\/\/wp.uisa.com.br\/wp-content\/uploads\/2024\/11\/homeInovacao.jpg 1800w, https:\/\/wp.uisa.com.br\/wp-content\/uploads\/2024\/11\/homeInovacao-300x200.jpg 300w, https:\/\/wp.uisa.com.br\/wp-content\/uploads\/2024\/11\/homeInovacao-1024x683.jpg 1024w, https:\/\/wp.uisa.com.br\/wp-content\/uploads\/2024\/11\/homeInovacao-768x512.jpg 768w, https:\/\/wp.uisa.com.br\/wp-content\/uploads\/2024\/11\/homeInovacao-1536x1024.jpg 1536w\" sizes=\"auto, (max-width: 1800px) 100vw, 1800px\" \/><\/figure>\n\n\n\n<figure class=\"wp-block-image size-full\"><img loading=\"lazy\" decoding=\"async\" width=\"1800\" height=\"1200\" src=\"https:\/\/wp.uisa.com.br\/wp-content\/uploads\/2024\/11\/carrirasHome.jpg\" alt=\"\" class=\"wp-image-967\" srcset=\"https:\/\/wp.uisa.com.br\/wp-content\/uploads\/2024\/11\/carrirasHome.jpg 1800w, https:\/\/wp.uisa.com.br\/wp-content\/uploads\/2024\/11\/carrirasHome-300x200.jpg 300w, https:\/\/wp.uisa.com.br\/wp-content\/uploads\/2024\/11\/carrirasHome-1024x683.jpg 1024w, https:\/\/wp.uisa.com.br\/wp-content\/uploads\/2024\/11\/carrirasHome-768x512.jpg 768w, https:\/\/wp.uisa.com.br\/wp-content\/uploads\/2024\/11\/carrirasHome-1536x1024.jpg 1536w\" sizes=\"auto, (max-width: 1800px) 100vw, 1800px\" \/><\/figure>\n\n\n\n<figure class=\"wp-block-image size-full\"><img loading=\"lazy\" decoding=\"async\" width=\"1800\" height=\"1014\" src=\"https:\/\/wp.uisa.com.br\/wp-content\/uploads\/2024\/11\/homeFlorescer.png\" alt=\"\" class=\"wp-image-968\" srcset=\"https:\/\/wp.uisa.com.br\/wp-content\/uploads\/2024\/11\/homeFlorescer.png 1800w, https:\/\/wp.uisa.com.br\/wp-content\/uploads\/2024\/11\/homeFlorescer-300x169.png 300w, https:\/\/wp.uisa.com.br\/wp-content\/uploads\/2024\/11\/homeFlorescer-1024x577.png 1024w, https:\/\/wp.uisa.com.br\/wp-content\/uploads\/2024\/11\/homeFlorescer-768x433.png 768w, https:\/\/wp.uisa.com.br\/wp-content\/uploads\/2024\/11\/homeFlorescer-1536x865.png 1536w\" sizes=\"auto, (max-width: 1800px) 100vw, 1800px\" \/><\/figure>\n\n\n\n<figure class=\"wp-block-image size-full\"><img loading=\"lazy\" decoding=\"async\" width=\"2560\" height=\"1707\" src=\"https:\/\/wp.uisa.com.br\/wp-content\/uploads\/2024\/11\/rectangle-17@2x.jpg\" alt=\"\" class=\"wp-image-969\" srcset=\"https:\/\/wp.uisa.com.br\/wp-content\/uploads\/2024\/11\/rectangle-17@2x.jpg 2560w, https:\/\/wp.uisa.com.br\/wp-content\/uploads\/2024\/11\/rectangle-17@2x-300x200.jpg 300w, https:\/\/wp.uisa.com.br\/wp-content\/uploads\/2024\/11\/rectangle-17@2x-1024x683.jpg 1024w, https:\/\/wp.uisa.com.br\/wp-content\/uploads\/2024\/11\/rectangle-17@2x-768x512.jpg 768w, https:\/\/wp.uisa.com.br\/wp-content\/uploads\/2024\/11\/rectangle-17@2x-1536x1024.jpg 1536w, https:\/\/wp.uisa.com.br\/wp-content\/uploads\/2024\/11\/rectangle-17@2x-2048x1366.jpg 2048w\" sizes=\"auto, (max-width: 2560px) 100vw, 2560px\" \/><\/figure>\n","protected":false},"excerpt":{"rendered":"<p>Home Titulo N\u00f3s somos o futuro Transformamos a cana-de-a\u00e7\u00facar e seus res\u00edduos em biocombust\u00edveis, energia limpa, alimentos, fertilizantes org\u00e2nicos e ingredientes para nutri\u00e7\u00e3o e sa\u00fade animal. Nossos\u00a0\u00a0produtos A\u00e7\u00facar Itamarati Fabrica\u00e7\u00e3o e comercializa\u00e7\u00e3o de a\u00e7\u00facar cristal, refinado, triturado, demerara e mascavo. Etanol Produ\u00e7\u00e3o de etanol anidro e hidratado. Energia Gera\u00e7\u00e3o de energia el\u00e9trica renov\u00e1vel. Biomassa O [&hellip;]<\/p>\n","protected":false},"author":3,"featured_media":0,"parent":0,"menu_order":0,"comment_status":"closed","ping_status":"closed","template":"","meta":{"footnotes":""},"class_list":["post-962","page","type-page","status-publish","hentry"],"yoast_head":"<!-- This site is optimized with the Yoast SEO plugin v27.6 - https:\/\/yoast.com\/product\/yoast-seo-wordpress\/ -->\n<title>Home<\/title>\n<meta name=\"robots\" content=\"index, follow, max-snippet:-1, max-image-preview:large, max-video-preview:-1\" \/>\n<link rel=\"canonical\" href=\"https:\/\/wp.uisa.com.br\/pt-br\/home\/\" \/>\n<meta property=\"og:locale\" content=\"pt_BR\" \/>\n<meta property=\"og:locale:alternate\" content=\"en_US\" \/>\n<meta property=\"og:type\" content=\"article\" \/>\n<meta property=\"og:title\" content=\"Home\" \/>\n<meta property=\"og:description\" content=\"Home Titulo N\u00f3s somos o futuro Transformamos a cana-de-a\u00e7\u00facar e seus res\u00edduos em biocombust\u00edveis, energia limpa, alimentos, fertilizantes org\u00e2nicos e ingredientes para nutri\u00e7\u00e3o e sa\u00fade animal. Nossos\u00a0\u00a0produtos A\u00e7\u00facar Itamarati Fabrica\u00e7\u00e3o e comercializa\u00e7\u00e3o de a\u00e7\u00facar cristal, refinado, triturado, demerara e mascavo. Etanol Produ\u00e7\u00e3o de etanol anidro e hidratado. Energia Gera\u00e7\u00e3o de energia el\u00e9trica renov\u00e1vel. Biomassa O [&hellip;]\" \/>\n<meta property=\"og:url\" content=\"https:\/\/wp.uisa.com.br\/pt-br\/home\/\" \/>\n<meta property=\"article:publisher\" content=\"https:\/\/www.facebook.com\/uisabiorrefinaria\" \/>\n<meta property=\"og:image\" content=\"https:\/\/wp.uisa.com.br\/wp-content\/uploads\/2024\/11\/logic-processor@2x.jpg\" \/>\n\t<meta property=\"og:image:width\" content=\"2560\" \/>\n\t<meta property=\"og:image:height\" content=\"1578\" \/>\n\t<meta property=\"og:image:type\" content=\"image\/jpeg\" \/>\n<meta name=\"twitter:card\" content=\"summary_large_image\" \/>\n<meta name=\"twitter:label1\" content=\"Est. tempo de leitura\" \/>\n\t<meta name=\"twitter:data1\" content=\"2 minutos\" \/>\n<script type=\"application\/ld+json\" class=\"yoast-schema-graph\">{\"@context\":\"https:\\\/\\\/schema.org\",\"@graph\":[{\"@type\":\"WebPage\",\"@id\":\"https:\\\/\\\/wp.uisa.com.br\\\/pt-br\\\/home\\\/\",\"url\":\"https:\\\/\\\/wp.uisa.com.br\\\/pt-br\\\/home\\\/\",\"name\":\"Home\",\"isPartOf\":{\"@id\":\"https:\\\/\\\/wp.uisa.com.br\\\/pt-br\\\/#website\"},\"primaryImageOfPage\":{\"@id\":\"https:\\\/\\\/wp.uisa.com.br\\\/pt-br\\\/home\\\/#primaryimage\"},\"image\":{\"@id\":\"https:\\\/\\\/wp.uisa.com.br\\\/pt-br\\\/home\\\/#primaryimage\"},\"thumbnailUrl\":\"https:\\\/\\\/wp.uisa.com.br\\\/wp-content\\\/uploads\\\/2024\\\/11\\\/logic-processor@2x.jpg\",\"datePublished\":\"2024-11-01T14:06:07+00:00\",\"inLanguage\":\"pt-br\",\"potentialAction\":[{\"@type\":\"ReadAction\",\"target\":[\"https:\\\/\\\/wp.uisa.com.br\\\/pt-br\\\/home\\\/\"]}]},{\"@type\":\"ImageObject\",\"inLanguage\":\"pt-br\",\"@id\":\"https:\\\/\\\/wp.uisa.com.br\\\/pt-br\\\/home\\\/#primaryimage\",\"url\":\"https:\\\/\\\/wp.uisa.com.br\\\/wp-content\\\/uploads\\\/2024\\\/11\\\/logic-processor@2x.jpg\",\"contentUrl\":\"https:\\\/\\\/wp.uisa.com.br\\\/wp-content\\\/uploads\\\/2024\\\/11\\\/logic-processor@2x.jpg\"},{\"@type\":\"WebSite\",\"@id\":\"https:\\\/\\\/wp.uisa.com.br\\\/pt-br\\\/#website\",\"url\":\"https:\\\/\\\/wp.uisa.com.br\\\/pt-br\\\/\",\"name\":\"uisa\",\"description\":\"\",\"publisher\":{\"@id\":\"https:\\\/\\\/wp.uisa.com.br\\\/pt-br\\\/#organization\"},\"potentialAction\":[{\"@type\":\"SearchAction\",\"target\":{\"@type\":\"EntryPoint\",\"urlTemplate\":\"https:\\\/\\\/wp.uisa.com.br\\\/pt-br\\\/?s={search_term_string}\"},\"query-input\":{\"@type\":\"PropertyValueSpecification\",\"valueRequired\":true,\"valueName\":\"search_term_string\"}}],\"inLanguage\":\"pt-br\"},{\"@type\":\"Organization\",\"@id\":\"https:\\\/\\\/wp.uisa.com.br\\\/pt-br\\\/#organization\",\"name\":\"uisa\",\"url\":\"https:\\\/\\\/wp.uisa.com.br\\\/pt-br\\\/\",\"logo\":{\"@type\":\"ImageObject\",\"inLanguage\":\"pt-br\",\"@id\":\"https:\\\/\\\/wp.uisa.com.br\\\/pt-br\\\/#\\\/schema\\\/logo\\\/image\\\/\",\"url\":\"https:\\\/\\\/wp.uisa.com.br\\\/wp-content\\\/uploads\\\/2024\\\/09\\\/uisa-dark.png\",\"contentUrl\":\"https:\\\/\\\/wp.uisa.com.br\\\/wp-content\\\/uploads\\\/2024\\\/09\\\/uisa-dark.png\",\"width\":827,\"height\":171,\"caption\":\"uisa\"},\"image\":{\"@id\":\"https:\\\/\\\/wp.uisa.com.br\\\/pt-br\\\/#\\\/schema\\\/logo\\\/image\\\/\"},\"sameAs\":[\"https:\\\/\\\/www.facebook.com\\\/uisabiorrefinaria\",\"https:\\\/\\\/www.instagram.com\\\/uisabiorrefinaria\",\"https:\\\/\\\/www.linkedin.com\\\/company\\\/uisa\",\"https:\\\/\\\/www.youtube.com\\\/@uisabiorrefinaria\"]}]}<\/script>\n<!-- \/ Yoast SEO plugin. -->","yoast_head_json":{"title":"Home","robots":{"index":"index","follow":"follow","max-snippet":"max-snippet:-1","max-image-preview":"max-image-preview:large","max-video-preview":"max-video-preview:-1"},"canonical":"https:\/\/wp.uisa.com.br\/pt-br\/home\/","og_locale":"pt_BR","og_type":"article","og_title":"[:pt-br]Home[:] -","og_description":"Home Titulo N\u00f3s somos o futuro Transformamos a cana-de-a\u00e7\u00facar e seus res\u00edduos em biocombust\u00edveis, energia limpa, alimentos, fertilizantes org\u00e2nicos e ingredientes para nutri\u00e7\u00e3o e sa\u00fade animal. Nossos\u00a0\u00a0produtos A\u00e7\u00facar Itamarati Fabrica\u00e7\u00e3o e comercializa\u00e7\u00e3o de a\u00e7\u00facar cristal, refinado, triturado, demerara e mascavo. Etanol Produ\u00e7\u00e3o de etanol anidro e hidratado. Energia Gera\u00e7\u00e3o de energia el\u00e9trica renov\u00e1vel. Biomassa O [&hellip;]","og_url":"https:\/\/wp.uisa.com.br\/pt-br\/home\/","article_publisher":"https:\/\/www.facebook.com\/uisabiorrefinaria","og_image":[{"width":2560,"height":1578,"url":"https:\/\/wp.uisa.com.br\/wp-content\/uploads\/2024\/11\/logic-processor@2x.jpg","type":"image\/jpeg"}],"twitter_card":"summary_large_image","twitter_misc":{"Est. tempo de leitura":"2 minutos"},"schema":{"@context":"https:\/\/schema.org","@graph":[{"@type":"WebPage","@id":"https:\/\/wp.uisa.com.br\/pt-br\/home\/","url":"https:\/\/wp.uisa.com.br\/pt-br\/home\/","name":"Home","isPartOf":{"@id":"https:\/\/wp.uisa.com.br\/pt-br\/#website"},"primaryImageOfPage":{"@id":"https:\/\/wp.uisa.com.br\/pt-br\/home\/#primaryimage"},"image":{"@id":"https:\/\/wp.uisa.com.br\/pt-br\/home\/#primaryimage"},"thumbnailUrl":"https:\/\/wp.uisa.com.br\/wp-content\/uploads\/2024\/11\/logic-processor@2x.jpg","datePublished":"2024-11-01T14:06:07+00:00","inLanguage":"pt-br","potentialAction":[{"@type":"ReadAction","target":["https:\/\/wp.uisa.com.br\/pt-br\/home\/"]}]},{"@type":"ImageObject","inLanguage":"pt-br","@id":"https:\/\/wp.uisa.com.br\/pt-br\/home\/#primaryimage","url":"https:\/\/wp.uisa.com.br\/wp-content\/uploads\/2024\/11\/logic-processor@2x.jpg","contentUrl":"https:\/\/wp.uisa.com.br\/wp-content\/uploads\/2024\/11\/logic-processor@2x.jpg"},{"@type":"WebSite","@id":"https:\/\/wp.uisa.com.br\/pt-br\/#website","url":"https:\/\/wp.uisa.com.br\/pt-br\/","name":"uisa","description":"","publisher":{"@id":"https:\/\/wp.uisa.com.br\/pt-br\/#organization"},"potentialAction":[{"@type":"SearchAction","target":{"@type":"EntryPoint","urlTemplate":"https:\/\/wp.uisa.com.br\/pt-br\/?s={search_term_string}"},"query-input":{"@type":"PropertyValueSpecification","valueRequired":true,"valueName":"search_term_string"}}],"inLanguage":"pt-br"},{"@type":"Organization","@id":"https:\/\/wp.uisa.com.br\/pt-br\/#organization","name":"uisa","url":"https:\/\/wp.uisa.com.br\/pt-br\/","logo":{"@type":"ImageObject","inLanguage":"pt-br","@id":"https:\/\/wp.uisa.com.br\/pt-br\/#\/schema\/logo\/image\/","url":"https:\/\/wp.uisa.com.br\/wp-content\/uploads\/2024\/09\/uisa-dark.png","contentUrl":"https:\/\/wp.uisa.com.br\/wp-content\/uploads\/2024\/09\/uisa-dark.png","width":827,"height":171,"caption":"uisa"},"image":{"@id":"https:\/\/wp.uisa.com.br\/pt-br\/#\/schema\/logo\/image\/"},"sameAs":["https:\/\/www.facebook.com\/uisabiorrefinaria","https:\/\/www.instagram.com\/uisabiorrefinaria","https:\/\/www.linkedin.com\/company\/uisa","https:\/\/www.youtube.com\/@uisabiorrefinaria"]}]}},"featured_image_src":null,"featured_image_src_square":null,"_links":{"self":[{"href":"https:\/\/wp.uisa.com.br\/pt-br\/wp-json\/wp\/v2\/pages\/962","targetHints":{"allow":["GET"]}}],"collection":[{"href":"https:\/\/wp.uisa.com.br\/pt-br\/wp-json\/wp\/v2\/pages"}],"about":[{"href":"https:\/\/wp.uisa.com.br\/pt-br\/wp-json\/wp\/v2\/types\/page"}],"author":[{"embeddable":true,"href":"https:\/\/wp.uisa.com.br\/pt-br\/wp-json\/wp\/v2\/users\/3"}],"replies":[{"embeddable":true,"href":"https:\/\/wp.uisa.com.br\/pt-br\/wp-json\/wp\/v2\/comments?post=962"}],"version-history":[{"count":1,"href":"https:\/\/wp.uisa.com.br\/pt-br\/wp-json\/wp\/v2\/pages\/962\/revisions"}],"predecessor-version":[{"id":970,"href":"https:\/\/wp.uisa.com.br\/pt-br\/wp-json\/wp\/v2\/pages\/962\/revisions\/970"}],"wp:attachment":[{"href":"https:\/\/wp.uisa.com.br\/pt-br\/wp-json\/wp\/v2\/media?parent=962"}],"curies":[{"name":"wp","href":"https:\/\/api.w.org\/{rel}","templated":true}]}}