{"id":971,"date":"2024-11-01T14:58:15","date_gmt":"2024-11-01T14:58:15","guid":{"rendered":"https:\/\/wp.uisa.com.br\/pt-br\/?page_id=971"},"modified":"2024-11-01T14:58:16","modified_gmt":"2024-11-01T14:58:16","slug":"agenda-esg","status":"publish","type":"page","link":"https:\/\/wp.uisa.com.br\/pt-br\/agenda-esg\/","title":{"rendered":"Agenda ESG"},"content":{"rendered":"\n<figure class=\"wp-block-image size-full\"><img loading=\"lazy\" decoding=\"async\" width=\"2560\" height=\"1707\" src=\"https:\/\/wp.uisa.com.br\/wp-content\/uploads\/2024\/11\/preserva2.jpg\" alt=\"\" class=\"wp-image-972\" srcset=\"https:\/\/wp.uisa.com.br\/wp-content\/uploads\/2024\/11\/preserva2.jpg 2560w, https:\/\/wp.uisa.com.br\/wp-content\/uploads\/2024\/11\/preserva2-300x200.jpg 300w, https:\/\/wp.uisa.com.br\/wp-content\/uploads\/2024\/11\/preserva2-1024x683.jpg 1024w, https:\/\/wp.uisa.com.br\/wp-content\/uploads\/2024\/11\/preserva2-768x512.jpg 768w, https:\/\/wp.uisa.com.br\/wp-content\/uploads\/2024\/11\/preserva2-1536x1024.jpg 1536w, https:\/\/wp.uisa.com.br\/wp-content\/uploads\/2024\/11\/preserva2-2048x1366.jpg 2048w\" sizes=\"auto, (max-width: 2560px) 100vw, 2560px\" \/><\/figure>\n\n\n\n<h2 class=\"wp-block-heading\"><strong>N\u00f3s somos agentes de transforma\u00e7\u00e3o<\/strong><\/h2>\n\n\n\n<p>Nossos valores est\u00e3o embasados no envolvimento como parceira da comunidade e investimentos para que os funcion\u00e1rios e as comunidades vizinhas valorizem o meio ambiente e participem do movimento de preserva\u00e7\u00e3o, visando trazer qualidade de vida e benef\u00edcios econ\u00f4micos, sociais e ambientais para a comunidade em que estamos inseridos, de acordo com os pilares de ESG.<\/p>\n\n\n\n<h2 class=\"wp-block-heading\">Meio Ambiente<\/h2>\n\n\n\n<figure class=\"wp-block-image size-full\"><img loading=\"lazy\" decoding=\"async\" width=\"1800\" height=\"1200\" src=\"https:\/\/wp.uisa.com.br\/wp-content\/uploads\/2024\/11\/uisaAraras.jpg\" alt=\"\" class=\"wp-image-973\" srcset=\"https:\/\/wp.uisa.com.br\/wp-content\/uploads\/2024\/11\/uisaAraras.jpg 1800w, https:\/\/wp.uisa.com.br\/wp-content\/uploads\/2024\/11\/uisaAraras-300x200.jpg 300w, https:\/\/wp.uisa.com.br\/wp-content\/uploads\/2024\/11\/uisaAraras-1024x683.jpg 1024w, https:\/\/wp.uisa.com.br\/wp-content\/uploads\/2024\/11\/uisaAraras-768x512.jpg 768w, https:\/\/wp.uisa.com.br\/wp-content\/uploads\/2024\/11\/uisaAraras-1536x1024.jpg 1536w\" sizes=\"auto, (max-width: 1800px) 100vw, 1800px\" \/><\/figure>\n\n\n\n<h2 class=\"wp-block-heading\">Governan\u00e7a<\/h2>\n\n\n\n<figure class=\"wp-block-image size-full\"><img loading=\"lazy\" decoding=\"async\" width=\"1800\" height=\"1200\" src=\"https:\/\/wp.uisa.com.br\/wp-content\/uploads\/2024\/11\/govencaEsg.jpg\" alt=\"\" class=\"wp-image-974\" srcset=\"https:\/\/wp.uisa.com.br\/wp-content\/uploads\/2024\/11\/govencaEsg.jpg 1800w, https:\/\/wp.uisa.com.br\/wp-content\/uploads\/2024\/11\/govencaEsg-300x200.jpg 300w, https:\/\/wp.uisa.com.br\/wp-content\/uploads\/2024\/11\/govencaEsg-1024x683.jpg 1024w, https:\/\/wp.uisa.com.br\/wp-content\/uploads\/2024\/11\/govencaEsg-768x512.jpg 768w, https:\/\/wp.uisa.com.br\/wp-content\/uploads\/2024\/11\/govencaEsg-1536x1024.jpg 1536w\" sizes=\"auto, (max-width: 1800px) 100vw, 1800px\" \/><\/figure>\n\n\n\n<h2 class=\"wp-block-heading\">Social<\/h2>\n\n\n\n<figure class=\"wp-block-image size-full\"><img loading=\"lazy\" decoding=\"async\" width=\"1800\" height=\"1200\" src=\"https:\/\/wp.uisa.com.br\/wp-content\/uploads\/2024\/11\/socialEsg.jpg\" alt=\"\" class=\"wp-image-975\" srcset=\"https:\/\/wp.uisa.com.br\/wp-content\/uploads\/2024\/11\/socialEsg.jpg 1800w, https:\/\/wp.uisa.com.br\/wp-content\/uploads\/2024\/11\/socialEsg-300x200.jpg 300w, https:\/\/wp.uisa.com.br\/wp-content\/uploads\/2024\/11\/socialEsg-1024x683.jpg 1024w, https:\/\/wp.uisa.com.br\/wp-content\/uploads\/2024\/11\/socialEsg-768x512.jpg 768w, https:\/\/wp.uisa.com.br\/wp-content\/uploads\/2024\/11\/socialEsg-1536x1024.jpg 1536w\" sizes=\"auto, (max-width: 1800px) 100vw, 1800px\" \/><\/figure>\n\n\n\n<h2 class=\"wp-block-heading\"><strong>Investimos em nosso presente<\/strong><\/h2>\n\n\n\n<p>Para um futuro cada vez mais promissor<\/p>\n\n\n\n<h3 class=\"wp-block-heading\">Pol\u00edtica de Sustentabilidade<\/h3>\n\n\n\n<p>A Pol\u00edtica de Sustentabilidade da uisa estabelece as diretrizes para tomadas de decis\u00f5es, fundamentado nas boas pr\u00e1ticas Ambientais, Sociais e de Governan\u00e7a (ESG), adotadas pela Companhia em toda a sua cadeia de valor.<\/p>\n\n\n\n<h3 class=\"wp-block-heading\">Certifica\u00e7\u00f5es<\/h3>\n\n\n\n<p>As pr\u00e1ticas sustent\u00e1veis est\u00e3o presentes em nosso dia a dia. Durante nossa trajet\u00f3ria, conquistamos diversas certifica\u00e7\u00f5es em padr\u00f5es nacionais e internacionais, aliadas aos pilares globais de ESG.<\/p>\n\n\n\n<figure class=\"wp-block-image size-full\"><img loading=\"lazy\" decoding=\"async\" width=\"1500\" height=\"1000\" src=\"https:\/\/wp.uisa.com.br\/wp-content\/uploads\/2024\/11\/UISA-7.jpg\" alt=\"\" class=\"wp-image-976\" srcset=\"https:\/\/wp.uisa.com.br\/wp-content\/uploads\/2024\/11\/UISA-7.jpg 1500w, https:\/\/wp.uisa.com.br\/wp-content\/uploads\/2024\/11\/UISA-7-300x200.jpg 300w, https:\/\/wp.uisa.com.br\/wp-content\/uploads\/2024\/11\/UISA-7-1024x683.jpg 1024w, https:\/\/wp.uisa.com.br\/wp-content\/uploads\/2024\/11\/UISA-7-768x512.jpg 768w\" sizes=\"auto, (max-width: 1500px) 100vw, 1500px\" \/><\/figure>\n\n\n\n<h2 class=\"wp-block-heading\">COMPROMISSOS 2030<\/h2>\n\n\n\n<p>Nos comprometemos a garantir um futuro mais sustent\u00e1vel, agindo no presente em sinergia com desafios globais, a partir do Pacto Global da ONU e metas que garantimos atingir at\u00e9 2030.<\/p>\n\n\n\n<p>Constru\u00edmos metas a partir dos temas de Economia Circular, Agricultura Regenerativa, Governan\u00e7a, Bem-Estar, Nossa Atmosfera, Nossa Gente, Mudan\u00e7a Clim\u00e1tica e Capital Natural. Acesse o link abaixo para conhecer as metas e quanto j\u00e1 cumprimos de cada uma delas.<\/p>\n\n\n\n<figure class=\"wp-block-image size-full\"><img loading=\"lazy\" decoding=\"async\" width=\"1920\" height=\"2442\" src=\"https:\/\/wp.uisa.com.br\/wp-content\/uploads\/2024\/11\/Background-Agenda-ESG-1.png\" alt=\"\" class=\"wp-image-979\" srcset=\"https:\/\/wp.uisa.com.br\/wp-content\/uploads\/2024\/11\/Background-Agenda-ESG-1.png 1920w, https:\/\/wp.uisa.com.br\/wp-content\/uploads\/2024\/11\/Background-Agenda-ESG-1-236x300.png 236w, https:\/\/wp.uisa.com.br\/wp-content\/uploads\/2024\/11\/Background-Agenda-ESG-1-805x1024.png 805w, https:\/\/wp.uisa.com.br\/wp-content\/uploads\/2024\/11\/Background-Agenda-ESG-1-768x977.png 768w, https:\/\/wp.uisa.com.br\/wp-content\/uploads\/2024\/11\/Background-Agenda-ESG-1-1208x1536.png 1208w, https:\/\/wp.uisa.com.br\/wp-content\/uploads\/2024\/11\/Background-Agenda-ESG-1-1610x2048.png 1610w\" sizes=\"auto, (max-width: 1920px) 100vw, 1920px\" \/><\/figure>\n\n\n\n<h2 class=\"wp-block-heading\">Empresa signat\u00e1ria<\/h2>\n\n\n\n<figure class=\"wp-block-image size-full\"><img loading=\"lazy\" decoding=\"async\" width=\"800\" height=\"258\" src=\"https:\/\/wp.uisa.com.br\/wp-content\/uploads\/2024\/11\/59d770c9b57241a09406c7971c6504fb-1@2x.png\" alt=\"\" class=\"wp-image-978\" srcset=\"https:\/\/wp.uisa.com.br\/wp-content\/uploads\/2024\/11\/59d770c9b57241a09406c7971c6504fb-1@2x.png 800w, https:\/\/wp.uisa.com.br\/wp-content\/uploads\/2024\/11\/59d770c9b57241a09406c7971c6504fb-1@2x-300x97.png 300w, https:\/\/wp.uisa.com.br\/wp-content\/uploads\/2024\/11\/59d770c9b57241a09406c7971c6504fb-1@2x-768x248.png 768w\" sizes=\"auto, (max-width: 800px) 100vw, 800px\" \/><\/figure>\n\n\n\n<h2 class=\"wp-block-heading\">Relat\u00f3rios de <strong>Sustentabilidade<\/strong><\/h2>\n\n\n\n<p>Confira o desempenho de nossas safras e o valor que geramos para nosso ecossistema.<\/p>\n\n\n\n<figure class=\"wp-block-image size-full\"><img loading=\"lazy\" decoding=\"async\" width=\"1000\" height=\"667\" src=\"https:\/\/wp.uisa.com.br\/wp-content\/uploads\/2024\/11\/2223.jpg\" alt=\"\" class=\"wp-image-980\" srcset=\"https:\/\/wp.uisa.com.br\/wp-content\/uploads\/2024\/11\/2223.jpg 1000w, https:\/\/wp.uisa.com.br\/wp-content\/uploads\/2024\/11\/2223-300x200.jpg 300w, https:\/\/wp.uisa.com.br\/wp-content\/uploads\/2024\/11\/2223-768x512.jpg 768w\" sizes=\"auto, (max-width: 1000px) 100vw, 1000px\" \/><\/figure>\n\n\n\n<figure class=\"wp-block-image size-full\"><img loading=\"lazy\" decoding=\"async\" width=\"1000\" height=\"667\" src=\"https:\/\/wp.uisa.com.br\/wp-content\/uploads\/2024\/11\/2021.jpg\" alt=\"\" class=\"wp-image-981\" srcset=\"https:\/\/wp.uisa.com.br\/wp-content\/uploads\/2024\/11\/2021.jpg 1000w, https:\/\/wp.uisa.com.br\/wp-content\/uploads\/2024\/11\/2021-300x200.jpg 300w, https:\/\/wp.uisa.com.br\/wp-content\/uploads\/2024\/11\/2021-768x512.jpg 768w\" sizes=\"auto, (max-width: 1000px) 100vw, 1000px\" \/><\/figure>\n\n\n\n<figure class=\"wp-block-image size-full\"><img loading=\"lazy\" decoding=\"async\" width=\"1000\" height=\"667\" src=\"https:\/\/wp.uisa.com.br\/wp-content\/uploads\/2024\/11\/2122.jpg\" alt=\"\" class=\"wp-image-982\" srcset=\"https:\/\/wp.uisa.com.br\/wp-content\/uploads\/2024\/11\/2122.jpg 1000w, https:\/\/wp.uisa.com.br\/wp-content\/uploads\/2024\/11\/2122-300x200.jpg 300w, https:\/\/wp.uisa.com.br\/wp-content\/uploads\/2024\/11\/2122-768x512.jpg 768w\" sizes=\"auto, (max-width: 1000px) 100vw, 1000px\" \/><\/figure>\n\n\n\n<figure class=\"wp-block-image size-full\"><img loading=\"lazy\" decoding=\"async\" width=\"2560\" height=\"1440\" src=\"https:\/\/wp.uisa.com.br\/wp-content\/uploads\/2024\/11\/1920-scaled.jpg\" alt=\"\" class=\"wp-image-983\" srcset=\"https:\/\/wp.uisa.com.br\/wp-content\/uploads\/2024\/11\/1920-scaled.jpg 2560w, https:\/\/wp.uisa.com.br\/wp-content\/uploads\/2024\/11\/1920-300x169.jpg 300w, https:\/\/wp.uisa.com.br\/wp-content\/uploads\/2024\/11\/1920-1024x576.jpg 1024w, https:\/\/wp.uisa.com.br\/wp-content\/uploads\/2024\/11\/1920-768x432.jpg 768w, https:\/\/wp.uisa.com.br\/wp-content\/uploads\/2024\/11\/1920-1536x864.jpg 1536w, https:\/\/wp.uisa.com.br\/wp-content\/uploads\/2024\/11\/1920-2048x1152.jpg 2048w\" sizes=\"auto, (max-width: 2560px) 100vw, 2560px\" \/><\/figure>\n","protected":false},"excerpt":{"rendered":"<p>N\u00f3s somos agentes de transforma\u00e7\u00e3o Nossos valores est\u00e3o embasados no envolvimento como parceira da comunidade e investimentos para que os funcion\u00e1rios e as comunidades vizinhas valorizem o meio ambiente e participem do movimento de preserva\u00e7\u00e3o, visando trazer qualidade de vida e benef\u00edcios econ\u00f4micos, sociais e ambientais para a comunidade em que estamos inseridos, de acordo [&hellip;]<\/p>\n","protected":false},"author":3,"featured_media":0,"parent":0,"menu_order":0,"comment_status":"closed","ping_status":"closed","template":"","meta":{"footnotes":""},"class_list":["post-971","page","type-page","status-publish","hentry"],"yoast_head":"<!-- This site is optimized with the Yoast SEO plugin v27.6 - https:\/\/yoast.com\/product\/yoast-seo-wordpress\/ -->\n<title>Agenda ESG<\/title>\n<meta name=\"robots\" content=\"index, follow, max-snippet:-1, max-image-preview:large, max-video-preview:-1\" \/>\n<link rel=\"canonical\" href=\"https:\/\/wp.uisa.com.br\/pt-br\/agenda-esg\/\" \/>\n<meta property=\"og:locale\" content=\"pt_BR\" \/>\n<meta property=\"og:locale:alternate\" content=\"en_US\" \/>\n<meta property=\"og:type\" content=\"article\" \/>\n<meta property=\"og:title\" content=\"Agenda ESG\" \/>\n<meta property=\"og:description\" content=\"N\u00f3s somos agentes de transforma\u00e7\u00e3o Nossos valores est\u00e3o embasados no envolvimento como parceira da comunidade e investimentos para que os funcion\u00e1rios e as comunidades vizinhas valorizem o meio ambiente e participem do movimento de preserva\u00e7\u00e3o, visando trazer qualidade de vida e benef\u00edcios econ\u00f4micos, sociais e ambientais para a comunidade em que estamos inseridos, de acordo [&hellip;]\" \/>\n<meta property=\"og:url\" content=\"https:\/\/wp.uisa.com.br\/pt-br\/agenda-esg\/\" \/>\n<meta property=\"article:publisher\" content=\"https:\/\/www.facebook.com\/uisabiorrefinaria\" \/>\n<meta property=\"article:modified_time\" content=\"2024-11-01T14:58:16+00:00\" \/>\n<meta property=\"og:image\" content=\"https:\/\/wp.uisa.com.br\/wp-content\/uploads\/2024\/11\/preserva2.jpg\" \/>\n\t<meta property=\"og:image:width\" content=\"2560\" \/>\n\t<meta property=\"og:image:height\" content=\"1707\" \/>\n\t<meta property=\"og:image:type\" content=\"image\/jpeg\" \/>\n<meta name=\"twitter:card\" content=\"summary_large_image\" \/>\n<meta name=\"twitter:label1\" content=\"Est. tempo de leitura\" \/>\n\t<meta name=\"twitter:data1\" content=\"4 minutos\" \/>\n<script type=\"application\/ld+json\" class=\"yoast-schema-graph\">{\"@context\":\"https:\\\/\\\/schema.org\",\"@graph\":[{\"@type\":\"WebPage\",\"@id\":\"https:\\\/\\\/wp.uisa.com.br\\\/pt-br\\\/agenda-esg\\\/\",\"url\":\"https:\\\/\\\/wp.uisa.com.br\\\/pt-br\\\/agenda-esg\\\/\",\"name\":\"Agenda ESG\",\"isPartOf\":{\"@id\":\"https:\\\/\\\/wp.uisa.com.br\\\/pt-br\\\/#website\"},\"primaryImageOfPage\":{\"@id\":\"https:\\\/\\\/wp.uisa.com.br\\\/pt-br\\\/agenda-esg\\\/#primaryimage\"},\"image\":{\"@id\":\"https:\\\/\\\/wp.uisa.com.br\\\/pt-br\\\/agenda-esg\\\/#primaryimage\"},\"thumbnailUrl\":\"https:\\\/\\\/wp.uisa.com.br\\\/wp-content\\\/uploads\\\/2024\\\/11\\\/preserva2.jpg\",\"datePublished\":\"2024-11-01T14:58:15+00:00\",\"dateModified\":\"2024-11-01T14:58:16+00:00\",\"inLanguage\":\"pt-br\",\"potentialAction\":[{\"@type\":\"ReadAction\",\"target\":[\"https:\\\/\\\/wp.uisa.com.br\\\/pt-br\\\/agenda-esg\\\/\"]}]},{\"@type\":\"ImageObject\",\"inLanguage\":\"pt-br\",\"@id\":\"https:\\\/\\\/wp.uisa.com.br\\\/pt-br\\\/agenda-esg\\\/#primaryimage\",\"url\":\"https:\\\/\\\/wp.uisa.com.br\\\/wp-content\\\/uploads\\\/2024\\\/11\\\/preserva2.jpg\",\"contentUrl\":\"https:\\\/\\\/wp.uisa.com.br\\\/wp-content\\\/uploads\\\/2024\\\/11\\\/preserva2.jpg\"},{\"@type\":\"WebSite\",\"@id\":\"https:\\\/\\\/wp.uisa.com.br\\\/pt-br\\\/#website\",\"url\":\"https:\\\/\\\/wp.uisa.com.br\\\/pt-br\\\/\",\"name\":\"uisa\",\"description\":\"\",\"publisher\":{\"@id\":\"https:\\\/\\\/wp.uisa.com.br\\\/pt-br\\\/#organization\"},\"potentialAction\":[{\"@type\":\"SearchAction\",\"target\":{\"@type\":\"EntryPoint\",\"urlTemplate\":\"https:\\\/\\\/wp.uisa.com.br\\\/pt-br\\\/?s={search_term_string}\"},\"query-input\":{\"@type\":\"PropertyValueSpecification\",\"valueRequired\":true,\"valueName\":\"search_term_string\"}}],\"inLanguage\":\"pt-br\"},{\"@type\":\"Organization\",\"@id\":\"https:\\\/\\\/wp.uisa.com.br\\\/pt-br\\\/#organization\",\"name\":\"uisa\",\"url\":\"https:\\\/\\\/wp.uisa.com.br\\\/pt-br\\\/\",\"logo\":{\"@type\":\"ImageObject\",\"inLanguage\":\"pt-br\",\"@id\":\"https:\\\/\\\/wp.uisa.com.br\\\/pt-br\\\/#\\\/schema\\\/logo\\\/image\\\/\",\"url\":\"https:\\\/\\\/wp.uisa.com.br\\\/wp-content\\\/uploads\\\/2024\\\/09\\\/uisa-dark.png\",\"contentUrl\":\"https:\\\/\\\/wp.uisa.com.br\\\/wp-content\\\/uploads\\\/2024\\\/09\\\/uisa-dark.png\",\"width\":827,\"height\":171,\"caption\":\"uisa\"},\"image\":{\"@id\":\"https:\\\/\\\/wp.uisa.com.br\\\/pt-br\\\/#\\\/schema\\\/logo\\\/image\\\/\"},\"sameAs\":[\"https:\\\/\\\/www.facebook.com\\\/uisabiorrefinaria\",\"https:\\\/\\\/www.instagram.com\\\/uisabiorrefinaria\",\"https:\\\/\\\/www.linkedin.com\\\/company\\\/uisa\",\"https:\\\/\\\/www.youtube.com\\\/@uisabiorrefinaria\"]}]}<\/script>\n<!-- \/ Yoast SEO plugin. -->","yoast_head_json":{"title":"Agenda ESG","robots":{"index":"index","follow":"follow","max-snippet":"max-snippet:-1","max-image-preview":"max-image-preview:large","max-video-preview":"max-video-preview:-1"},"canonical":"https:\/\/wp.uisa.com.br\/pt-br\/agenda-esg\/","og_locale":"pt_BR","og_type":"article","og_title":"[:pt-br]Agenda ESG[:] -","og_description":"N\u00f3s somos agentes de transforma\u00e7\u00e3o Nossos valores est\u00e3o embasados no envolvimento como parceira da comunidade e investimentos para que os funcion\u00e1rios e as comunidades vizinhas valorizem o meio ambiente e participem do movimento de preserva\u00e7\u00e3o, visando trazer qualidade de vida e benef\u00edcios econ\u00f4micos, sociais e ambientais para a comunidade em que estamos inseridos, de acordo [&hellip;]","og_url":"https:\/\/wp.uisa.com.br\/pt-br\/agenda-esg\/","article_publisher":"https:\/\/www.facebook.com\/uisabiorrefinaria","article_modified_time":"2024-11-01T14:58:16+00:00","og_image":[{"width":2560,"height":1707,"url":"https:\/\/wp.uisa.com.br\/wp-content\/uploads\/2024\/11\/preserva2.jpg","type":"image\/jpeg"}],"twitter_card":"summary_large_image","twitter_misc":{"Est. tempo de leitura":"4 minutos"},"schema":{"@context":"https:\/\/schema.org","@graph":[{"@type":"WebPage","@id":"https:\/\/wp.uisa.com.br\/pt-br\/agenda-esg\/","url":"https:\/\/wp.uisa.com.br\/pt-br\/agenda-esg\/","name":"Agenda ESG","isPartOf":{"@id":"https:\/\/wp.uisa.com.br\/pt-br\/#website"},"primaryImageOfPage":{"@id":"https:\/\/wp.uisa.com.br\/pt-br\/agenda-esg\/#primaryimage"},"image":{"@id":"https:\/\/wp.uisa.com.br\/pt-br\/agenda-esg\/#primaryimage"},"thumbnailUrl":"https:\/\/wp.uisa.com.br\/wp-content\/uploads\/2024\/11\/preserva2.jpg","datePublished":"2024-11-01T14:58:15+00:00","dateModified":"2024-11-01T14:58:16+00:00","inLanguage":"pt-br","potentialAction":[{"@type":"ReadAction","target":["https:\/\/wp.uisa.com.br\/pt-br\/agenda-esg\/"]}]},{"@type":"ImageObject","inLanguage":"pt-br","@id":"https:\/\/wp.uisa.com.br\/pt-br\/agenda-esg\/#primaryimage","url":"https:\/\/wp.uisa.com.br\/wp-content\/uploads\/2024\/11\/preserva2.jpg","contentUrl":"https:\/\/wp.uisa.com.br\/wp-content\/uploads\/2024\/11\/preserva2.jpg"},{"@type":"WebSite","@id":"https:\/\/wp.uisa.com.br\/pt-br\/#website","url":"https:\/\/wp.uisa.com.br\/pt-br\/","name":"uisa","description":"","publisher":{"@id":"https:\/\/wp.uisa.com.br\/pt-br\/#organization"},"potentialAction":[{"@type":"SearchAction","target":{"@type":"EntryPoint","urlTemplate":"https:\/\/wp.uisa.com.br\/pt-br\/?s={search_term_string}"},"query-input":{"@type":"PropertyValueSpecification","valueRequired":true,"valueName":"search_term_string"}}],"inLanguage":"pt-br"},{"@type":"Organization","@id":"https:\/\/wp.uisa.com.br\/pt-br\/#organization","name":"uisa","url":"https:\/\/wp.uisa.com.br\/pt-br\/","logo":{"@type":"ImageObject","inLanguage":"pt-br","@id":"https:\/\/wp.uisa.com.br\/pt-br\/#\/schema\/logo\/image\/","url":"https:\/\/wp.uisa.com.br\/wp-content\/uploads\/2024\/09\/uisa-dark.png","contentUrl":"https:\/\/wp.uisa.com.br\/wp-content\/uploads\/2024\/09\/uisa-dark.png","width":827,"height":171,"caption":"uisa"},"image":{"@id":"https:\/\/wp.uisa.com.br\/pt-br\/#\/schema\/logo\/image\/"},"sameAs":["https:\/\/www.facebook.com\/uisabiorrefinaria","https:\/\/www.instagram.com\/uisabiorrefinaria","https:\/\/www.linkedin.com\/company\/uisa","https:\/\/www.youtube.com\/@uisabiorrefinaria"]}]}},"featured_image_src":null,"featured_image_src_square":null,"_links":{"self":[{"href":"https:\/\/wp.uisa.com.br\/pt-br\/wp-json\/wp\/v2\/pages\/971","targetHints":{"allow":["GET"]}}],"collection":[{"href":"https:\/\/wp.uisa.com.br\/pt-br\/wp-json\/wp\/v2\/pages"}],"about":[{"href":"https:\/\/wp.uisa.com.br\/pt-br\/wp-json\/wp\/v2\/types\/page"}],"author":[{"embeddable":true,"href":"https:\/\/wp.uisa.com.br\/pt-br\/wp-json\/wp\/v2\/users\/3"}],"replies":[{"embeddable":true,"href":"https:\/\/wp.uisa.com.br\/pt-br\/wp-json\/wp\/v2\/comments?post=971"}],"version-history":[{"count":1,"href":"https:\/\/wp.uisa.com.br\/pt-br\/wp-json\/wp\/v2\/pages\/971\/revisions"}],"predecessor-version":[{"id":984,"href":"https:\/\/wp.uisa.com.br\/pt-br\/wp-json\/wp\/v2\/pages\/971\/revisions\/984"}],"wp:attachment":[{"href":"https:\/\/wp.uisa.com.br\/pt-br\/wp-json\/wp\/v2\/media?parent=971"}],"curies":[{"name":"wp","href":"https:\/\/api.w.org\/{rel}","templated":true}]}}