{"id":985,"date":"2024-11-01T15:09:10","date_gmt":"2024-11-01T15:09:10","guid":{"rendered":"https:\/\/wp.uisa.com.br\/pt-br\/?page_id=985"},"modified":"2024-11-01T15:09:10","modified_gmt":"2024-11-01T15:09:10","slug":"meio-ambiente","status":"publish","type":"page","link":"https:\/\/wp.uisa.com.br\/pt-br\/meio-ambiente\/","title":{"rendered":"Meio Ambiente"},"content":{"rendered":"\n<figure class=\"wp-block-image size-full\"><img loading=\"lazy\" decoding=\"async\" width=\"2560\" height=\"1028\" src=\"https:\/\/wp.uisa.com.br\/wp-content\/uploads\/2024\/11\/Esquilo-melhorada.jpg\" alt=\"\" class=\"wp-image-986\" srcset=\"https:\/\/wp.uisa.com.br\/wp-content\/uploads\/2024\/11\/Esquilo-melhorada.jpg 2560w, https:\/\/wp.uisa.com.br\/wp-content\/uploads\/2024\/11\/Esquilo-melhorada-300x120.jpg 300w, https:\/\/wp.uisa.com.br\/wp-content\/uploads\/2024\/11\/Esquilo-melhorada-1024x411.jpg 1024w, https:\/\/wp.uisa.com.br\/wp-content\/uploads\/2024\/11\/Esquilo-melhorada-768x308.jpg 768w, https:\/\/wp.uisa.com.br\/wp-content\/uploads\/2024\/11\/Esquilo-melhorada-1536x617.jpg 1536w, https:\/\/wp.uisa.com.br\/wp-content\/uploads\/2024\/11\/Esquilo-melhorada-2048x822.jpg 2048w\" sizes=\"auto, (max-width: 2560px) 100vw, 2560px\" \/><\/figure>\n\n\n\n<h2 class=\"wp-block-heading\">Nossos eixos de atua\u00e7\u00e3o<\/h2>\n\n\n\n<h3 class=\"wp-block-heading\">Mudan\u00e7as clim\u00e1ticas<\/h3>\n\n\n\n<p>Essa \u00e9 uma miss\u00e3o de todos n\u00f3s. Para lidar com os desafios das mudan\u00e7as clim\u00e1ticas, nossa governan\u00e7a corporativa avalia os riscos e impactos econ\u00f4micos e socioambientais pautada nas pr\u00e1ticas ambientais, sociais e de governan\u00e7a corporativa (ESG) e nos Objetivos de Desenvolvimento Sustent\u00e1vel (ODS) da ONU.<\/p>\n\n\n\n<figure class=\"wp-block-image size-full\"><img loading=\"lazy\" decoding=\"async\" width=\"1200\" height=\"675\" src=\"https:\/\/wp.uisa.com.br\/wp-content\/uploads\/2024\/11\/mudancasClimaticas.jpg\" alt=\"\" class=\"wp-image-987\" srcset=\"https:\/\/wp.uisa.com.br\/wp-content\/uploads\/2024\/11\/mudancasClimaticas.jpg 1200w, https:\/\/wp.uisa.com.br\/wp-content\/uploads\/2024\/11\/mudancasClimaticas-300x169.jpg 300w, https:\/\/wp.uisa.com.br\/wp-content\/uploads\/2024\/11\/mudancasClimaticas-1024x576.jpg 1024w, https:\/\/wp.uisa.com.br\/wp-content\/uploads\/2024\/11\/mudancasClimaticas-768x432.jpg 768w\" sizes=\"auto, (max-width: 1200px) 100vw, 1200px\" \/><\/figure>\n\n\n\n<h3 class=\"wp-block-heading\">Capital natural<\/h3>\n\n\n\n<p>Para cada aspecto do meio ambiente, a Uisa tem implantado um plano de a\u00e7\u00e3o. Por isso, estabelecemos a preserva\u00e7\u00e3o das fontes h\u00eddricas como uma de nossas prioridades. J\u00e1 o nosso Plano de Conserva\u00e7\u00e3o da Biodiversidade contempla v\u00e1rias frentes, sendo uma delas o monitoramento da fauna em nossas \u00e1reas de influ\u00eancia.<\/p>\n\n\n\n<figure class=\"wp-block-image size-full\"><img loading=\"lazy\" decoding=\"async\" width=\"1200\" height=\"900\" src=\"https:\/\/wp.uisa.com.br\/wp-content\/uploads\/2024\/11\/capitalNatural.jpg\" alt=\"\" class=\"wp-image-988\" srcset=\"https:\/\/wp.uisa.com.br\/wp-content\/uploads\/2024\/11\/capitalNatural.jpg 1200w, https:\/\/wp.uisa.com.br\/wp-content\/uploads\/2024\/11\/capitalNatural-300x225.jpg 300w, https:\/\/wp.uisa.com.br\/wp-content\/uploads\/2024\/11\/capitalNatural-1024x768.jpg 1024w, https:\/\/wp.uisa.com.br\/wp-content\/uploads\/2024\/11\/capitalNatural-768x576.jpg 768w\" sizes=\"auto, (max-width: 1200px) 100vw, 1200px\" \/><\/figure>\n\n\n\n<h3 class=\"wp-block-heading\">Economia circular<\/h3>\n\n\n\n<p>Aqui na uisa, a cana-de-a\u00e7\u00facar, nossa mat\u00e9ria-prima, tem 100% de aproveitamento. O que seria res\u00edduo, para n\u00f3s s\u00e3o novos bioprodutos. Nada se descarta. A biomassa da cana transforma-se em energia el\u00e9trica e em volumoso para levedura.<\/p>\n\n\n\n<figure class=\"wp-block-image size-full\"><img loading=\"lazy\" decoding=\"async\" width=\"1200\" height=\"800\" src=\"https:\/\/wp.uisa.com.br\/wp-content\/uploads\/2024\/11\/economiaCircular.jpg\" alt=\"\" class=\"wp-image-989\" srcset=\"https:\/\/wp.uisa.com.br\/wp-content\/uploads\/2024\/11\/economiaCircular.jpg 1200w, https:\/\/wp.uisa.com.br\/wp-content\/uploads\/2024\/11\/economiaCircular-300x200.jpg 300w, https:\/\/wp.uisa.com.br\/wp-content\/uploads\/2024\/11\/economiaCircular-1024x683.jpg 1024w, https:\/\/wp.uisa.com.br\/wp-content\/uploads\/2024\/11\/economiaCircular-768x512.jpg 768w\" sizes=\"auto, (max-width: 1200px) 100vw, 1200px\" \/><\/figure>\n\n\n\n<h3 class=\"wp-block-heading\">Agricultura regenerativa<\/h3>\n\n\n\n<p>A uisa \u00e9 a primeira empresa do setor sucroenerg\u00e9tico brasileiro a receber a certifica\u00e7\u00e3o Regenagri. A certifica\u00e7\u00e3o atesta que a produ\u00e7\u00e3o de cana-de-a\u00e7\u00facar da Companhia \u00e9 fruto de agricultura regenerativa que aumenta a mat\u00e9ria org\u00e2nica do solo, preserva a biodiversidade, usa sustentavelmente a \u00e1gua, reduz as emiss\u00f5es de gases de efeito estufa (GEE) e sequestra CO2.<\/p>\n\n\n\n<figure class=\"wp-block-image size-full is-resized\"><img loading=\"lazy\" decoding=\"async\" width=\"1200\" height=\"800\" src=\"https:\/\/wp.uisa.com.br\/wp-content\/uploads\/2024\/11\/agriRegenerativa.jpg\" alt=\"\" class=\"wp-image-990\" style=\"width:984px;height:auto\" srcset=\"https:\/\/wp.uisa.com.br\/wp-content\/uploads\/2024\/11\/agriRegenerativa.jpg 1200w, https:\/\/wp.uisa.com.br\/wp-content\/uploads\/2024\/11\/agriRegenerativa-300x200.jpg 300w, https:\/\/wp.uisa.com.br\/wp-content\/uploads\/2024\/11\/agriRegenerativa-1024x683.jpg 1024w, https:\/\/wp.uisa.com.br\/wp-content\/uploads\/2024\/11\/agriRegenerativa-768x512.jpg 768w\" sizes=\"auto, (max-width: 1200px) 100vw, 1200px\" \/><\/figure>\n\n\n\n<h2 class=\"wp-block-heading\">Preservamos e protegemos a natureza<\/h2>\n\n\n\n<p>Avaliamos, controlamos, minimizamos os impactos ambientais de nossas opera\u00e7\u00f5es. Nos orgulhamos por sermos mundialmente reconhecidos por esta atua\u00e7\u00e3o.<\/p>\n\n\n\n<ul class=\"wp-block-list\">\n<li>34 mil hectares de vegeta\u00e7\u00e3o nativa conservados.<\/li>\n\n\n\n<li>Colheita 100% mecanizada e crua.<\/li>\n\n\n\n<li>94% dos res\u00edduos gerados s\u00e3o reutilizados ou reciclados.<\/li>\n\n\n\n<li>100% das opera\u00e7\u00f5es certificadas.<\/li>\n\n\n\n<li>Produtos fabricados com energia limpa e renov\u00e1vel.<\/li>\n\n\n\n<li>Opera\u00e7\u00f5es em baixo \u00edndice de estresse h\u00eddrico.<\/li>\n<\/ul>\n\n\n\n<h2 class=\"wp-block-heading\"><strong>#FeedAnimal<\/strong><\/h2>\n\n\n\n<figure class=\"wp-block-gallery has-nested-images columns-default is-cropped wp-block-gallery-1 is-layout-flex wp-block-gallery-is-layout-flex\">\n<figure class=\"wp-block-image size-large\"><img loading=\"lazy\" decoding=\"async\" width=\"700\" height=\"467\" data-id=\"991\" src=\"https:\/\/wp.uisa.com.br\/wp-content\/uploads\/2024\/11\/4I7A9262.jpg\" alt=\"\" class=\"wp-image-991\" srcset=\"https:\/\/wp.uisa.com.br\/wp-content\/uploads\/2024\/11\/4I7A9262.jpg 700w, https:\/\/wp.uisa.com.br\/wp-content\/uploads\/2024\/11\/4I7A9262-300x200.jpg 300w\" sizes=\"auto, (max-width: 700px) 100vw, 700px\" \/><\/figure>\n<\/figure>\n\n\n\n<figure class=\"wp-block-gallery has-nested-images columns-default is-cropped wp-block-gallery-2 is-layout-flex wp-block-gallery-is-layout-flex\">\n<figure class=\"wp-block-image size-large\"><img loading=\"lazy\" decoding=\"async\" width=\"700\" height=\"394\" data-id=\"992\" src=\"https:\/\/wp.uisa.com.br\/wp-content\/uploads\/2024\/11\/UISA-517.jpg\" alt=\"\" class=\"wp-image-992\" srcset=\"https:\/\/wp.uisa.com.br\/wp-content\/uploads\/2024\/11\/UISA-517.jpg 700w, https:\/\/wp.uisa.com.br\/wp-content\/uploads\/2024\/11\/UISA-517-300x169.jpg 300w\" sizes=\"auto, (max-width: 700px) 100vw, 700px\" \/><\/figure>\n\n\n\n<figure class=\"wp-block-image size-large\"><img loading=\"lazy\" decoding=\"async\" width=\"700\" height=\"525\" data-id=\"1000\" src=\"https:\/\/wp.uisa.com.br\/wp-content\/uploads\/2024\/11\/PTDC0830.jpg\" alt=\"\" class=\"wp-image-1000\" srcset=\"https:\/\/wp.uisa.com.br\/wp-content\/uploads\/2024\/11\/PTDC0830.jpg 700w, https:\/\/wp.uisa.com.br\/wp-content\/uploads\/2024\/11\/PTDC0830-300x225.jpg 300w\" sizes=\"auto, (max-width: 700px) 100vw, 700px\" \/><\/figure>\n\n\n\n<figure class=\"wp-block-image size-large\"><img loading=\"lazy\" decoding=\"async\" width=\"700\" height=\"525\" data-id=\"999\" src=\"https:\/\/wp.uisa.com.br\/wp-content\/uploads\/2024\/11\/PTDC0211.jpg\" alt=\"\" class=\"wp-image-999\" srcset=\"https:\/\/wp.uisa.com.br\/wp-content\/uploads\/2024\/11\/PTDC0211.jpg 700w, https:\/\/wp.uisa.com.br\/wp-content\/uploads\/2024\/11\/PTDC0211-300x225.jpg 300w\" sizes=\"auto, (max-width: 700px) 100vw, 700px\" \/><\/figure>\n\n\n\n<figure class=\"wp-block-image size-large\"><img loading=\"lazy\" decoding=\"async\" width=\"700\" height=\"525\" data-id=\"998\" src=\"https:\/\/wp.uisa.com.br\/wp-content\/uploads\/2024\/11\/PTDC0163.jpg\" alt=\"\" class=\"wp-image-998\" srcset=\"https:\/\/wp.uisa.com.br\/wp-content\/uploads\/2024\/11\/PTDC0163.jpg 700w, https:\/\/wp.uisa.com.br\/wp-content\/uploads\/2024\/11\/PTDC0163-300x225.jpg 300w\" sizes=\"auto, (max-width: 700px) 100vw, 700px\" \/><\/figure>\n\n\n\n<figure class=\"wp-block-image size-large\"><img loading=\"lazy\" decoding=\"async\" width=\"700\" height=\"525\" data-id=\"996\" src=\"https:\/\/wp.uisa.com.br\/wp-content\/uploads\/2024\/11\/Oxyrophus-petolarius.jpg\" alt=\"\" class=\"wp-image-996\" srcset=\"https:\/\/wp.uisa.com.br\/wp-content\/uploads\/2024\/11\/Oxyrophus-petolarius.jpg 700w, https:\/\/wp.uisa.com.br\/wp-content\/uploads\/2024\/11\/Oxyrophus-petolarius-300x225.jpg 300w\" sizes=\"auto, (max-width: 700px) 100vw, 700px\" \/><\/figure>\n\n\n\n<figure class=\"wp-block-image size-large\"><img loading=\"lazy\" decoding=\"async\" width=\"700\" height=\"525\" data-id=\"994\" src=\"https:\/\/wp.uisa.com.br\/wp-content\/uploads\/2024\/11\/M.-melanurus_IMG_3212.jpg\" alt=\"\" class=\"wp-image-994\" srcset=\"https:\/\/wp.uisa.com.br\/wp-content\/uploads\/2024\/11\/M.-melanurus_IMG_3212.jpg 700w, https:\/\/wp.uisa.com.br\/wp-content\/uploads\/2024\/11\/M.-melanurus_IMG_3212-300x225.jpg 300w\" sizes=\"auto, (max-width: 700px) 100vw, 700px\" \/><\/figure>\n\n\n\n<figure class=\"wp-block-image size-large\"><img loading=\"lazy\" decoding=\"async\" width=\"700\" height=\"525\" data-id=\"993\" src=\"https:\/\/wp.uisa.com.br\/wp-content\/uploads\/2024\/11\/DSCN8576.jpg\" alt=\"\" class=\"wp-image-993\" srcset=\"https:\/\/wp.uisa.com.br\/wp-content\/uploads\/2024\/11\/DSCN8576.jpg 700w, https:\/\/wp.uisa.com.br\/wp-content\/uploads\/2024\/11\/DSCN8576-300x225.jpg 300w\" sizes=\"auto, (max-width: 700px) 100vw, 700px\" \/><\/figure>\n\n\n\n<figure class=\"wp-block-image size-large\"><img loading=\"lazy\" decoding=\"async\" width=\"700\" height=\"525\" data-id=\"997\" src=\"https:\/\/wp.uisa.com.br\/wp-content\/uploads\/2024\/11\/Bothrops-moojeni.jpg\" alt=\"\" class=\"wp-image-997\" srcset=\"https:\/\/wp.uisa.com.br\/wp-content\/uploads\/2024\/11\/Bothrops-moojeni.jpg 700w, https:\/\/wp.uisa.com.br\/wp-content\/uploads\/2024\/11\/Bothrops-moojeni-300x225.jpg 300w\" sizes=\"auto, (max-width: 700px) 100vw, 700px\" \/><\/figure>\n\n\n\n<figure class=\"wp-block-image size-large\"><img loading=\"lazy\" decoding=\"async\" width=\"700\" height=\"525\" data-id=\"995\" src=\"https:\/\/wp.uisa.com.br\/wp-content\/uploads\/2024\/11\/B.-albopunctata-3.jpg\" alt=\"\" class=\"wp-image-995\" srcset=\"https:\/\/wp.uisa.com.br\/wp-content\/uploads\/2024\/11\/B.-albopunctata-3.jpg 700w, https:\/\/wp.uisa.com.br\/wp-content\/uploads\/2024\/11\/B.-albopunctata-3-300x225.jpg 300w\" sizes=\"auto, (max-width: 700px) 100vw, 700px\" \/><\/figure>\n<\/figure>\n\n\n\n<figure class=\"wp-block-gallery has-nested-images columns-default is-cropped wp-block-gallery-3 is-layout-flex wp-block-gallery-is-layout-flex\">\n<figure class=\"wp-block-image size-large\"><img loading=\"lazy\" decoding=\"async\" width=\"472\" height=\"334\" data-id=\"1002\" src=\"https:\/\/wp.uisa.com.br\/wp-content\/uploads\/2024\/11\/OVO.jpg\" alt=\"\" class=\"wp-image-1002\" srcset=\"https:\/\/wp.uisa.com.br\/wp-content\/uploads\/2024\/11\/OVO.jpg 472w, https:\/\/wp.uisa.com.br\/wp-content\/uploads\/2024\/11\/OVO-300x212.jpg 300w\" sizes=\"auto, (max-width: 472px) 100vw, 472px\" \/><\/figure>\n\n\n\n<figure class=\"wp-block-image size-large\"><img loading=\"lazy\" decoding=\"async\" width=\"436\" height=\"581\" data-id=\"1003\" src=\"https:\/\/wp.uisa.com.br\/wp-content\/uploads\/2024\/11\/IMG_3017.jpg\" alt=\"\" class=\"wp-image-1003\" srcset=\"https:\/\/wp.uisa.com.br\/wp-content\/uploads\/2024\/11\/IMG_3017.jpg 436w, https:\/\/wp.uisa.com.br\/wp-content\/uploads\/2024\/11\/IMG_3017-225x300.jpg 225w\" sizes=\"auto, (max-width: 436px) 100vw, 436px\" \/><\/figure>\n\n\n\n<figure class=\"wp-block-image size-large\"><img loading=\"lazy\" decoding=\"async\" width=\"630\" height=\"440\" data-id=\"1001\" src=\"https:\/\/wp.uisa.com.br\/wp-content\/uploads\/2024\/11\/Imagem3.jpg\" alt=\"\" class=\"wp-image-1001\" srcset=\"https:\/\/wp.uisa.com.br\/wp-content\/uploads\/2024\/11\/Imagem3.jpg 630w, https:\/\/wp.uisa.com.br\/wp-content\/uploads\/2024\/11\/Imagem3-300x210.jpg 300w\" sizes=\"auto, (max-width: 630px) 100vw, 630px\" \/><\/figure>\n\n\n\n<figure class=\"wp-block-image size-large\"><img loading=\"lazy\" decoding=\"async\" width=\"699\" height=\"524\" data-id=\"1005\" src=\"https:\/\/wp.uisa.com.br\/wp-content\/uploads\/2024\/11\/DSCN9018.jpg\" alt=\"\" class=\"wp-image-1005\" srcset=\"https:\/\/wp.uisa.com.br\/wp-content\/uploads\/2024\/11\/DSCN9018.jpg 699w, https:\/\/wp.uisa.com.br\/wp-content\/uploads\/2024\/11\/DSCN9018-300x225.jpg 300w\" sizes=\"auto, (max-width: 699px) 100vw, 699px\" \/><\/figure>\n\n\n\n<figure class=\"wp-block-image size-large\"><img loading=\"lazy\" decoding=\"async\" width=\"699\" height=\"524\" data-id=\"1004\" src=\"https:\/\/wp.uisa.com.br\/wp-content\/uploads\/2024\/11\/DSCN8704.jpg\" alt=\"\" class=\"wp-image-1004\" srcset=\"https:\/\/wp.uisa.com.br\/wp-content\/uploads\/2024\/11\/DSCN8704.jpg 699w, https:\/\/wp.uisa.com.br\/wp-content\/uploads\/2024\/11\/DSCN8704-300x225.jpg 300w\" sizes=\"auto, (max-width: 699px) 100vw, 699px\" \/><\/figure>\n<\/figure>\n","protected":false},"excerpt":{"rendered":"<p>Nossos eixos de atua\u00e7\u00e3o Mudan\u00e7as clim\u00e1ticas Essa \u00e9 uma miss\u00e3o de todos n\u00f3s. Para lidar com os desafios das mudan\u00e7as clim\u00e1ticas, nossa governan\u00e7a corporativa avalia os riscos e impactos econ\u00f4micos e socioambientais pautada nas pr\u00e1ticas ambientais, sociais e de governan\u00e7a corporativa (ESG) e nos Objetivos de Desenvolvimento Sustent\u00e1vel (ODS) da ONU. Capital natural Para cada [&hellip;]<\/p>\n","protected":false},"author":3,"featured_media":0,"parent":0,"menu_order":0,"comment_status":"closed","ping_status":"closed","template":"","meta":{"footnotes":""},"class_list":["post-985","page","type-page","status-publish","hentry"],"yoast_head":"<!-- This site is optimized with the Yoast SEO plugin v27.6 - https:\/\/yoast.com\/product\/yoast-seo-wordpress\/ -->\n<title>Meio Ambiente<\/title>\n<meta name=\"robots\" content=\"index, follow, max-snippet:-1, max-image-preview:large, max-video-preview:-1\" \/>\n<link rel=\"canonical\" href=\"https:\/\/wp.uisa.com.br\/pt-br\/meio-ambiente\/\" \/>\n<meta property=\"og:locale\" content=\"pt_BR\" \/>\n<meta property=\"og:locale:alternate\" content=\"en_US\" \/>\n<meta property=\"og:type\" content=\"article\" \/>\n<meta property=\"og:title\" content=\"Meio Ambiente\" \/>\n<meta property=\"og:description\" content=\"Nossos eixos de atua\u00e7\u00e3o Mudan\u00e7as clim\u00e1ticas Essa \u00e9 uma miss\u00e3o de todos n\u00f3s. Para lidar com os desafios das mudan\u00e7as clim\u00e1ticas, nossa governan\u00e7a corporativa avalia os riscos e impactos econ\u00f4micos e socioambientais pautada nas pr\u00e1ticas ambientais, sociais e de governan\u00e7a corporativa (ESG) e nos Objetivos de Desenvolvimento Sustent\u00e1vel (ODS) da ONU. Capital natural Para cada [&hellip;]\" \/>\n<meta property=\"og:url\" content=\"https:\/\/wp.uisa.com.br\/pt-br\/meio-ambiente\/\" \/>\n<meta property=\"article:publisher\" content=\"https:\/\/www.facebook.com\/uisabiorrefinaria\" \/>\n<meta property=\"og:image\" content=\"https:\/\/wp.uisa.com.br\/wp-content\/uploads\/2024\/11\/Esquilo-melhorada.jpg\" \/>\n\t<meta property=\"og:image:width\" content=\"2560\" \/>\n\t<meta property=\"og:image:height\" content=\"1028\" \/>\n\t<meta property=\"og:image:type\" content=\"image\/jpeg\" \/>\n<meta name=\"twitter:card\" content=\"summary_large_image\" \/>\n<meta name=\"twitter:label1\" content=\"Est. tempo de leitura\" \/>\n\t<meta name=\"twitter:data1\" content=\"6 minutos\" \/>\n<script type=\"application\/ld+json\" class=\"yoast-schema-graph\">{\"@context\":\"https:\\\/\\\/schema.org\",\"@graph\":[{\"@type\":\"WebPage\",\"@id\":\"https:\\\/\\\/wp.uisa.com.br\\\/pt-br\\\/meio-ambiente\\\/\",\"url\":\"https:\\\/\\\/wp.uisa.com.br\\\/pt-br\\\/meio-ambiente\\\/\",\"name\":\"Meio Ambiente\",\"isPartOf\":{\"@id\":\"https:\\\/\\\/wp.uisa.com.br\\\/pt-br\\\/#website\"},\"primaryImageOfPage\":{\"@id\":\"https:\\\/\\\/wp.uisa.com.br\\\/pt-br\\\/meio-ambiente\\\/#primaryimage\"},\"image\":{\"@id\":\"https:\\\/\\\/wp.uisa.com.br\\\/pt-br\\\/meio-ambiente\\\/#primaryimage\"},\"thumbnailUrl\":\"https:\\\/\\\/wp.uisa.com.br\\\/wp-content\\\/uploads\\\/2024\\\/11\\\/Esquilo-melhorada.jpg\",\"datePublished\":\"2024-11-01T15:09:10+00:00\",\"inLanguage\":\"pt-br\",\"potentialAction\":[{\"@type\":\"ReadAction\",\"target\":[\"https:\\\/\\\/wp.uisa.com.br\\\/pt-br\\\/meio-ambiente\\\/\"]}]},{\"@type\":\"ImageObject\",\"inLanguage\":\"pt-br\",\"@id\":\"https:\\\/\\\/wp.uisa.com.br\\\/pt-br\\\/meio-ambiente\\\/#primaryimage\",\"url\":\"https:\\\/\\\/wp.uisa.com.br\\\/wp-content\\\/uploads\\\/2024\\\/11\\\/Esquilo-melhorada.jpg\",\"contentUrl\":\"https:\\\/\\\/wp.uisa.com.br\\\/wp-content\\\/uploads\\\/2024\\\/11\\\/Esquilo-melhorada.jpg\"},{\"@type\":\"WebSite\",\"@id\":\"https:\\\/\\\/wp.uisa.com.br\\\/pt-br\\\/#website\",\"url\":\"https:\\\/\\\/wp.uisa.com.br\\\/pt-br\\\/\",\"name\":\"uisa\",\"description\":\"\",\"publisher\":{\"@id\":\"https:\\\/\\\/wp.uisa.com.br\\\/pt-br\\\/#organization\"},\"potentialAction\":[{\"@type\":\"SearchAction\",\"target\":{\"@type\":\"EntryPoint\",\"urlTemplate\":\"https:\\\/\\\/wp.uisa.com.br\\\/pt-br\\\/?s={search_term_string}\"},\"query-input\":{\"@type\":\"PropertyValueSpecification\",\"valueRequired\":true,\"valueName\":\"search_term_string\"}}],\"inLanguage\":\"pt-br\"},{\"@type\":\"Organization\",\"@id\":\"https:\\\/\\\/wp.uisa.com.br\\\/pt-br\\\/#organization\",\"name\":\"uisa\",\"url\":\"https:\\\/\\\/wp.uisa.com.br\\\/pt-br\\\/\",\"logo\":{\"@type\":\"ImageObject\",\"inLanguage\":\"pt-br\",\"@id\":\"https:\\\/\\\/wp.uisa.com.br\\\/pt-br\\\/#\\\/schema\\\/logo\\\/image\\\/\",\"url\":\"https:\\\/\\\/wp.uisa.com.br\\\/wp-content\\\/uploads\\\/2024\\\/09\\\/uisa-dark.png\",\"contentUrl\":\"https:\\\/\\\/wp.uisa.com.br\\\/wp-content\\\/uploads\\\/2024\\\/09\\\/uisa-dark.png\",\"width\":827,\"height\":171,\"caption\":\"uisa\"},\"image\":{\"@id\":\"https:\\\/\\\/wp.uisa.com.br\\\/pt-br\\\/#\\\/schema\\\/logo\\\/image\\\/\"},\"sameAs\":[\"https:\\\/\\\/www.facebook.com\\\/uisabiorrefinaria\",\"https:\\\/\\\/www.instagram.com\\\/uisabiorrefinaria\",\"https:\\\/\\\/www.linkedin.com\\\/company\\\/uisa\",\"https:\\\/\\\/www.youtube.com\\\/@uisabiorrefinaria\"]}]}<\/script>\n<!-- \/ Yoast SEO plugin. -->","yoast_head_json":{"title":"Meio Ambiente","robots":{"index":"index","follow":"follow","max-snippet":"max-snippet:-1","max-image-preview":"max-image-preview:large","max-video-preview":"max-video-preview:-1"},"canonical":"https:\/\/wp.uisa.com.br\/pt-br\/meio-ambiente\/","og_locale":"pt_BR","og_type":"article","og_title":"[:pt-br]Meio Ambiente[:] -","og_description":"Nossos eixos de atua\u00e7\u00e3o Mudan\u00e7as clim\u00e1ticas Essa \u00e9 uma miss\u00e3o de todos n\u00f3s. Para lidar com os desafios das mudan\u00e7as clim\u00e1ticas, nossa governan\u00e7a corporativa avalia os riscos e impactos econ\u00f4micos e socioambientais pautada nas pr\u00e1ticas ambientais, sociais e de governan\u00e7a corporativa (ESG) e nos Objetivos de Desenvolvimento Sustent\u00e1vel (ODS) da ONU. Capital natural Para cada [&hellip;]","og_url":"https:\/\/wp.uisa.com.br\/pt-br\/meio-ambiente\/","article_publisher":"https:\/\/www.facebook.com\/uisabiorrefinaria","og_image":[{"width":2560,"height":1028,"url":"https:\/\/wp.uisa.com.br\/wp-content\/uploads\/2024\/11\/Esquilo-melhorada.jpg","type":"image\/jpeg"}],"twitter_card":"summary_large_image","twitter_misc":{"Est. tempo de leitura":"6 minutos"},"schema":{"@context":"https:\/\/schema.org","@graph":[{"@type":"WebPage","@id":"https:\/\/wp.uisa.com.br\/pt-br\/meio-ambiente\/","url":"https:\/\/wp.uisa.com.br\/pt-br\/meio-ambiente\/","name":"Meio Ambiente","isPartOf":{"@id":"https:\/\/wp.uisa.com.br\/pt-br\/#website"},"primaryImageOfPage":{"@id":"https:\/\/wp.uisa.com.br\/pt-br\/meio-ambiente\/#primaryimage"},"image":{"@id":"https:\/\/wp.uisa.com.br\/pt-br\/meio-ambiente\/#primaryimage"},"thumbnailUrl":"https:\/\/wp.uisa.com.br\/wp-content\/uploads\/2024\/11\/Esquilo-melhorada.jpg","datePublished":"2024-11-01T15:09:10+00:00","inLanguage":"pt-br","potentialAction":[{"@type":"ReadAction","target":["https:\/\/wp.uisa.com.br\/pt-br\/meio-ambiente\/"]}]},{"@type":"ImageObject","inLanguage":"pt-br","@id":"https:\/\/wp.uisa.com.br\/pt-br\/meio-ambiente\/#primaryimage","url":"https:\/\/wp.uisa.com.br\/wp-content\/uploads\/2024\/11\/Esquilo-melhorada.jpg","contentUrl":"https:\/\/wp.uisa.com.br\/wp-content\/uploads\/2024\/11\/Esquilo-melhorada.jpg"},{"@type":"WebSite","@id":"https:\/\/wp.uisa.com.br\/pt-br\/#website","url":"https:\/\/wp.uisa.com.br\/pt-br\/","name":"uisa","description":"","publisher":{"@id":"https:\/\/wp.uisa.com.br\/pt-br\/#organization"},"potentialAction":[{"@type":"SearchAction","target":{"@type":"EntryPoint","urlTemplate":"https:\/\/wp.uisa.com.br\/pt-br\/?s={search_term_string}"},"query-input":{"@type":"PropertyValueSpecification","valueRequired":true,"valueName":"search_term_string"}}],"inLanguage":"pt-br"},{"@type":"Organization","@id":"https:\/\/wp.uisa.com.br\/pt-br\/#organization","name":"uisa","url":"https:\/\/wp.uisa.com.br\/pt-br\/","logo":{"@type":"ImageObject","inLanguage":"pt-br","@id":"https:\/\/wp.uisa.com.br\/pt-br\/#\/schema\/logo\/image\/","url":"https:\/\/wp.uisa.com.br\/wp-content\/uploads\/2024\/09\/uisa-dark.png","contentUrl":"https:\/\/wp.uisa.com.br\/wp-content\/uploads\/2024\/09\/uisa-dark.png","width":827,"height":171,"caption":"uisa"},"image":{"@id":"https:\/\/wp.uisa.com.br\/pt-br\/#\/schema\/logo\/image\/"},"sameAs":["https:\/\/www.facebook.com\/uisabiorrefinaria","https:\/\/www.instagram.com\/uisabiorrefinaria","https:\/\/www.linkedin.com\/company\/uisa","https:\/\/www.youtube.com\/@uisabiorrefinaria"]}]}},"featured_image_src":null,"featured_image_src_square":null,"_links":{"self":[{"href":"https:\/\/wp.uisa.com.br\/pt-br\/wp-json\/wp\/v2\/pages\/985","targetHints":{"allow":["GET"]}}],"collection":[{"href":"https:\/\/wp.uisa.com.br\/pt-br\/wp-json\/wp\/v2\/pages"}],"about":[{"href":"https:\/\/wp.uisa.com.br\/pt-br\/wp-json\/wp\/v2\/types\/page"}],"author":[{"embeddable":true,"href":"https:\/\/wp.uisa.com.br\/pt-br\/wp-json\/wp\/v2\/users\/3"}],"replies":[{"embeddable":true,"href":"https:\/\/wp.uisa.com.br\/pt-br\/wp-json\/wp\/v2\/comments?post=985"}],"version-history":[{"count":1,"href":"https:\/\/wp.uisa.com.br\/pt-br\/wp-json\/wp\/v2\/pages\/985\/revisions"}],"predecessor-version":[{"id":1006,"href":"https:\/\/wp.uisa.com.br\/pt-br\/wp-json\/wp\/v2\/pages\/985\/revisions\/1006"}],"wp:attachment":[{"href":"https:\/\/wp.uisa.com.br\/pt-br\/wp-json\/wp\/v2\/media?parent=985"}],"curies":[{"name":"wp","href":"https:\/\/api.w.org\/{rel}","templated":true}]}}